{"id":8204,"date":"2023-01-06T11:19:46","date_gmt":"2023-01-06T11:19:46","guid":{"rendered":"https:\/\/www.lagooni.com\/?post_type=product&#038;p=8204"},"modified":"2026-03-24T17:17:35","modified_gmt":"2026-03-24T16:17:35","slug":"lagooni-trip-kopie","status":"publish","type":"product","link":"https:\/\/www.lagooni.com\/de\/produkt\/lagooni-trip-kopie\/","title":{"rendered":"Lagooni Trip Extra"},"content":{"rendered":"<p><em>Diese Angaben sind nur ein Richtwert und h\u00e4ngen stark von der Konfiguration und Einstellung ab.<\/em><\/p>\n<p>&nbsp;<\/p>\n<ul>\n<li>Rollstuhlbreite einschlie\u00dflich R\u00e4der 73-77 cm<\/li>\n<li>Sitzbreite 48-50-50-54 cm<\/li>\n<li>Sitzh\u00f6he vom Boden bis zur Oberkante des Sitzes 42-51 cm<\/li>\n<li>L\u00e4nge des Rollstuhls ca. 79 cm<\/li>\n<li>Gewicht des Rollstuhls ca. 18 kg<\/li>\n<li>Zul\u00e4ssiges Gewicht 150 kg<\/li>\n<li>Empfohlener Abstand von der Wand zum Toilettenrand n.z.<\/li>\n<li>H\u00f6he der Toilette n.z.<\/li>\n<\/ul>\n<p id=\"tw-target-text\" class=\"tw-data-text tw-text-large XcVN5d tw-ta\" dir=\"ltr\" data-placeholder=\"Vertaling\">\n","protected":false},"excerpt":{"rendered":"<h3>Anwendungen<\/h3>\n<ul>\n<li>Duschnutzung<\/li>\n<li>Toilettenverwendung (nicht fahrbar \u00fcber die Toilette)<\/li>\n<li>Stolpern (Fortbewegung mit Armen und\/oder Beinen)<\/li>\n<li>H\u00fcftbreite 48-54 cm<\/li>\n<li>Dekubitus-Pr\u00e4vention<\/li>\n<li>Inkontinenz-Pr\u00e4vention<\/li>\n<li>Verminderte Rumpfstabilit\u00e4t<\/li>\n<li>Einschr\u00e4nkung des H\u00fcftwinkels<\/li>\n<li>Amputation<\/li>\n<li>Unterschiedliche K\u00f6rperl\u00e4nge<\/li>\n<li>Individuelle Anpassung<\/li>\n<\/ul>\n<h3>Handbetriebener, breiter Dusch-Toiletten-Rollstuhl mit Einstellm\u00f6glichkeiten und geeignet zum Trippeln<\/h3>\n<p>Der handbetriebene Lagooni Trip Extra ist ein kompakter und wendiger Duschrollstuhl. Der Rahmen besteht aus Aluminium in Kombination mit rostfreiem Stahl (Edelstahl). Diese Materialkombination macht den Dusch-Toilettenstuhl leicht und zugleich wasserfest! Der Lagooni Trip ist speziell zum Trippeln konzipiert, aber auch hervorragend geeignet, um sich selbstst\u00e4ndig mit Hilfe eines Arms und eines Beins fortzubewegen. Der Dusch-Toilettenrollstuhl l\u00e4sst sich schnell und werkzeuglos f\u00fcr den Transport zerlegen. Genie\u00dfen Sie mit minimalem Aufwand maximale Bewegungsfreiheit!<\/p>\n<h3>Vorteile des Lagooni Trip Extra<\/h3>\n<ul>\n<li>Erm\u00f6glicht einfaches Trippeln oder Fortbewegen mit Hilfe eines Arms\/eines Beins.<\/li>\n<li>L\u00e4sst sich von Kopf bis Fu\u00df an Ihre pers\u00f6nlichen Bed\u00fcrfnisse anpassen, ma\u00dfgeschneidert mit nahezu unbegrenzten M\u00f6glichkeiten.<\/li>\n<li>Auch mit mehreren Optionen f\u00fcr Fu\u00dfst\u00fctzen erh\u00e4ltlich.<\/li>\n<li>Auch mit schmalerer Sitzbreite erh\u00e4ltlich.<\/li>\n<li><strong><a href=\"https:\/\/www.youtube.com\/watch?v=ckWkje_pfcY\" target=\"_blank\" rel=\"noopener\">Zusammenklappbar f\u00fcr den Transport (Auto)<\/a><\/strong><\/li>\n<\/ul>\n<h3>Ein Lagooni Trip nach Ma\u00df f\u00fcr Sie<\/h3>\n<p>Vereinbaren Sie einen Anpassungstermin mit Ihrem pers\u00f6nlichen Berater oder laden Sie die<a href=\"\/wp-content\/uploads\/2024\/09\/Passformular-Lagooni-Trip-Trip-Extra-PDF.pdf\"><strong> Anpassbogen f\u00fcr den Lagooni Trip-Trip Extra<\/strong><\/a> herunter und sehen Sie sich die Spezifikationen des Lagooni Trip in unserer <strong><a href=\"https:\/\/www.lagooni.com\/wp-content\/uploads\/2024\/12\/Trip-Extra-DE.pdf\" target=\"_blank\" rel=\"noopener\">Brosch\u00fcre <\/a><\/strong>an.<\/p>\n<h3>Interessieren Sie sich f\u00fcr andere Lagooni Duschrollst\u00fchle?<\/h3>\n<p>Laden Sie hier unsere <strong><a href=\"\/de\/prospekt\/\" target=\"_blank\" rel=\"noopener\">Brosch\u00fcren<\/a><\/strong> herunter, um sie mit anderen Modellen zu vergleichen.<\/p>\n","protected":false},"featured_media":13181,"comment_status":"open","ping_status":"closed","template":"","meta":{"_et_pb_use_builder":"","_et_pb_old_content":"","_et_gb_content_width":""},"product_brand":[],"product_cat":[70,69],"product_tag":[],"class_list":{"0":"post-8204","1":"product","2":"type-product","3":"status-publish","4":"has-post-thumbnail","6":"product_cat-erwachsene-alle-modelle","7":"product_cat-alle-duschrollstuehle","8":"pa_duwmodel-zelfrijder-manuell-fahrbar","9":"pa_zitbreedte-48-54-cm-de","11":"first","12":"instock","13":"shipping-taxable","14":"product-type-simple"},"_links":{"self":[{"href":"https:\/\/www.lagooni.com\/de\/wp-json\/wp\/v2\/product\/8204","targetHints":{"allow":["GET"]}}],"collection":[{"href":"https:\/\/www.lagooni.com\/de\/wp-json\/wp\/v2\/product"}],"about":[{"href":"https:\/\/www.lagooni.com\/de\/wp-json\/wp\/v2\/types\/product"}],"replies":[{"embeddable":true,"href":"https:\/\/www.lagooni.com\/de\/wp-json\/wp\/v2\/comments?post=8204"}],"wp:featuredmedia":[{"embeddable":true,"href":"https:\/\/www.lagooni.com\/de\/wp-json\/wp\/v2\/media\/13181"}],"wp:attachment":[{"href":"https:\/\/www.lagooni.com\/de\/wp-json\/wp\/v2\/media?parent=8204"}],"wp:term":[{"taxonomy":"product_brand","embeddable":true,"href":"https:\/\/www.lagooni.com\/de\/wp-json\/wp\/v2\/product_brand?post=8204"},{"taxonomy":"product_cat","embeddable":true,"href":"https:\/\/www.lagooni.com\/de\/wp-json\/wp\/v2\/product_cat?post=8204"},{"taxonomy":"product_tag","embeddable":true,"href":"https:\/\/www.lagooni.com\/de\/wp-json\/wp\/v2\/product_tag?post=8204"}],"curies":[{"name":"wp","href":"https:\/\/api.w.org\/{rel}","templated":true}]}}