{"id":8201,"date":"2023-01-06T11:14:53","date_gmt":"2023-01-06T11:14:54","guid":{"rendered":"https:\/\/www.lagooni.com\/?post_type=product&#038;p=8201"},"modified":"2026-03-24T17:17:35","modified_gmt":"2026-03-24T16:17:35","slug":"lagooni-blue-kopie","status":"publish","type":"product","link":"https:\/\/www.lagooni.com\/de\/produkt\/lagooni-blue-kopie\/","title":{"rendered":"Lagooni Blue Extra"},"content":{"rendered":"<p>Diese Angaben sind nur ein Richtwert und h\u00e4ngen stark von der Konfiguration und Einstellung ab.<\/p>\n<p>&nbsp;<\/p>\n<ul>\n<li>Rollstuhlbreite einschlie\u00dflich R\u00e4der 65 cm<\/li>\n<li>Sitzbreite 48-50-52-54 cm<\/li>\n<li>Sitzh\u00f6he vom Boden bis zur Oberkante des Sitzes 48-69 cm<\/li>\n<li>L\u00e4nge des Rollstuhls ca. 88 cm<\/li>\n<li>Gewicht des Rollstuhls ca. 17 kg<\/li>\n<li>Zul\u00e4ssiges Gewicht 150 kg<\/li>\n<li>Empfohlener Abstand von der Wand zum Toilettenrand Ab 55 cm<\/li>\n<li>H\u00f6he der Toilette 40-50 cm<\/li>\n<\/ul>\n","protected":false},"excerpt":{"rendered":"<h3>Anwendungen<\/h3>\n<ul>\n<li>Duschnutzung<\/li>\n<li>Toilettenverwendung (fahrbar \u00fcber die Toilette)<\/li>\n<li>H\u00fcftbreite 48-54 cm<\/li>\n<li>Dekubitus-Pr\u00e4vention<\/li>\n<li>Inkontinenz-Pr\u00e4vention<\/li>\n<li>Verminderte Rumpfstabilit\u00e4t<\/li>\n<li>Einschr\u00e4nkung des H\u00fcftwinkels<\/li>\n<li>Skoliose<\/li>\n<li>Kleiner oder gro\u00dfer Kniewinkel<\/li>\n<li>Kurze oder unterschiedliche Beinl\u00e4nge<\/li>\n<li>Kleiner oder gro\u00dfer Kn\u00f6chelwinkel (Spitzfu\u00df)<\/li>\n<li>Amputation<\/li>\n<li>Unterschiedliche K\u00f6rperl\u00e4nge<\/li>\n<li>Statischer Gebrauch (ohne R\u00e4der)<\/li>\n<li>Vorw\u00e4rts stolpern<\/li>\n<li>Individuelle Anpassung<\/li>\n<\/ul>\n<h3>Extra breiter, Dusch-Toilettenrollstuhl in Schiebeausf\u00fchrung mit verstellbarer R\u00fcckenlehne<\/h3>\n<p>Das Schiebemodell Lagooni Blue Extra ist ein leichter und wendiger Duschstuhl, der bei Bedarf auch als statischer Dusch-Toilettenstuhl (ohne R\u00e4der) verwendet werden kann. Der Rahmen besteht aus Aluminium in Kombination mit Edelstahl. Die Verwendung dieser Materialien macht den Dusch-Toilettenstuhl nicht nur leicht, sondern auch wasserdicht! Ben\u00f6tigen Sie eine Fu\u00dfst\u00fctze f\u00fcr eine k\u00fcrzere Beinl\u00e4nge? Kein Problem f\u00fcr den Lagooni Blue Extra. Der Duschstuhl kann in verschiedenen H\u00f6hen montiert oder bei Bedarf sogar auf eine Sitzh\u00f6he von 40 cm abgesenkt werden. Der Dusch-Toilettenstuhl l\u00e4sst sich schnell und ohne Werkzeug f\u00fcr den Transport zerlegen. Genie\u00dfen Sie mit minimalem Aufwand maximale Bewegungsfreiheit!<\/p>\n<h3>Vorteile des Lagooni Blue Extra<\/h3>\n<ul>\n<li>Bietet Fu\u00dfst\u00fctzen f\u00fcr k\u00fcrzere Beinl\u00e4ngen, und der Duschstuhl kann hierf\u00fcr in verschiedenen H\u00f6hen montiert werden.<\/li>\n<li>Erleichtert (stehende) Transfers oder das Trippeln, indem die Beinst\u00fctzen weggedreht oder komplett aus dem Rahmen entfernt werden.<\/li>\n<li>Kann von Kopf bis Fu\u00df an deine pers\u00f6nlichen Bed\u00fcrfnisse angepasst werden, ma\u00dfgefertigt mit nahezu unbegrenzten M\u00f6glichkeiten.<\/li>\n<li>Ist auch in einem Standardmodell erh\u00e4ltlich.<\/li>\n<li>Kann statisch \u2013 also ohne R\u00e4der \u2013 verwendet werden.<\/li>\n<li>Zusammenklappbar f\u00fcr den Transport (Auto)<\/li>\n<\/ul>\n<h3>Ein ma\u00dfgeschneiderter Lagooni Blue Extra f\u00fcr Sie<\/h3>\n<p>Vereinbaren Sie einen Anpassungstermin mit Ihrem pers\u00f6nlichen Berater oder laden Sie die <a href=\"https:\/\/www.lagooni.com\/wp-content\/uploads\/2024\/09\/Passformular-Lagooni-Blue-Blue-Extra-PDF.pdf\"><strong>Anpassbogen f\u00fcr den Lagooni Blue-Blue Extra<\/strong><\/a> herunter und sehen Sie sich die Spezifikationen des Lagooni Blue Extra in unsere <a href=\"\/wp-content\/uploads\/2024\/09\/DU-Lagooni-Blue-Extra.pdf\"><strong>Brosch\u00fcre<\/strong><\/a> an<a href=\"\/wp-content\/uploads\/2021\/07\/Lagooni-Blue-DE.pdf\" target=\"_blank\" rel=\"noopener\">.<\/a><\/p>\n<h3>Interessieren Sie sich f\u00fcr andere Lagooni Duschrollst\u00fchle?<\/h3>\n<p>Laden Sie hier unsere\u00a0<a href=\"\/de\/prospekt\/\"><strong>Brosch\u00fcren<\/strong><\/a>\u00a0herunter, um sie mit anderen Modellen zu vergleichen.<\/p>\n","protected":false},"featured_media":13136,"comment_status":"open","ping_status":"closed","template":"","meta":{"_et_pb_use_builder":"off","_et_pb_old_content":"","_et_gb_content_width":""},"product_brand":[],"product_cat":[70,69],"product_tag":[],"class_list":{"0":"post-8201","1":"product","2":"type-product","3":"status-publish","4":"has-post-thumbnail","6":"product_cat-erwachsene-alle-modelle","7":"product_cat-alle-duschrollstuehle","8":"pa_duwmodel-zelfrijder-schiebemodell","9":"pa_zitbreedte-48-54-cm-de","11":"first","12":"instock","13":"shipping-taxable","14":"product-type-simple"},"_links":{"self":[{"href":"https:\/\/www.lagooni.com\/de\/wp-json\/wp\/v2\/product\/8201","targetHints":{"allow":["GET"]}}],"collection":[{"href":"https:\/\/www.lagooni.com\/de\/wp-json\/wp\/v2\/product"}],"about":[{"href":"https:\/\/www.lagooni.com\/de\/wp-json\/wp\/v2\/types\/product"}],"replies":[{"embeddable":true,"href":"https:\/\/www.lagooni.com\/de\/wp-json\/wp\/v2\/comments?post=8201"}],"wp:featuredmedia":[{"embeddable":true,"href":"https:\/\/www.lagooni.com\/de\/wp-json\/wp\/v2\/media\/13136"}],"wp:attachment":[{"href":"https:\/\/www.lagooni.com\/de\/wp-json\/wp\/v2\/media?parent=8201"}],"wp:term":[{"taxonomy":"product_brand","embeddable":true,"href":"https:\/\/www.lagooni.com\/de\/wp-json\/wp\/v2\/product_brand?post=8201"},{"taxonomy":"product_cat","embeddable":true,"href":"https:\/\/www.lagooni.com\/de\/wp-json\/wp\/v2\/product_cat?post=8201"},{"taxonomy":"product_tag","embeddable":true,"href":"https:\/\/www.lagooni.com\/de\/wp-json\/wp\/v2\/product_tag?post=8201"}],"curies":[{"name":"wp","href":"https:\/\/api.w.org\/{rel}","templated":true}]}}