{"id":2667,"date":"2020-07-13T14:26:13","date_gmt":"2020-07-13T14:26:13","guid":{"rendered":"https:\/\/lagooni.stijlweb.nl\/product\/lagooni-custom\/"},"modified":"2024-09-19T16:15:52","modified_gmt":"2024-09-19T14:15:52","slug":"lagooni-custom","status":"publish","type":"product","link":"https:\/\/www.lagooni.com\/de\/produkt\/lagooni-custom\/","title":{"rendered":"Lagooni Custom"},"content":{"rendered":"","protected":false},"excerpt":{"rendered":"<h3>Anwendungen<\/h3>\n<ul>\n<li>Duschgebrauch<\/li>\n<li>Toilettengebrauch<\/li>\n<li>H\u00fcftbreite &lt; 30 cm<\/li>\n<li>H\u00fcftbreite &gt; 54 cm<\/li>\n<li>Dekubituspr\u00e4vention<\/li>\n<li>Inkontinenzpr\u00e4vention<\/li>\n<li>Verminderte Rumpfstabilit\u00e4t<\/li>\n<li>Einschr\u00e4nkung des H\u00fcftwinkels<\/li>\n<li>Skoliose<\/li>\n<li>Eingeschr\u00e4nkte Arm- und Handfunktion<\/li>\n<li>Kleiner oder gro\u00dfer Kniewinkel<\/li>\n<li>Kurze oder unterschiedlich lange Beine<\/li>\n<li>Unterschiedliche K\u00f6rpergr\u00f6\u00dfe<\/li>\n<li>Individuelle Ma\u00dfanfertigung<\/li>\n<\/ul>\n<h3>Vollst\u00e4ndig ma\u00dfgefertigter Dusch-Toilettenrollstuhl mit umfangreichen Einstellm\u00f6glichkeiten<\/h3>\n<p>Der handbetriebene Lagooni Custom ist ein leichter und wendiger Duschrollstuhl, der speziell entwickelt wurde, um die spezifischsten Ma\u00dfanfertigungen zu erf\u00fcllen. Der Rahmen besteht aus Aluminium in Kombination mit rostfreiem Stahl, was den Dusch-Toilettenstuhl nicht nur leicht, sondern auch vollst\u00e4ndig wasserfest macht. Die Lagooni Custom bietet L\u00f6sungen f\u00fcr besondere Situationen, wie eine sehr schmale oder breite Sitzbreite, und erm\u00f6glicht komplexe Anpassungen, um optimalen Komfort und Selbstst\u00e4ndigkeit zu gew\u00e4hrleisten. Diese Ma\u00dfanfertigungen werden durch Anpassungen am Rahmen und am Einstellsystem realisiert, basierend auf einem unserer anderen Modelle.<\/p>\n<h3>Vorteile der Lagooni Custom<\/h3>\n<ul>\n<li>Vollst\u00e4ndige Ma\u00dfanfertigung, z. B. Anpassungen der Rahmenh\u00f6he, Rahmenbreite, Sitzh\u00f6he oder Sitzposition<\/li>\n<li>Basierend auf einem unserer bestehenden Lagooni-Modelle, mit zus\u00e4tzlichen Anpassungen f\u00fcr spezifische Situationen<\/li>\n<li>Anpassbar f\u00fcr die Verwendung mit einer Dusch-\/Toiletten-Sitzorthese<\/li>\n<li>Bis ins kleinste Detail an Ihre pers\u00f6nlichen W\u00fcnsche anpassbar, mit nahezu unbegrenzten M\u00f6glichkeiten<\/li>\n<\/ul>\n<h3>Ein Lagooni Custom nach Ma\u00df f\u00fcr Sie<\/h3>\n<p>Vereinbaren Sie einen Anpassungstermin mit Ihrem pers\u00f6nlichen Berater um Ihre Lagooni Custom auf Ihre individuelle Situation abstimmen zu lassen.<\/p>\n<h3>Interessiert an anderen Lagooni Dusch-Toilettenrollst\u00fchlen?<\/h3>\n<p>Laden Sie hier unsere <a href=\"\/de\/prospekt\/\"><strong>Brosch\u00fcren<\/strong><\/a> herunter, um einen Vergleich mit anderen Rollst\u00fchlen anzustellen.<\/p>\n","protected":false},"featured_media":13145,"comment_status":"open","ping_status":"closed","template":"","meta":{"_et_pb_use_builder":"","_et_pb_old_content":"","_et_gb_content_width":""},"product_brand":[],"product_cat":[70,71,69],"product_tag":[],"class_list":{"0":"post-2667","1":"product","2":"type-product","3":"status-publish","4":"has-post-thumbnail","6":"product_cat-erwachsene-alle-modelle","7":"product_cat-kinder","8":"product_cat-alle-duschrollstuehle","9":"pa_duwmodel-zelfrijder-manuell-fahrbar","10":"pa_duwmodel-zelfrijder-schiebemodell","11":"pa_frame-op-maat-sonderbau-rahmen","12":"pa_zitbreedte-54-cm-de","13":"pa_zitbreedte-30-cm-de","14":"pa_zitbreedte-30-36-cm-de","15":"pa_zitbreedte-40-46-cm-de","16":"pa_zitbreedte-48-54-cm-de","18":"first","19":"instock","20":"shipping-taxable","21":"product-type-simple"},"_links":{"self":[{"href":"https:\/\/www.lagooni.com\/de\/wp-json\/wp\/v2\/product\/2667","targetHints":{"allow":["GET"]}}],"collection":[{"href":"https:\/\/www.lagooni.com\/de\/wp-json\/wp\/v2\/product"}],"about":[{"href":"https:\/\/www.lagooni.com\/de\/wp-json\/wp\/v2\/types\/product"}],"replies":[{"embeddable":true,"href":"https:\/\/www.lagooni.com\/de\/wp-json\/wp\/v2\/comments?post=2667"}],"wp:featuredmedia":[{"embeddable":true,"href":"https:\/\/www.lagooni.com\/de\/wp-json\/wp\/v2\/media\/13145"}],"wp:attachment":[{"href":"https:\/\/www.lagooni.com\/de\/wp-json\/wp\/v2\/media?parent=2667"}],"wp:term":[{"taxonomy":"product_brand","embeddable":true,"href":"https:\/\/www.lagooni.com\/de\/wp-json\/wp\/v2\/product_brand?post=2667"},{"taxonomy":"product_cat","embeddable":true,"href":"https:\/\/www.lagooni.com\/de\/wp-json\/wp\/v2\/product_cat?post=2667"},{"taxonomy":"product_tag","embeddable":true,"href":"https:\/\/www.lagooni.com\/de\/wp-json\/wp\/v2\/product_tag?post=2667"}],"curies":[{"name":"wp","href":"https:\/\/api.w.org\/{rel}","templated":true}]}}