{"id":2661,"date":"2020-07-13T14:07:37","date_gmt":"2020-07-13T14:07:37","guid":{"rendered":"https:\/\/lagooni.stijlweb.nl\/product\/lagooni-extra-special\/"},"modified":"2026-03-24T17:17:36","modified_gmt":"2026-03-24T16:17:36","slug":"lagooni-extra-special","status":"publish","type":"product","link":"https:\/\/www.lagooni.com\/de\/produkt\/lagooni-extra-special\/","title":{"rendered":"Lagooni Extra Special"},"content":{"rendered":"<p><em>Diese Angaben sind nur ein Richtwert und h\u00e4ngen stark von der Konfiguration und Einstellung ab.<\/em> \u00a0<\/p>\n<ul>\n<li>Rollstuhlbreite einschlie\u00dflich R\u00e4der 73-77 cm<\/li>\n<li>Sitzbreite 48-50-52-54 cm<\/li>\n<li>Sitzh\u00f6he vom Boden bis zur Oberkante des Sitzes 49-69 cm<\/li>\n<li>L\u00e4nge des Rollstuhls ca. 101 cm<\/li>\n<li>Gewicht des Rollstuhls ca. 23 kg<\/li>\n<li>Zul\u00e4ssiges Gewicht 150 kg<\/li>\n<li>Empfohlener Abstand von der Wand zum Toilettenrand 70 cm<\/li>\n<li>H\u00f6he der Toilette 40-50 cm<\/li>\n<\/ul>\n","protected":false},"excerpt":{"rendered":"<h3>Anwendungen<\/h3>\n<ul>\n<li>Duschnutzung<\/li>\n<li>Toilettenverwendung (fahrbar \u00fcber die Toilette)<\/li>\n<li>Selbst\u00e4ndiges Fahren<\/li>\n<li>Selbst\u00e4ndiges Transfers<\/li>\n<li>H\u00fcftbreite 48-54 cm<\/li>\n<li>Dekubitus-Pr\u00e4vention<\/li>\n<li>Inkontinenz-Pr\u00e4vention<\/li>\n<li>Verminderte Rumpfstabilit\u00e4t<\/li>\n<li>Einschr\u00e4nkung des H\u00fcftwinkels<\/li>\n<li>Skoliose<\/li>\n<li>Eingeschr\u00e4nkte Arm- und Handfunktion<\/li>\n<li>Kleiner oder gro\u00dfer Kniewinkel<\/li>\n<li>Kurze oder unterschiedliche Beinl\u00e4nge<\/li>\n<li>Kleiner oder gro\u00dfer Kn\u00f6chelwinkel (Spitzfu\u00df)<\/li>\n<li>Amputation<\/li>\n<li>Unterschiedliche K\u00f6rperl\u00e4nge<\/li>\n<li>Individuelle Anpassung<\/li>\n<\/ul>\n<h3>Breiter Dusch-Toiletten-Rollstuhl, Einstellm\u00f6glichkeiten und mehreren Optionen f\u00fcr die Fu\u00dfst\u00fctze<\/h3>\n<p>Der handbetriebene Lagooni Extra Special ist ein breiter, aber dennoch kompakter und wendiger Duschrollstuhl. Der Rahmen besteht aus Aluminium in Kombination mit rostfreiem Stahl (Edelstahl). Die Verwendung dieser Materialien macht den Dusch-Toilettenstuhl leicht und zugleich wasserfest! Der Lagooni Extra Special kann auch \u00fcber ein verl\u00e4ngertes oder ein Pflege-WC mit Dusch-WC-Funktion (Closomat) gefahren werden. Au\u00dferdem bietet der Lagooni Extra Special Fu\u00dfst\u00fctzen f\u00fcr k\u00fcrzere Beinl\u00e4ngen. Zerlegen Sie den Dusch-Toilettenrollstuhl schnell und werkzeuglos f\u00fcr den Transport. Genie\u00dfen Sie mit minimalem Aufwand maximale Bewegungsfreiheit!<\/p>\n<h3>Vorteile des Lagooni Extra Special<\/h3>\n<ul>\n<li>Breiter Dusch-Toilettenrollstuhl, \u00e4u\u00dferst stabil, kompakt und wendig.<\/li>\n<li>Stehende Transfers oder selbstst\u00e4ndiges Vorw\u00e4rtsbewegen sind einfach m\u00f6glich, indem die Beinst\u00fctzen weggeschwenkt oder komplett aus dem Rahmen entfernt werden.<\/li>\n<li>Kann auch \u00fcber ein verl\u00e4ngertes oder ein Pflege-WC mit Dusch-WC-Funktion (Closomat) gefahren werden.<\/li>\n<li>Von Kopf bis Fu\u00df an Ihre pers\u00f6nlichen Bed\u00fcrfnisse anpassbar, ma\u00dfgeschneidert mit nahezu endlosen M\u00f6glichkeiten.<\/li>\n<li>Auch mit einer festen Fu\u00dfplatte erh\u00e4ltlich.<\/li>\n<li><strong><a href=\"https:\/\/www.youtube.com\/watch?v=ckWkje_pfcY\" target=\"_blank\" rel=\"noopener\">Zusammenklappbar f\u00fcr den Transport (Auto)<\/a><\/strong><\/li>\n<\/ul>\n<h3>Ein Lagooni Extra Special nach Ma\u00df f\u00fcr Sie<\/h3>\n<p>Vereinbaren Sie einen Anpassungstermin mit Ihrem pers\u00f6nlichen Berater oder laden Sie die <a href=\"https:\/\/www.lagooni.com\/wp-content\/uploads\/2023\/08\/Passformular-Lagooni-Extra-Extra-Special.pdf\"><strong>Anpassbogen f\u00fcr den Lagooni Extra-Extra Special<\/strong><\/a> herunter und sehen Sie sich die Spezifikationen des Lagooni Extra Special in unserer <strong><a href=\"\/wp-content\/uploads\/2021\/07\/Lagooni-Extra-Special-DE.pdf\">Brosch\u00fcre <\/a><\/strong>an.<\/p>\n<h3>Interessieren Sie sich f\u00fcr andere Lagooni Duschrollst\u00fchle?<\/h3>\n<p>Laden Sie hier unsere\u00a0<strong><a href=\"\/de\/prospekt\/\">Brosch\u00fcren<\/a><\/strong>\u00a0herunter, um sie mit anderen Modellen zu vergleichen. <span style=\"color: #ff9900;\"><em>Rezension von Ed: \u201eFantastische Duschst\u00fchle (eigener Entwurf, Besitzer sitzt selbst im Rollstuhl), die vollst\u00e4ndig an die Bed\u00fcrfnisse von behinderten Menschen angepasst werden k\u00f6nnen. Sehr empfehlenswert!\u201c<\/em><\/span><\/p>\n","protected":false},"featured_media":13151,"comment_status":"open","ping_status":"closed","template":"","meta":{"_et_pb_use_builder":"","_et_pb_old_content":"","_et_gb_content_width":""},"product_brand":[],"product_cat":[70,69],"product_tag":[],"class_list":{"0":"post-2661","1":"product","2":"type-product","3":"status-publish","4":"has-post-thumbnail","6":"product_cat-erwachsene-alle-modelle","7":"product_cat-alle-duschrollstuehle","8":"pa_duwmodel-zelfrijder-manuell-fahrbar","9":"pa_zitbreedte-48-54-cm-de","11":"first","12":"instock","13":"shipping-taxable","14":"product-type-simple"},"_links":{"self":[{"href":"https:\/\/www.lagooni.com\/de\/wp-json\/wp\/v2\/product\/2661","targetHints":{"allow":["GET"]}}],"collection":[{"href":"https:\/\/www.lagooni.com\/de\/wp-json\/wp\/v2\/product"}],"about":[{"href":"https:\/\/www.lagooni.com\/de\/wp-json\/wp\/v2\/types\/product"}],"replies":[{"embeddable":true,"href":"https:\/\/www.lagooni.com\/de\/wp-json\/wp\/v2\/comments?post=2661"}],"wp:featuredmedia":[{"embeddable":true,"href":"https:\/\/www.lagooni.com\/de\/wp-json\/wp\/v2\/media\/13151"}],"wp:attachment":[{"href":"https:\/\/www.lagooni.com\/de\/wp-json\/wp\/v2\/media?parent=2661"}],"wp:term":[{"taxonomy":"product_brand","embeddable":true,"href":"https:\/\/www.lagooni.com\/de\/wp-json\/wp\/v2\/product_brand?post=2661"},{"taxonomy":"product_cat","embeddable":true,"href":"https:\/\/www.lagooni.com\/de\/wp-json\/wp\/v2\/product_cat?post=2661"},{"taxonomy":"product_tag","embeddable":true,"href":"https:\/\/www.lagooni.com\/de\/wp-json\/wp\/v2\/product_tag?post=2661"}],"curies":[{"name":"wp","href":"https:\/\/api.w.org\/{rel}","templated":true}]}}