{"id":1114,"date":"2020-06-11T19:19:01","date_gmt":"2020-06-11T19:19:01","guid":{"rendered":"https:\/\/lagooni.stijlweb.nl\/product\/lagooni-life-special\/"},"modified":"2026-03-24T17:17:38","modified_gmt":"2026-03-24T16:17:38","slug":"lagooni-life-special","status":"publish","type":"product","link":"https:\/\/www.lagooni.com\/de\/produkt\/lagooni-life-special\/","title":{"rendered":"Lagooni Life Special"},"content":{"rendered":"<p><em>Diese Angaben sind nur ein Richtwert und h\u00e4ngen stark von der Konfiguration und Einstellung ab.<\/em><\/p>\n<p>&nbsp;<\/p>\n<ul>\n<li>Rollstuhlbreite einschlie\u00dflich R\u00e4der 66-70 cm<\/li>\n<li>Sitzbreite 40-42-44-46 cm<\/li>\n<li>Sitzh\u00f6he vom Boden bis zur Oberkante des Sitzes 47-67 cm<\/li>\n<li>L\u00e4nge des Rollstuhls ca. 103 cm<\/li>\n<li>Gewicht des Rollstuhls ca. 20 kg<\/li>\n<li>Zul\u00e4ssiges Gewicht 120 kg<\/li>\n<li>Empfohlener Abstand von der Wand zum Toilettenrand 70 cm<\/li>\n<li>H\u00f6he der Toilette 40-50 cm<\/li>\n<\/ul>\n","protected":false},"excerpt":{"rendered":"<h3>Anwendungen<\/h3>\n<ul>\n<li>Duschnutzung<\/li>\n<li>Toilettenverwendung (fahrbar \u00fcber die Toilette)<\/li>\n<li>Selbst\u00e4ndiges Fahren<\/li>\n<li>Selbst\u00e4ndige Transfers<\/li>\n<li>H\u00fcftbreite 40-46 cm<\/li>\n<li>Dekubitus-Pr\u00e4vention<\/li>\n<li>Inkontinenz-Pr\u00e4vention<\/li>\n<li>Verminderte Rumpfstabilit\u00e4t<\/li>\n<li>Einschr\u00e4nkung des H\u00fcftwinkels<\/li>\n<li>Skoliose<\/li>\n<li>Eingeschr\u00e4nkte Arm- und Handfunktion<\/li>\n<li>Kleiner oder gro\u00dfer Kniewinkel<\/li>\n<li>Kurze oder unterschiedliche Beinl\u00e4nge<\/li>\n<li>Kleiner oder gro\u00dfer Kn\u00f6chelwinkel (Spitzfu\u00df)<\/li>\n<li>Amputation<\/li>\n<li>Unterschiedliche K\u00f6rperl\u00e4nge<\/li>\n<li>Individuelle Anpassung<\/li>\n<\/ul>\n<h3>Dusch-Toiletten-Rollstuhl mit <a href=\"https:\/\/www.youtube.com\/watch?v=qRtK_OARRIg\" target=\"_blank\" rel=\"noopener\">Einstellm\u00f6glichkeiten<\/a> und mehreren Optionen f\u00fcr die Fu\u00dfst\u00fctze<\/h3>\n<p>Der handbetriebene Lagooni Life Special ist ein kompakter und wendiger Duschrollstuhl. Der Rahmen besteht aus Aluminium in Kombination mit rostfreiem Stahl (Edelstahl). Diese Materialkombination macht den Dusch-Toilettenstuhl leicht und zugleich wasserfest! Der Lagooni Life Special bietet Fu\u00dfst\u00fctzen f\u00fcr k\u00fcrzere Beinl\u00e4ngen und erleichtert stehende Transfers oder eigenst\u00e4ndiges Vorw\u00e4rtsbewegen, indem die Beinst\u00fctzen weggeschwenkt oder komplett aus dem Rahmen entfernt werden k\u00f6nnen. Der Dusch-Toilettenrollstuhl l\u00e4sst sich schnell und werkzeuglos f\u00fcr den Transport zerlegen. Genie\u00dfen Sie mit minimalem Aufwand maximale Bewegungsfreiheit!<\/p>\n<h3>Vorteile des Lagooni Life Special<\/h3>\n<ul>\n<li>Erleichtert stehende Transfers oder eigenst\u00e4ndiges Vorw\u00e4rtsbewegen, indem die Beinst\u00fctzen weggeschwenkt oder komplett aus dem Rahmen entfernt werden.<\/li>\n<li>Fu\u00dfst\u00fctzen f\u00fcr k\u00fcrzere Beinl\u00e4ngen.<\/li>\n<li>Kann \u00fcber ein verl\u00e4ngertes WC gefahren werden.<\/li>\n<li>L\u00e4sst sich von Kopf bis Fu\u00df an Ihre pers\u00f6nlichen Bed\u00fcrfnisse anpassen, ma\u00dfgeschneidert mit nahezu unbegrenzten M\u00f6glichkeiten.<\/li>\n<li>Auch als Lagooni Extra Special erh\u00e4ltlich, mit mehreren Optionen f\u00fcr die Fu\u00dfst\u00fctze.<\/li>\n<li><strong><a href=\"https:\/\/www.youtube.com\/watch?v=ckWkje_pfcY\" target=\"_blank\" rel=\"noopener\">Zusammenklappbar f\u00fcr den Transport (Auto)<\/a><\/strong><\/li>\n<li><strong><a href=\"https:\/\/www.youtube.com\/watch?v=ZnXxSfXvnE8\" target=\"_blank\" rel=\"noopener\">Sitzeinlage kann auf ein Traveller-Gestell umgesetzt werden, das in einen Koffer passt!\u00a0<\/a><\/strong><\/li>\n<\/ul>\n<h3>Lagooni Life Special nach Ma\u00df f\u00fcr Sie<\/h3>\n<p>Vereinbaren Sie einen Anpassungstermin mit Ihrem pers\u00f6nlichen Berater oder laden Sie die <a href=\"\/wp-content\/uploads\/2024\/09\/Passformular-Lagooni-Life-Life-Special-PDF.pdf\"><strong>Anpassbogen f\u00fcr den Lagooni Life-Life Special<\/strong><\/a> herunter und sehen Sie sich die Spezifikationen des Lagooni Life in unserer dieser <strong><a href=\"\/wp-content\/uploads\/2021\/07\/Lagooni-Life-Special-DU.pdf\" target=\"_blank\" rel=\"noopener\">Brosch\u00fcre <\/a><\/strong>an.<\/p>\n<h3>Interessieren Sie sich f\u00fcr andere Lagooni Duschrollst\u00fchle?<\/h3>\n<p>Laden Sie hier unsere\u00a0<strong><a href=\"\/de\/prospekt\/\" target=\"_blank\" rel=\"noopener\">Brosch\u00fcren<\/a>\u00a0<\/strong>herunter, um sie mit anderen Modellen zu vergleichen.<\/p>\n<p><span style=\"color: #ff9900;\"><em>Rezension von Jake: \u201eToller Duschstuhl. Stabil und nicht so klobig.\u201c<\/em><\/span><\/p>\n<p><strong><i>Lagooni Life Special ist im Hilfsmittelverzeichnis aufgenommen: Postionsnummer 18.46.03.1059, Bezeichnung: Lagooni Life Art.nr. DCFRA01<\/i><\/strong><\/p>\n","protected":false},"featured_media":13169,"comment_status":"open","ping_status":"closed","template":"","meta":{"_et_pb_use_builder":"","_et_pb_old_content":"","_et_gb_content_width":""},"product_brand":[],"product_cat":[70,69],"product_tag":[],"class_list":{"0":"post-1114","1":"product","2":"type-product","3":"status-publish","4":"has-post-thumbnail","6":"product_cat-erwachsene-alle-modelle","7":"product_cat-alle-duschrollstuehle","8":"pa_duwmodel-zelfrijder-manuell-fahrbar","9":"pa_zitbreedte-40-46-cm-de","11":"first","12":"instock","13":"shipping-taxable","14":"product-type-simple"},"_links":{"self":[{"href":"https:\/\/www.lagooni.com\/de\/wp-json\/wp\/v2\/product\/1114","targetHints":{"allow":["GET"]}}],"collection":[{"href":"https:\/\/www.lagooni.com\/de\/wp-json\/wp\/v2\/product"}],"about":[{"href":"https:\/\/www.lagooni.com\/de\/wp-json\/wp\/v2\/types\/product"}],"replies":[{"embeddable":true,"href":"https:\/\/www.lagooni.com\/de\/wp-json\/wp\/v2\/comments?post=1114"}],"wp:featuredmedia":[{"embeddable":true,"href":"https:\/\/www.lagooni.com\/de\/wp-json\/wp\/v2\/media\/13169"}],"wp:attachment":[{"href":"https:\/\/www.lagooni.com\/de\/wp-json\/wp\/v2\/media?parent=1114"}],"wp:term":[{"taxonomy":"product_brand","embeddable":true,"href":"https:\/\/www.lagooni.com\/de\/wp-json\/wp\/v2\/product_brand?post=1114"},{"taxonomy":"product_cat","embeddable":true,"href":"https:\/\/www.lagooni.com\/de\/wp-json\/wp\/v2\/product_cat?post=1114"},{"taxonomy":"product_tag","embeddable":true,"href":"https:\/\/www.lagooni.com\/de\/wp-json\/wp\/v2\/product_tag?post=1114"}],"curies":[{"name":"wp","href":"https:\/\/api.w.org\/{rel}","templated":true}]}}