{"id":1104,"date":"2020-06-11T19:19:01","date_gmt":"2020-06-11T19:19:01","guid":{"rendered":"https:\/\/lagooni.stijlweb.nl\/product\/lagooni-extra\/"},"modified":"2026-03-24T17:17:38","modified_gmt":"2026-03-24T16:17:38","slug":"lagooni-extra","status":"publish","type":"product","link":"https:\/\/www.lagooni.com\/de\/produkt\/lagooni-extra\/","title":{"rendered":"Lagooni Extra"},"content":{"rendered":"<p><em>Diese Angaben sind nur ein Richtwert und h\u00e4ngen stark von der Konfiguration und Einstellung ab.<\/em><\/p>\n<p>&nbsp;<\/p>\n<ul>\n<li>Rollstuhlbreite einschlie\u00dflich R\u00e4der 73-77 cm<\/li>\n<li>Sitzbreite 48-50-52-54 cm<\/li>\n<li>Sitzh\u00f6he vom Boden bis zur Oberkante des Sitzes 49-69 cm<\/li>\n<li>L\u00e4nge des Rollstuhls ca. 96 cm<\/li>\n<li>Gewicht des Rollstuhls ca. 23 kg<\/li>\n<li>Zul\u00e4ssiges Gewicht 150 kg<\/li>\n<li>Empfohlener Abstand von der Wand zum Toilettenrand 70 cm<\/li>\n<li>H\u00f6he der Toilette 40-50 cm<\/li>\n<\/ul>\n","protected":false},"excerpt":{"rendered":"<h3>Anwendungen<\/h3>\n<ul>\n<li>Duschnutzung<\/li>\n<li>Toilettenverwendung (fahrbar \u00fcber die Toilette)<\/li>\n<li>Selbst\u00e4ndiges Fahren<\/li>\n<li>Selbst\u00e4ndiges Transfers<\/li>\n<li>H\u00fcftbreite 48-54 cm<\/li>\n<li>Dekubitus-Pr\u00e4vention<\/li>\n<li>Inkontinenz-Pr\u00e4vention<\/li>\n<li>Verminderte Rumpfstabilit\u00e4t<\/li>\n<li>Einschr\u00e4nkung des H\u00fcftwinkels<\/li>\n<li>Skoliose<\/li>\n<li>Eingeschr\u00e4nkte Arm- und Handfunktion<\/li>\n<li>Kleiner Kniewinkel<\/li>\n<li>Kleiner oder gro\u00dfer Kn\u00f6chelwinkel (Spitzfu\u00df)<\/li>\n<li>Gro\u00dfe K\u00f6rperl\u00e4nge<\/li>\n<li>Individuelle Anpassung<\/li>\n<\/ul>\n<h3>Handbetriebener, breiter Dusch-Toilettenstuhl, Verstellm\u00f6glichkeiten und einer festen Fu\u00dfst\u00fctze<\/h3>\n<p>Der handbetriebene Lagooni Extra ist ein breiter, aber kompakter und wendiger Duschrollstuhl. Der Rahmen besteht aus Aluminium in Kombination mit Edelstahl. Die Verwendung dieser Materialien macht den Dusch-Toilettenstuhl leicht und zudem wasserdicht! Das Lagooni Extra Modell hat trotz der festen ein- oder zweiteiligen Fu\u00dfst\u00fctze einen kleinen Wendekreis. Der Lagooni Extra kann auch \u00fcber ein verl\u00e4ngertes WC oder ein Pflege-WC mit Dusch-WC-Funktion (Closomat) gefahren werden. Zerlegen Sie den Dusch-Toilettenrollstuhl schnell und werkzeuglos f\u00fcr den Transport. Genie\u00dfen Sie mit minimalem Aufwand maximale Bewegungsfreiheit!<\/p>\n<h3>Vorteile des Lagooni Extra<\/h3>\n<ul>\n<li>Ein breiterer Dusch-Toilettenrollstuhl, sehr robust, kompakt und wendig.<\/li>\n<li>Hat eine ein- oder zweiteilige feste Fu\u00dfst\u00fctze.<\/li>\n<li>Kann auch \u00fcber ein verl\u00e4ngertes WC oder ein Pflege-WC mit Dusch-WC-Funktion (Closomat) gefahren werden.<\/li>\n<li>L\u00e4sst sich von Kopf bis Fu\u00df nach Ihren pers\u00f6nlichen Bed\u00fcrfnissen anpassen, ma\u00dfgefertigt mit nahezu unendlichen M\u00f6glichkeiten.<\/li>\n<li>Ist auch als Lagooni Extra Special mit mehreren Optionen f\u00fcr Fu\u00dfst\u00fctzen erh\u00e4ltlich.<\/li>\n<li><strong><a href=\"https:\/\/www.youtube.com\/watch?v=ckWkje_pfcY\" target=\"_blank\" rel=\"noopener\">Zusammenklappbar f\u00fcr den Transport (Auto)<\/a><\/strong><\/li>\n<\/ul>\n<h3>Ein Lagooni Extra nach Ma\u00df f\u00fcr Sie<\/h3>\n<p>Vereinbaren Sie einen Anpassungstermin mit Ihrem pers\u00f6nlichen Berater oder laden Sie die <a href=\"\/wp-content\/uploads\/2024\/09\/Passformular-Lagooni-Extra-Extra-Special-PDF.pdf\"><strong>Anpassbogen f\u00fcr den Lagooni Extra-Extra Special<\/strong><\/a> herunter und sehen Sie sich die Spezifikationen des Lagooni\u00a0 Extra in unserer <a href=\"\/wp-admin\/upload.php?item=6761\"><strong>Brosch\u00fcre<\/strong><\/a> an.<\/p>\n<h3>Interessieren Sie sich f\u00fcr andere Lagooni Duschrollst\u00fchle?<\/h3>\n<p>Laden Sie hier unsere\u00a0<strong><a href=\"\/de\/prospekt\/\">Brosch\u00fcren<\/a><\/strong>\u00a0herunter, um sie mit anderen Modellen zu vergleichen.<\/p>\n<p><span style=\"color: #ff9900;\"><em>Rezension von Hub: \u201eSuperschnelle Reaktion, Mittwoch angerufen, Donnerstag konnte ich vorbeikommen, Reparatur perfekt ausgef\u00fchrt, gute alte Handwerkskunst, Hut ab.\u201c<\/em><\/span><\/p>\n","protected":false},"featured_media":13184,"comment_status":"open","ping_status":"closed","template":"","meta":{"_et_pb_use_builder":"","_et_pb_old_content":"","_et_gb_content_width":""},"product_brand":[],"product_cat":[70,69],"product_tag":[],"class_list":{"0":"post-1104","1":"product","2":"type-product","3":"status-publish","4":"has-post-thumbnail","6":"product_cat-erwachsene-alle-modelle","7":"product_cat-alle-duschrollstuehle","8":"pa_duwmodel-zelfrijder-manuell-fahrbar","9":"pa_zitbreedte-48-54-cm-de","11":"first","12":"instock","13":"shipping-taxable","14":"product-type-simple"},"_links":{"self":[{"href":"https:\/\/www.lagooni.com\/de\/wp-json\/wp\/v2\/product\/1104","targetHints":{"allow":["GET"]}}],"collection":[{"href":"https:\/\/www.lagooni.com\/de\/wp-json\/wp\/v2\/product"}],"about":[{"href":"https:\/\/www.lagooni.com\/de\/wp-json\/wp\/v2\/types\/product"}],"replies":[{"embeddable":true,"href":"https:\/\/www.lagooni.com\/de\/wp-json\/wp\/v2\/comments?post=1104"}],"wp:featuredmedia":[{"embeddable":true,"href":"https:\/\/www.lagooni.com\/de\/wp-json\/wp\/v2\/media\/13184"}],"wp:attachment":[{"href":"https:\/\/www.lagooni.com\/de\/wp-json\/wp\/v2\/media?parent=1104"}],"wp:term":[{"taxonomy":"product_brand","embeddable":true,"href":"https:\/\/www.lagooni.com\/de\/wp-json\/wp\/v2\/product_brand?post=1104"},{"taxonomy":"product_cat","embeddable":true,"href":"https:\/\/www.lagooni.com\/de\/wp-json\/wp\/v2\/product_cat?post=1104"},{"taxonomy":"product_tag","embeddable":true,"href":"https:\/\/www.lagooni.com\/de\/wp-json\/wp\/v2\/product_tag?post=1104"}],"curies":[{"name":"wp","href":"https:\/\/api.w.org\/{rel}","templated":true}]}}