{"id":1101,"date":"2020-06-11T19:19:01","date_gmt":"2020-06-11T19:19:01","guid":{"rendered":"https:\/\/lagooni.stijlweb.nl\/product\/lagooni-junior-xs\/"},"modified":"2026-03-24T17:17:38","modified_gmt":"2026-03-24T16:17:38","slug":"lagooni-junior-xs","status":"publish","type":"product","link":"https:\/\/www.lagooni.com\/de\/produkt\/lagooni-junior-xs\/","title":{"rendered":"Lagooni Junior XS"},"content":{"rendered":"<p><em>Diese Angaben sind nur ein Richtwert und h\u00e4ngen stark von der Konfiguration und Einstellung ab.<\/em><\/p>\n<p>&nbsp;<\/p>\n<ul>\n<li>Rollstuhlbreite einschlie\u00dflich R\u00e4der 55-60 cm<\/li>\n<li>Sitzbreite 30-32-34-36 cm<\/li>\n<li>Sitzh\u00f6he vom Boden bis zur Oberkante des Sitzes 47-56 cm<\/li>\n<li>L\u00e4nge des Rollstuhls ca. 79 cm<\/li>\n<li>Gewicht des Rollstuhls ca. 15 kg<\/li>\n<li>Zul\u00e4ssiges Gewicht 120 kg<\/li>\n<li>Empfohlener Abstand von der Wand zum Toilettenrand NVT<\/li>\n<li>H\u00f6he der Toilette NVT<\/li>\n<\/ul>\n","protected":false},"excerpt":{"rendered":"<h3>Anwendungen<\/h3>\n<ul>\n<li>Duschnutzung<\/li>\n<li>Toilettenverwendung (nicht fahrbar \u00fcber die Toilette)<\/li>\n<li>Selbst\u00e4ndiges Fahren<\/li>\n<li>Selbst\u00e4ndiges Transfers<\/li>\n<li>H\u00fcftbreite 30-36 cm<\/li>\n<li>Dekubitus-Pr\u00e4vention<\/li>\n<li>Inkontinenz-Pr\u00e4vention<\/li>\n<li>Verminderte Rumpfstabilit\u00e4t<\/li>\n<li>Einschr\u00e4nkung des H\u00fcftwinkels<\/li>\n<li>Skoliose<\/li>\n<li>Eingeschr\u00e4nkte Arm- und Handfunktion<\/li>\n<li>Kleiner Kniewinkel<\/li>\n<li>Kurze Beinl\u00e4nge<\/li>\n<li>Amputation<\/li>\n<li>Individuelle Anpassung<\/li>\n<\/ul>\n<h3>Dusch-Toiletten-Rollstuhl f\u00fcr kleine Kinder: mit Verstellm\u00f6glichkeiten und fester Fu\u00dfst\u00fctze.<\/h3>\n<p>Der handbetriebene Lagooni Junior XS ist ein kompakter und wendiger Duschrollstuhl. Der Rahmen besteht aus Aluminium in Kombination mit rostfreiem Stahl (Edelstahl). Diese Materialkombination macht den Dusch-Toilettenstuhl leicht und gleichzeitig wasserfest! Dieses besonders schmale Modell verf\u00fcgt \u00fcber eine feste, hochklappbare Fu\u00dfst\u00fctze und einen kleinen Wendekreis. Der Lagooni Junior XS kann aufgrund seiner Ma\u00dfe von kleinen Kindern eigenst\u00e4ndig genutzt werden. Aufgrund des schmalen Rahmens kann der Lagooni Junior XS nicht \u00fcber ein WC gefahren werden, jedoch kann der Rollstuhl problemlos mit einem Toiletteneimer verwendet werden. Der Dusch-Toilettenrollstuhl l\u00e4sst sich schnell und werkzeuglos f\u00fcr den Transport zerlegen. Genie\u00dfen Sie mit minimalem Aufwand maximale Bewegungsfreiheit!<\/p>\n<h3>Vorteile des Lagooni Junior XS<\/h3>\n<ul>\n<li>Verf\u00fcgt \u00fcber eine feste, hochklappbare Fu\u00dfst\u00fctze und einen kleinen Wendekreis.<\/li>\n<li>Kann eigenst\u00e4ndig von jungen und kleinen Kindern verwendet werden.<\/li>\n<li>L\u00e4sst sich von Kopf bis Fu\u00df an Ihre pers\u00f6nlichen Bed\u00fcrfnisse anpassen, ma\u00dfgeschneidert mit nahezu unbegrenzten M\u00f6glichkeiten.<\/li>\n<li>Ist auch als Lagooni Junior f\u00fcr gr\u00f6\u00dfere Kinder erh\u00e4ltlich.<\/li>\n<li><strong><a href=\"https:\/\/www.youtube.com\/watch?v=ckWkje_pfcY\" target=\"_blank\" rel=\"noopener\">Zusammenklappbar f\u00fcr den Transport (Auto)<\/a><\/strong><\/li>\n<\/ul>\n<h3>Ein Lagooni Junior XS nach Ma\u00df f\u00fcr Sie?<\/h3>\n<p>Vereinbaren Sie einen Anpassungstermin mit Ihrem pers\u00f6nlichen Berater oder laden Sie die <a href=\"\/wp-content\/uploads\/2024\/09\/Passformular-Lagooni-Junior-XS-PDF.pdf\"><strong>Anpassbogen f\u00fcr den Lagooni Junior XS<\/strong><\/a> herunter und sehen Sie sich die Spezifikationen des Lagooni Junior XS in unserer <a href=\"\/wp-content\/uploads\/2021\/07\/Lagooni-Junior-XS-DU.pdf\" target=\"_blank\" rel=\"noopener\"><strong>Brosch\u00fcre<\/strong><\/a> an.<\/p>\n<h3>Interessieren Sie sich f\u00fcr andere Lagooni Duschrollst\u00fchle?<\/h3>\n<p>Laden Sie hier unsere\u00a0<strong><a href=\"\/de\/prospekt\/\" target=\"_blank\" rel=\"noopener\">Brosch\u00fcren<\/a><\/strong>\u00a0herunter, um sie mit anderen Modellen zu vergleichen.<\/p>\n","protected":false},"featured_media":13154,"comment_status":"open","ping_status":"closed","template":"","meta":{"_et_pb_use_builder":"","_et_pb_old_content":"","_et_gb_content_width":""},"product_brand":[],"product_cat":[71,69],"product_tag":[],"class_list":{"0":"post-1101","1":"product","2":"type-product","3":"status-publish","4":"has-post-thumbnail","6":"product_cat-kinder","7":"product_cat-alle-duschrollstuehle","8":"pa_duwmodel-zelfrijder-manuell-fahrbar","9":"pa_zitbreedte-30-36-cm-de","11":"first","12":"instock","13":"shipping-taxable","14":"product-type-simple"},"_links":{"self":[{"href":"https:\/\/www.lagooni.com\/de\/wp-json\/wp\/v2\/product\/1101","targetHints":{"allow":["GET"]}}],"collection":[{"href":"https:\/\/www.lagooni.com\/de\/wp-json\/wp\/v2\/product"}],"about":[{"href":"https:\/\/www.lagooni.com\/de\/wp-json\/wp\/v2\/types\/product"}],"replies":[{"embeddable":true,"href":"https:\/\/www.lagooni.com\/de\/wp-json\/wp\/v2\/comments?post=1101"}],"wp:featuredmedia":[{"embeddable":true,"href":"https:\/\/www.lagooni.com\/de\/wp-json\/wp\/v2\/media\/13154"}],"wp:attachment":[{"href":"https:\/\/www.lagooni.com\/de\/wp-json\/wp\/v2\/media?parent=1101"}],"wp:term":[{"taxonomy":"product_brand","embeddable":true,"href":"https:\/\/www.lagooni.com\/de\/wp-json\/wp\/v2\/product_brand?post=1101"},{"taxonomy":"product_cat","embeddable":true,"href":"https:\/\/www.lagooni.com\/de\/wp-json\/wp\/v2\/product_cat?post=1101"},{"taxonomy":"product_tag","embeddable":true,"href":"https:\/\/www.lagooni.com\/de\/wp-json\/wp\/v2\/product_tag?post=1101"}],"curies":[{"name":"wp","href":"https:\/\/api.w.org\/{rel}","templated":true}]}}