{"id":1098,"date":"2020-06-11T19:19:02","date_gmt":"2020-06-11T19:19:02","guid":{"rendered":"https:\/\/lagooni.stijlweb.nl\/product\/lagooni-compact-20-rader-selbstantrieb\/"},"modified":"2026-03-24T17:17:36","modified_gmt":"2026-03-24T16:17:36","slug":"lagooni-compact-20-rader-selbstantrieb","status":"publish","type":"product","link":"https:\/\/www.lagooni.com\/de\/produkt\/lagooni-compact-20-rader-selbstantrieb\/","title":{"rendered":"Lagooni Compact manuell fahrbar"},"content":{"rendered":"<p><em>Diese Angaben sind nur ein Richtwert und h\u00e4ngen stark von der Konfiguration und Einstellung ab.<\/em> \u00a0<\/p>\n<ul>\n<li>Rollstuhlbreite einschlie\u00dflich R\u00e4der 61-68 cm<\/li>\n<li>Sitzbreite 40-42-44-46 cm<\/li>\n<li>Sitzh\u00f6he vom Boden bis zur Oberkante des Sitzes 53-65 cm<\/li>\n<li>L\u00e4nge des Rollstuhls ca. 95 cm<\/li>\n<li>Gewicht des Rollstuhls ca. 21 kg<\/li>\n<li>Zul\u00e4ssiges Gewicht 120 kg<\/li>\n<li>Empfohlener Abstand von der Wand zum Toilettenrand Ab 65 cm<\/li>\n<li>H\u00f6he der Toilette 40-50 cm<\/li>\n<li>Gewicht des Koffers 5 kg<\/li>\n<li>Abmessungen des Koffers H81 x B55 x T35 cm<\/li>\n<\/ul>\n","protected":false},"excerpt":{"rendered":"<h3>Anwendungen<\/h3>\n<ul>\n<li>Duschnutzung<\/li>\n<li>Toilettenverwendung (fahrbar \u00fcber die Toilette)<\/li>\n<li>Reisen (demontierbar)<\/li>\n<li>Selbst\u00e4ndiges Fahren<\/li>\n<li>Selbst\u00e4ndiges Transfers<\/li>\n<li>H\u00fcftbreite 40-46 cm<\/li>\n<li>Dekubitus-Pr\u00e4vention<\/li>\n<li>Inkontinenz-Pr\u00e4vention<\/li>\n<li>Verminderte Rumpfstabilit\u00e4t<\/li>\n<li>Einschr\u00e4nkung des H\u00fcftwinkels<\/li>\n<li>Skoliose<\/li>\n<li>Eingeschr\u00e4nkte Arm- und Handfunktion<\/li>\n<li>Kleiner oder gro\u00dfer Kniewinkel<\/li>\n<li>Kurze oder unterschiedliche Beinl\u00e4nge<\/li>\n<li>Kleiner oder gro\u00dfer Kn\u00f6chelwinkel (Spitzfu\u00df)<\/li>\n<li>Amputation<\/li>\n<li>Unterschiedliche K\u00f6rperl\u00e4nge<\/li>\n<li>Individuelle Anpassung<\/li>\n<\/ul>\n<h3>Kompakter handbetriebener Dusch-Toiletten-Rollstuhl, <a href=\"https:\/\/www.youtube.com\/watch?v=qRtK_OARRIg\" target=\"_blank\" rel=\"noopener\">Verstellm\u00f6glichkeiten<\/a> und f\u00fcr Reisen geeignet<\/h3>\n<p>Der manuell angetriebene Lagooni Compact ist ein leichter und wendiger Duschrollstuhl f\u00fcr Reisen. Der Rahmen besteht aus Aluminium in Kombination mit Edelstahl. Die Verwendung dieser Materialien macht den Dusch-Toilettenstuhl leicht und zudem wasserdicht! Dieser kompakte und besondere Duschstuhl mit schwenkbaren und herausnehmbaren Beinst\u00fctzen l\u00e4sst sich leicht auseinandernehmen, um ihn in einem Koffer zu verstauen. Zerlegen Sie den Dusch-Toilettenrollstuhl schnell und werkzeuglos f\u00fcr den Transport. Genie\u00dfen Sie mit minimalem Aufwand maximale Bewegungsfreiheit!<\/p>\n<h3>Vorteile des Lagooni Compact Handbetriebenen:<\/h3>\n<ul>\n<li>Kann leicht auseinandergebaut und in einem Koffer verstaut werden, um ihn auf Reisen mitzunehmen, wie in <a href=\"https:\/\/youtu.be\/sktXQRt1sUY\"><strong>diesem Video<\/strong><\/a> zu sehen ist.<\/li>\n<li>Erm\u00f6glicht einfache (stehende) Transfers indem die Beinst\u00fctzen weggeschwenkt oder vollst\u00e4ndig aus dem Rahmen entfernt werden.<\/li>\n<li>L\u00e4sst sich von Kopf bis Fu\u00df an Ihre pers\u00f6nlichen Bed\u00fcrfnisse anpassen, ma\u00dfgefertigt mit nahezu endlosen M\u00f6glichkeiten.<\/li>\n<li>Ist auch als <a href=\"\/de\/produkt\/lagooni-compact-mit-lenkrollen\/\"><strong>Schiebemodell<\/strong><\/a> erh\u00e4ltlich.<\/li>\n<\/ul>\n<h3>Ein handbetriebener Lagooni Compact, ma\u00dfgeschneidert f\u00fcr Sie<\/h3>\n<p>Vereinbaren Sie einen Anpassungstermin mit Ihrem pers\u00f6nlichen Berater oder laden Sie die <a href=\"https:\/\/www.lagooni.com\/wp-content\/uploads\/2024\/09\/Passformular-Lagooni-Compact-Schiebemodell-Manuell-fahrbar-PDF.pdf\"><strong>Anpassbogen f\u00fcr den Lagooni Compact Handbetrieben \u2013 Schiebemodell<\/strong><\/a> herunter und sehen Sie sich die Spezifikationen des Lagooni Compact handbetriebenen in unserer <strong><a href=\"\/wp-content\/uploads\/2020\/07\/Lagooni-Compact-manuell-fahrbar-DU.pdf\">Brosch\u00fcre <\/a><\/strong>an.<\/p>\n<h3>Interessieren Sie sich f\u00fcr andere Lagooni Duschrollst\u00fchle?<\/h3>\n<p>Laden Sie hier unsere\u00a0<strong><a href=\"\/de\/prospekt\/\" target=\"_blank\" rel=\"noopener\">Brosch\u00fcren<\/a><\/strong>\u00a0herunter, um sie mit anderen Modellen zu vergleichen.<\/p>\n","protected":false},"featured_media":13142,"comment_status":"open","ping_status":"closed","template":"","meta":{"_et_pb_use_builder":"","_et_pb_old_content":"<ul>\r\n \t<li>Aluminium-Rahmen<\/li>\r\n \t<li>20\u201d Hinterr\u00e4der mit solider Gummibereifung<\/li>\r\n \t<li>Sitz in H\u00f6he und Winkel verstellbar, massgefertigt mit Polyethern und Neopren Polsterung<\/li>\r\n \t<li>Sitzbreite 40-42-44-46 cm<\/li>\r\n \t<li>R\u00fcckenlehneradius verstellbar sowie faltbare R\u00fcckenlehne<\/li>\r\n \t<li>Armlehnen wegdrehbar und herausnehmbar<\/li>\r\n \t<li>Abnehmbare und wegdrehbare Beinst\u00fctzen mit Fu\u00dfst\u00fctzen<\/li>\r\n \t<li>Maximales Gewicht: 120 kg<\/li>\r\n \t<li>Sitzh\u00f6he vom Boden: 53 cm bis 61 cm<\/li>\r\n \t<li>Stuhll\u00e4nge inklusive R\u00e4der: ab 78 cm und inklusiv Beinst\u00fctzen 87 cm<\/li>\r\n \t<li>Gesamtgewicht des ganzen Stuhls: 17 kg<\/li>\r\n \t<li>Stuhlbreite inkl. R\u00e4der: 50-70 cm (abh\u00e4ngig vom Sitz)<\/li>\r\n \t<li>Empfohlenes Toiletten-L\u00e4ngenma\u00df (Wand zum Rand): 63 cm oder l\u00e4nger<\/li>\r\n<\/ul>","_et_gb_content_width":""},"product_brand":[],"product_cat":[70,71,72,69],"product_tag":[],"class_list":{"0":"post-1098","1":"product","2":"type-product","3":"status-publish","4":"has-post-thumbnail","6":"product_cat-erwachsene-alle-modelle","7":"product_cat-kinder","8":"product_cat-reise","9":"product_cat-alle-duschrollstuehle","10":"pa_duwmodel-zelfrijder-manuell-fahrbar","11":"pa_zitbreedte-40-46-cm-de","13":"first","14":"instock","15":"shipping-taxable","16":"product-type-simple"},"_links":{"self":[{"href":"https:\/\/www.lagooni.com\/de\/wp-json\/wp\/v2\/product\/1098","targetHints":{"allow":["GET"]}}],"collection":[{"href":"https:\/\/www.lagooni.com\/de\/wp-json\/wp\/v2\/product"}],"about":[{"href":"https:\/\/www.lagooni.com\/de\/wp-json\/wp\/v2\/types\/product"}],"replies":[{"embeddable":true,"href":"https:\/\/www.lagooni.com\/de\/wp-json\/wp\/v2\/comments?post=1098"}],"wp:featuredmedia":[{"embeddable":true,"href":"https:\/\/www.lagooni.com\/de\/wp-json\/wp\/v2\/media\/13142"}],"wp:attachment":[{"href":"https:\/\/www.lagooni.com\/de\/wp-json\/wp\/v2\/media?parent=1098"}],"wp:term":[{"taxonomy":"product_brand","embeddable":true,"href":"https:\/\/www.lagooni.com\/de\/wp-json\/wp\/v2\/product_brand?post=1098"},{"taxonomy":"product_cat","embeddable":true,"href":"https:\/\/www.lagooni.com\/de\/wp-json\/wp\/v2\/product_cat?post=1098"},{"taxonomy":"product_tag","embeddable":true,"href":"https:\/\/www.lagooni.com\/de\/wp-json\/wp\/v2\/product_tag?post=1098"}],"curies":[{"name":"wp","href":"https:\/\/api.w.org\/{rel}","templated":true}]}}