{"id":809,"date":"2017-05-15T00:00:00","date_gmt":"2017-05-15T00:00:00","guid":{"rendered":"https:\/\/lagooni.stijlweb.nl\/urlaub-mit-rollstuhl\/"},"modified":"2021-01-26T14:33:49","modified_gmt":"2021-01-26T14:33:49","slug":"urlaub-mit-rollstuhl","status":"publish","type":"page","link":"https:\/\/www.lagooni.com\/de\/urlaub-mit-rollstuhl\/","title":{"rendered":"Urlaub mit Rollstuhl"},"content":{"rendered":"<p>[et_pb_section fb_built=&#8220;1&#8243; admin_label=&#8220;section&#8220; _builder_version=&#8220;3.22&#8243;][et_pb_row admin_label=&#8220;row&#8220; _builder_version=&#8220;3.25&#8243; background_size=&#8220;initial&#8220; background_position=&#8220;top_left&#8220; background_repeat=&#8220;repeat&#8220;][et_pb_column type=&#8220;4_4&#8243; _builder_version=&#8220;3.25&#8243; custom_padding=&#8220;|||&#8220; custom_padding__hover=&#8220;|||&#8220;][et_pb_text admin_label=&#8220;Text&#8220; _builder_version=&#8220;4.6.0&#8243; background_size=&#8220;initial&#8220; background_position=&#8220;top_left&#8220; background_repeat=&#8220;repeat&#8220; hover_enabled=&#8220;0&#8243; sticky_enabled=&#8220;0&#8243;]<\/p>\n<p>Lagooni hat genau den Reise-Duschrollstuhl den Sie brauchen, um nicht mehr zu z\u00f6gern wenn Sie Lust auf Urlaub bekommen.<\/p>\n<h2>Urlaub mit Rollstuhl Lagooni macht es m\u00f6glich<\/h2>\n<p><a href=\"\/de?product_cat=alle-modelle\/reise\"><img decoding=\"async\" class=\"alignleft wp-image-1597\" title=\"Urlaub mit rollstuhl\" src=\"\/files\/2017\/05\/urlaub-mit-rollstuhl.jpg\" alt=\"Urlaub mit rollstuhl\" width=\"200\" height=\"200\" \/><\/a>M\u00f6chten Sie auch gerne in den Urlaub fahren, jedoch in Ihrem Fall ist es <strong>Urlaub im Rollstuhl<\/strong>? Lagooni hat genau den Reise-Duschrollstuhl den Sie brauchen, um nicht mehr zu z\u00f6gern wenn Sie Lust auf Urlaub bekommen.<\/p>\n<p>Urlaub im Rollstuhl mit Lagooni ist <strong>kein Problem mehr<\/strong>. Der Reise-Duschrollstuhl von Lagooni ist ein wahres <strong>Leichtgewicht<\/strong> und <strong>passt in einen handlichen Reisekoffer<\/strong>.<\/p>\n<p>&nbsp;<\/p>\n<p><a class=\"button\" title=\"Urlaub mit Rollstuhl\" href=\"\/de\/product-categorie\/alle-duschrollstuehle\/reise\/\">Urlaub mit Rollstuhl<\/a><\/p>\n<p>&nbsp;<\/p>\n<h2>Reiserollst\u00fchle f\u00fcr einen Urlaub mit Rollstuhl<\/h2>\n<p>Der <strong><a title=\"Lagooni Compact\" href=\"\/de\/produkt\/lagooni-compact-mit-lenkrollen\/\">Lagooni Compact<\/a> <\/strong>eignet sich besten f\u00fcr Ihren Urlaub im Rollstuhl. Wir haben f\u00fcr den <strong><a title=\"Lagooni Compact Reiserollstuhl\" href=\"\/de\/produkt\/lagooni-compact-20-rader-selbstantrieb\/\">Lagooni Compact Reiserollstuhl<\/a> <\/strong>einen federleichten ma\u00dfgefertigten Koffer entworfen, in dem Sie Ihren Reise-Duschstuhl zu jeder Zeit gesch\u00fctzt mitnehmen k\u00f6nnen.<\/p>\n<p>Einmal angekommen ist der <strong><a title=\"Fahrbare Toilletten- Duschstuhl\" href=\"\/de\/duschstuhl-fahrbar\/\">fahrbare Toiletten- Duschstuhl<\/a><\/strong> im <strong>Handumdrehen ausgepackt<\/strong> und Sie k\u00f6nnen Ihn wieder nach Wunsch einstellen. So wird der Urlaub im Rollstuhl um einiges erleichtert.<\/p>\n<p>Mehr Informationen zu Urlaub im Rollstuhl und dem Reise-Duschstuhl finden sie auf <a href=\"\/de\/product-categorie\/alle-duschrollstuehle\/reise\/\"><strong>der Seite<\/strong> zu Urlaub im Rollstuhl<\/a>.<\/p>\n<p>&nbsp;<\/p>\n<h2>Fahrbarer Toilettenstuhl von Lagooni<\/h2>\n<p>Ein fahrbarer Toilettenstuhl vom Hersteller Lagooni ist viel mehr als nur ein gew\u00f6hnlicher fahrbarer Toilettenstuhl. Er eignet sich auch sehr gut als <strong>Reise- Duschstuhl<\/strong>. <strong>Stabilit\u00e4t<\/strong> und <strong>Flexibilit\u00e4t<\/strong> bekommt dieser fahrbare Toilettenstuhl von Lagooni durch seine manuell fahrbaren R\u00e4dern.<\/p>\n<p>Es ist also ein fahrbarer Toilettenstuhl, mit <strong>viel mehr Bewegungsfreiheit<\/strong>, durch einfaches Einstellen der Sitzh\u00f6he, Arm- und R\u00fcckenlehne und der Beinst\u00fctzen. Lagooni\u2019s fahrbarer Toilettenst\u00fchle sind alle sehr leicht, durch robuste Aluminiumrahmen. Die stabile R\u00fcckenlehne ist problemlos im Winkel verstellbar.<\/p>\n<p>&nbsp;<\/p>\n<p><a class=\"button btn-wit\" title=\"Fahrbarer Toilettenstuhl\" href=\"\/de\/toilettenstuhl-fahrbar\/toilettenstuhl-fahrbar\/\">Fahrbarer Toilettenstuhl<\/a><\/p>\n<h2><\/h2>\n<h2><\/h2>\n<h2><\/h2>\n<h2>Lagooni\u2019s fahrbarer Toilettenstuhl f\u00fcr Alle<\/h2>\n<p>Lagooni\u2019s <strong>fahrbarer Toilettenstuhl<\/strong> kann auch f\u00fcr Ihren Urlaub im Rollstuhl beziehungsweise als Reise-Duschstuhl genutzt werden. Lagooni\u2019s Dusch-Toilettenst\u00fchle sind <strong>sehr praktisch<\/strong> und auch <strong>sehr gut geeignet f\u00fcr Kinde<\/strong>r ab circa 90cm. K\u00f6rpergr\u00f6\u00dfe.<\/p>\n<p>Der <strong><a title=\"Lagooni Junior XS\" href=\"\/de\/produkt\/lagooni-junior-xs\/\">Lagooni Junior XS<\/a><\/strong>, ist ein fahrbarer Toilettenstuhl, der genauso wie der Lagooni Junior mitwachsen kann. Ohne viel M\u00fche stellen Sie die H\u00f6he der Sitzfl\u00e4che auf die gew\u00fcnschte gr\u00f6\u00dfe ein. Die Modelle <strong><a title=\"Lagooni Junior\" href=\"\/de\/produkt\/lagooni-junior\/\">Lagooni Junior<\/a><\/strong> und Junior XS eignen Sich sehr gut als Reise- Duschstuhl. Demnach k\u00f6nnen auch mit den kleinsten Urlaub im Rollstuhl machen.<\/p>\n<p>Schauen Sie sich auch unsere Kundenbewertungen an und lesen Sie selbst, wie Lagooni\u2019s fahrbarer Toilettenstuhl das Leben anderer Rollstuhlnutzer positiv ver\u00e4ndert hat.<\/p>\n<p>&nbsp;<\/p>\n<p><a class=\"button\" title=\"Reise-Duschrollstuhl\" href=\"\/de\/product-categorie\/alle-duschrollstuehle\/reise\/\">Reise-Duschrollstuhl<\/a><\/p>\n<p>[\/et_pb_text][\/et_pb_column][\/et_pb_row][\/et_pb_section]<\/p>\n","protected":false},"excerpt":{"rendered":"<p>Lagooni hat genau den Reise-Duschrollstuhl den Sie brauchen, um nicht mehr zu z\u00f6gern wenn Sie Lust auf Urlaub bekommen. Urlaub mit Rollstuhl Lagooni macht es m\u00f6glich M\u00f6chten Sie auch gerne in den Urlaub fahren, jedoch in Ihrem Fall ist es Urlaub im Rollstuhl? Lagooni hat genau den Reise-Duschrollstuhl den Sie brauchen, um nicht mehr zu [&hellip;]<\/p>\n","protected":false},"author":1,"featured_media":128,"parent":0,"menu_order":0,"comment_status":"closed","ping_status":"closed","template":"","meta":{"_et_pb_use_builder":"on","_et_pb_old_content":"Lagooni hat genau den Reise-Duschrollstuhl den Sie brauchen, um nicht mehr zu z\u00f6gern wenn Sie Lust auf Urlaub bekommen.\r\n\r\n<h2>Urlaub mit Rollstuhl Lagooni macht es m\u00f6glich<\/h2>\n<a href=\"\/de\/product-categorie\/alle-modelle\/reise\/\"><img class=\"alignleft wp-image-1597\" title=\"Urlaub mit rollstuhl\" src=\"\/files\/2017\/05\/urlaub-mit-rollstuhl.jpg\" alt=\"Urlaub mit rollstuhl\" width=\"200\" height=\"200\" \/><\/a>M\u00f6chten Sie auch gerne in den Urlaub fahren, jedoch in Ihrem Fall ist es <strong><a title=\"Urlaub im Rollstuhl\" href=\"\/de\/product-categorie\/alle-modelle\/reise\/\">Urlaub im Rollstuhl<\/a><\/strong>? Lagooni hat genau den Reise-Duschrollstuhl den Sie brauchen, um nicht mehr zu z\u00f6gern wenn Sie Lust auf Urlaub bekommen.\n\nUrlaub im Rollstuhl mit Lagooni ist <strong>kein Problem mehr<\/strong>. Der Reise-Duschrollstuhl von Lagooni ist ein wahres <strong>Leichtgewicht<\/strong> und <strong>passt in einen handlichen Reisekoffer<\/strong>.\n\n<a class=\"button\" title=\"Urlaub mit Rollstuhl\" href=\"\/de\/product-categorie\/alle-modelle\/reise\/\">Urlaub mit Rollstuhl<\/a>\r\n\r\n<h2>Reiserollst\u00fchle f\u00fcr einen Urlaub mit Rollstuhl<\/h2>\nDer <strong><a title=\"Lagooni Compact\" href=\"\/de\/produkt\/lagooni-compact-20-rader-selbstantrieb\/\">Lagooni Compact<\/a> <\/strong>eignet sich besten f\u00fcr Ihren Urlaub im Rollstuhl. Wir haben f\u00fcr den <strong><a title=\"Lagooni Compact Reiserollstuhl\" href=\"\/de\/produkt\/lagooni-compact-mit-lenkrollen\/\">Lagooni Compact Reiserollstuhl<\/a> <\/strong>einen federleichten ma\u00dfgefertigten Koffer entworfen, in dem Sie Ihren Reise-Duschstuhl zu jeder Zeit gesch\u00fctzt mitnehmen k\u00f6nnen.\n\nEinmal angekommen ist der <strong><a title=\"Fahrbare Toilletten- Duschstuhl\" href=\"\/de\/duschstuhl-fahrbar\/\">fahrbare Toiletten- Duschstuhl<\/a><\/strong> im <strong>Handumdrehen ausgepackt<\/strong> und Sie k\u00f6nnen Ihn wieder nach Wunsch einstellen. So wird der Urlaub im Rollstuhl um einiges erleichtert.\n\n&nbsp;\n\nMehr Informationen zu Urlaub im Rollstuhl und dem Reise-Duschstuhl finden sie auf <a href=\"\/de\/product-categorie\/alle-modelle\/reise\/\"><strong>der Seite<\/strong> zu Urlaub im Rollstuhl<\/a>.\r\n\r\n<h2>Fahrbarer Toilettenstuhl von Lagooni<\/h2>\nEin fahrbarer Toilettenstuhl vom Hersteller Lagooni ist viel mehr als nur ein gew\u00f6hnlicher fahrbarer Toilettenstuhl. Er eignet sich auch sehr gut als <strong>Reise- Duschstuhl<\/strong>. <strong>Stabilit\u00e4t<\/strong> und <strong>Flexibilit\u00e4t<\/strong> bekommt dieser fahrbare Toilettenstuhl von Lagooni durch seine manuell fahrbaren R\u00e4dern.\n\nEs ist also ein fahrbarer Toilettenstuhl, mit <strong>viel mehr Bewegungsfreiheit<\/strong>, durch einfaches Einstellen der Sitzh\u00f6he, Arm- und R\u00fcckenlehne und der Beinst\u00fctzen. Lagooni\u2019s fahrbarer Toilettenst\u00fchle sind alle sehr leicht, durch robuste Aluminiumrahmen. Die stabile R\u00fcckenlehne ist problemlos im Winkel verstellbar.\n\n&nbsp;\n\n<a class=\"button btn-wit\" title=\"Fahrbarer Toilettenstuhl\" href=\"\/?p=774\">Fahrbarer Toilettenstuhl<\/a>\r\n\r\n<h2>Lagooni\u2019s fahrbarer Toilettenstuhl f\u00fcr Alle<\/h2>\nLagooni\u2019s <strong><a title=\"Fahrbarere Toilettenstuhl\" href=\"\/?p=774\">fahrbarer Toilettenstuhl<\/a><\/strong> kann auch f\u00fcr Ihren Urlaub im Rollstuhl beziehungsweise als Reise-Duschstuhl genutzt werden. Lagooni\u2019s Dusch-Toilettenst\u00fchle sind <strong>sehr praktisch<\/strong> und auch <strong>sehr gut geeignet f\u00fcr Kinde<\/strong>r ab circa 90cm. K\u00f6rpergr\u00f6\u00dfe.\n\nDer <strong><a title=\"Lagooni Junior XS\" href=\"\/de\/produkt\/lagooni-junior-xs\/\">Lagooni Junior XS<\/a><\/strong>, ist ein fahrbarer Toilettenstuhl, der genauso wie der Lagooni Junior mitwachsen kann. Ohne viel M\u00fche stellen Sie die H\u00f6he der Sitzfl\u00e4che auf die gew\u00fcnschte gr\u00f6\u00dfe ein. Die Modelle <strong><a title=\"Lagooni Junior\" href=\"\/de\/produkt\/lagooni-junior\/\">Lagooni Junior<\/a><\/strong> und Junior XS eignen Sich sehr gut als Reise- Duschstuhl. Demnach k\u00f6nnen auch mit den kleinsten Urlaub im Rollstuhl machen.\n\nSchauen Sie sich auch unsere Kundenbewertungen an und lesen Sie selbst, wie Lagooni\u2019s fahrbarer Toilettenstuhl das Leben anderer Rollstuhlnutzer positiv ver\u00e4ndert hat.\n\n<a class=\"button\" title=\"Reise-Duschrollstuhl\" href=\"\/de\/product-categorie\/alle-modelle\/reise\/\">Reise-Duschrollstuhl<\/a>","_et_gb_content_width":"","footnotes":""},"class_list":["post-809","page","type-page","status-publish","has-post-thumbnail","hentry"],"_links":{"self":[{"href":"https:\/\/www.lagooni.com\/de\/wp-json\/wp\/v2\/pages\/809","targetHints":{"allow":["GET"]}}],"collection":[{"href":"https:\/\/www.lagooni.com\/de\/wp-json\/wp\/v2\/pages"}],"about":[{"href":"https:\/\/www.lagooni.com\/de\/wp-json\/wp\/v2\/types\/page"}],"author":[{"embeddable":true,"href":"https:\/\/www.lagooni.com\/de\/wp-json\/wp\/v2\/users\/1"}],"replies":[{"embeddable":true,"href":"https:\/\/www.lagooni.com\/de\/wp-json\/wp\/v2\/comments?post=809"}],"version-history":[{"count":2,"href":"https:\/\/www.lagooni.com\/de\/wp-json\/wp\/v2\/pages\/809\/revisions"}],"predecessor-version":[{"id":5176,"href":"https:\/\/www.lagooni.com\/de\/wp-json\/wp\/v2\/pages\/809\/revisions\/5176"}],"wp:featuredmedia":[{"embeddable":true,"href":"https:\/\/www.lagooni.com\/de\/wp-json\/wp\/v2\/media\/128"}],"wp:attachment":[{"href":"https:\/\/www.lagooni.com\/de\/wp-json\/wp\/v2\/media?parent=809"}],"curies":[{"name":"wp","href":"https:\/\/api.w.org\/{rel}","templated":true}]}}