{"id":808,"date":"2017-05-15T00:00:00","date_gmt":"2017-05-15T00:00:00","guid":{"rendered":"https:\/\/lagooni.stijlweb.nl\/duschstuhl-fahrbar\/"},"modified":"2017-05-15T00:00:00","modified_gmt":"2017-05-15T00:00:00","slug":"duschstuhl-fahrbar","status":"publish","type":"page","link":"https:\/\/www.lagooni.com\/de\/duschstuhl-fahrbar\/","title":{"rendered":"Duschstuhl fahrbar"},"content":{"rendered":"<p>Fahrbare Dusch- und Toilettenstuhl Modelle von Lagooni bestechen besonders durch den <strong>niedrigen Preis<\/strong> in der Anschaffung und dem <strong>maximalen Komfort<\/strong> und der Praxis.<\/p>\n<h2>Lagooni Webshop &#8211; Duschstuhl fahrbar Informationen<\/h2>\n<p>Der Lagooni Webshop zur Anschaffung eines fahrbaren Duschstuhles richtet sich an Lieferanten aus der Pflege, an Privatpersonen sowie an professionelle Einrichtungen wie Kranken- und Pflegeh\u00e4user. Im Jahre 2009 wurde die Firma gegr\u00fcndet und ist Heutzutage europaweit bei Privat- und Gesch\u00e4ftskunden sehr bekannt.<\/p>\n<p>Hier kaufen Sie einen Duschstuhl fahrbar, welcher <strong>weitaus flexibler<\/strong> ist wie andere Modelle auf dem Markt. <a href=\"\/de\/produkt\/lagooni-compact-20-rader-selbstantrieb\/\"><img decoding=\"async\" class=\"alignright wp-image-1593\" title=\"Duschstuhl fahrbar\" src=\"\/files\/2017\/05\/duschstuhl-fahrbar.jpg\" alt=\"Duschstuhl fahrbar\" width=\"220\" height=\"181\" \/><\/a><a title=\"Fahrbare Dusch- und Toilettenstuhl\" href=\"\/de\/dusch-toilettenrollstuhl\/\">Fahrbare Dusch- und Toilettenstuhl<\/a> Modelle von Lagooni bestechen besonders durch den <strong>niedrigen Preis<\/strong> in der Anschaffung und dem <strong>maximalen Komfort<\/strong> und der Praxis.<\/p>\n<p><a class=\"button btn-wit\" title=\"Duschstuhl fahrbar\" href=\"\/de\/product-categorie\/alle-modelle\/\">Duschstuhl fahrbar<\/a><\/p>\n<h2>Modellauswahl Duschstuhl fahrbar Firma Lagooni<\/h2>\n<p>Fahrbare Duschst\u00fchle von Lagooni sind im Moment in 8 verschiedenen Ausf\u00fchrungen lieferbar. <a title=\"Unser Sortiment\" href=\"\/de\/product-categorie\/alle-modelle\/\">Unser Sortiment<\/a> richtet sich an jedermann. Unsere Mission ist es das sich jeder Mensch in dem f\u00fcr Ihn jeweils passenden Duschstuhl zu 100% wohl f\u00fchlt.<\/p>\n<p>&nbsp;<\/p>\n<p>F\u00fcr Kinder ab einer K\u00f6rpergr\u00f6\u00dfe von unter einem Meter empfehlen wir unseren <a title=\"Lagooni Junior XS\" href=\"\/de\/produkt\/lagooni-junior-xs\/\">Lagooni Junior XS<\/a>. Die Sitzbreite ist wie bei vielen Modellen wahlweise anzupassen, in diesem Falle in einem Raster von 30 bis 36cm. Klicken Sie <a title=\"Alle modelle\" href=\"\/de\/product-categorie\/alle-modelle\/\">hier<\/a> f\u00fcr eine Modell\u00fcbersicht von unseren Duschstuhl fahrbar Modellen.<\/p>\n<h2>Lagooni Angebot: fahrbarer Dusch- und Toilettenstuhl<\/h2>\n<p>Alle 8 verschiedenen fahrbaren Dusch- und Toilettenstuhl Modelle von Lagooni sind per direkt aus dem eigenen Lager lieferbar. Lagooni garantiert einen 1A Service und das alles aus einer Hand. Hier kaufen Sie fahrbare Dusch- und Toilettenstuhl Kreationen zusammen <strong>mit einem Topservice<\/strong> schon bei der Anschaffung.<\/p>\n<p>Alle Ersatzteile sind <strong>immer vorr\u00e4tig<\/strong> und <strong>schnell lieferbar<\/strong>. Die h\u00f6henverstellbaren Elemente aller fahrbaren Dusch- und Toilettenst\u00fchle werden <strong>professionell<\/strong> und schnell gewartet. Klicken Sie hier unten auf die Buttons f\u00fcr mehr Informationen zu unserem Angebot zu fahrbaren Dusch- und Toilettenstuhl Modellen.<\/p>\n<p><a class=\"button\" title=\"Duschstuhl\" href=\"\/de\/duschstuhl\/\">Duschstuhl<\/a> <a class=\"button btn-wit\" title=\"Toilettenstuhl\" href=\"https:\/\/www.lagooni.com\/de\/?attachment_id=781\">Toilettenstuhl<\/a><\/p>\n<h2>Duschstuhl fahrbar und Toilettenstuhl Modelle<\/h2>\n<p>Wer einen Duschstuhl fahrbar oder andere Toilettenstuhl Modelle sucht ist oft auf die Rezensionen anderer Nutzer angewiesen. Falls Sie in naher Zukunft planen einen fahrbaren Duschstuhl oder einen Toilettenstuhl zu kaufen und sich noch nicht sicher sind ob wir der richtige Anbieter f\u00fcr Sie sind.<\/p>\n<p>So verweisen wir Sie immer gerne zu unseren <a title=\"Aktuellen Kundenmeinungen\" href=\"\/de\/testimonials\/\">aktuellen Kundenmeinungen<\/a>. Ein jeder Kunde ist weitaus begeistert in dem Moment in dem er zum ersten Mal seinen eigenen pers\u00f6nlichen fahrbaren Duschstuhl sitzen darf. Die praktischen Innovationen und der Praxiskomfort \u00fcberzeugen garantiert!<\/p>\n<p><a class=\"button\" title=\"Duschstuhl fahrbar\" href=\"\/de\/product-categorie\/alle-modelle\/\">Duschstuhl fahrbar<\/a><\/p>\n","protected":false},"excerpt":{"rendered":"<p>Fahrbare Dusch- und Toilettenstuhl Modelle von Lagooni bestechen besonders durch den niedrigen Preis in der Anschaffung und dem maximalen Komfort und der Praxis. Lagooni Webshop &#8211; Duschstuhl fahrbar Informationen Der Lagooni Webshop zur Anschaffung eines fahrbaren Duschstuhles richtet sich an Lieferanten aus der Pflege, an Privatpersonen sowie an professionelle Einrichtungen wie Kranken- und Pflegeh\u00e4user. Im [&hellip;]<\/p>\n","protected":false},"author":1,"featured_media":124,"parent":0,"menu_order":0,"comment_status":"closed","ping_status":"closed","template":"","meta":{"_et_pb_use_builder":"","_et_pb_old_content":"","_et_gb_content_width":"","footnotes":""},"class_list":["post-808","page","type-page","status-publish","has-post-thumbnail","hentry"],"_links":{"self":[{"href":"https:\/\/www.lagooni.com\/de\/wp-json\/wp\/v2\/pages\/808","targetHints":{"allow":["GET"]}}],"collection":[{"href":"https:\/\/www.lagooni.com\/de\/wp-json\/wp\/v2\/pages"}],"about":[{"href":"https:\/\/www.lagooni.com\/de\/wp-json\/wp\/v2\/types\/page"}],"author":[{"embeddable":true,"href":"https:\/\/www.lagooni.com\/de\/wp-json\/wp\/v2\/users\/1"}],"replies":[{"embeddable":true,"href":"https:\/\/www.lagooni.com\/de\/wp-json\/wp\/v2\/comments?post=808"}],"version-history":[{"count":0,"href":"https:\/\/www.lagooni.com\/de\/wp-json\/wp\/v2\/pages\/808\/revisions"}],"wp:featuredmedia":[{"embeddable":true,"href":"https:\/\/www.lagooni.com\/de\/wp-json\/wp\/v2\/media\/124"}],"wp:attachment":[{"href":"https:\/\/www.lagooni.com\/de\/wp-json\/wp\/v2\/media?parent=808"}],"curies":[{"name":"wp","href":"https:\/\/api.w.org\/{rel}","templated":true}]}}