{"id":794,"date":"2017-05-15T00:00:00","date_gmt":"2017-05-15T00:00:00","guid":{"rendered":"https:\/\/lagooni.stijlweb.nl\/leichter-rollstuhl\/"},"modified":"2024-11-01T15:35:28","modified_gmt":"2024-11-01T14:35:28","slug":"leichter-rollstuhl","status":"publish","type":"page","link":"https:\/\/www.lagooni.com\/de\/leichter-rollstuhl\/","title":{"rendered":"Leichter Rollstuhl"},"content":{"rendered":"<p>[et_pb_section fb_built=&#8220;1&#8243; admin_label=&#8220;section&#8220; _builder_version=&#8220;4.16&#8243; global_colors_info=&#8220;{}&#8220;][et_pb_row admin_label=&#8220;row&#8220; _builder_version=&#8220;4.16&#8243; background_size=&#8220;initial&#8220; background_position=&#8220;top_left&#8220; background_repeat=&#8220;repeat&#8220; global_colors_info=&#8220;{}&#8220;][et_pb_column type=&#8220;4_4&#8243; _builder_version=&#8220;4.16&#8243; custom_padding=&#8220;|||&#8220; global_colors_info=&#8220;{}&#8220; custom_padding__hover=&#8220;|||&#8220;][et_pb_text admin_label=&#8220;Text&#8220; _builder_version=&#8220;4.16&#8243; background_size=&#8220;initial&#8220; background_position=&#8220;top_left&#8220; background_repeat=&#8220;repeat&#8220; global_colors_info=&#8220;{}&#8220;]<\/p>\n<p>Ein <strong>leichter Rollstuhl<\/strong> von Lagooni, ist die neueste innovation unter den Dusch- Rollst\u00fchlen.<\/p>\n<h2>Lagooni\u2019s leichter Rollstuhl<\/h2>\n<p><a href=\"\/\"><img decoding=\"async\" class=\"wp-image-1583 alignright\" title=\"Lichter rollstuhl\" src=\"\/files\/2017\/05\/leichter-rollstuhl.png\" alt=\"Lichter rollstuhl\" width=\"160\" height=\"161\" \/><\/a><\/p>\n<p>Ein leichter Rollstuhl von Lagooni, ist die neueste innovation unter den Dusch- Rollst\u00fchlen. Mit nur 14 kg Leergewicht ist der Lagooni Compact als <strong>sehr leichter Rollstuhl<\/strong> zu bezeichnen. Hinzu kommt, dass er mit vier Lenkr\u00e4dern inklusive Bremsen ausgestattet ist, diese sind m\u00fchelos ohne extra Werkzeug demontierbar.<\/p>\n<p>Dieser leichter Rollstuhl ist geeignet als <strong><a title=\"Dusch- Rollstuhl\" href=\"https:\/\/www.lagooni.com\/de\/?attachment_id=767\">Dusch- Rollstuhl<\/a>,<\/strong> aber auch als <strong><a title=\"Toilettenstuhl\" href=\"https:\/\/www.lagooni.com\/de\/?attachment_id=781\">Toilettenstuhl<\/a>.<\/strong> Auch auf Reise ist f\u00fcr Sie dieser leichter Rollstuhl ein treuer Gef\u00e4hrte. <strong>Er passt in einen Standard Reisekoffer<\/strong> oder -trollie und durch seine kompakte Gr\u00f6\u00dfe passt er auch in kleinere Duschen und Badezimmer.<\/p>\n<p>Ein leichter Rollstuhl von Lagooni zum Duschen und oder als Toilettenrollstuhl, verbessert auch Ihre Lebensqualit\u00e4t, da der Nutzer von Lagooni\u2019s leichten Rollst\u00fchlen unabh\u00e4ngiger und selbst\u00e4ndiger wird.<\/p>\n<p>Dank dem Aluminiumrahmen ist dieser leichter Rollstuhl <strong>sehr best\u00e4ndig und einfach zu reinigen<\/strong>. Die R\u00fcckenlehne ist im Winkel verstellbar, die Sitzh\u00f6he wird durch das justieren der Sitzplatte eingestellt. Des weiteren verf\u00fcgt dieser leichter Rollstuhl \u00fcber verdrehbare, sowie <strong>abnehmbare Bein- und Fu\u00dfst\u00fctzen<\/strong>. Diesen leichten Rollstuhl, sowie weitere Informationen und Modelle von Lagooni auf <strong><a href=\"https:\/\/www.lagooni.com\/de\/product-categorie\/alle-duschrollstuehle\/\">der Seite mit alle Modelle<\/a><\/strong>.<\/p>\n<p>&nbsp;<\/p>\n<p><a class=\"button\" title=\"Leichter rollstuhl\" href=\"https:\/\/www.lagooni.com\/de\/product-categorie\/alle-duschrollstuehle\/\">Leichter rollstuhl<\/a><\/p>\n<p>&nbsp;<\/p>\n<h2>Mobiler Duschstuhl flexibel und leicht von Lagooni Online<\/h2>\n<p>Ein mobiler Duschstuhl von Lagooni bietet Ihnen <strong>unbegrenzte M\u00f6glichkeiten<\/strong> f\u00fcr alle Lebenslagen, ob Zuhause, auf Reise oder in der Sauna. Sie k\u00f6nnen bei Lagooni aus verschiedenen Modellen w\u00e4hlen. Wir haben 8 Standard Modellen, welche auf Ihre eigenen Anspr\u00fcche und W\u00fcnsch angepast werden k\u00f6nnen.<\/p>\n<p>Ein mobiler Duschstuhl mit vier kleinen R\u00e4dern oder aber auch mit zwei 20\u201d oder 24\u201d Hinterr\u00e4dern mit solidem Gummireifen, sind bei Lagooni <strong><a title=\"Dusch- Toiletten-Rollst\u00fchlen\" href=\"https:\/\/www.lagooni.com\/de\/dusch-toilettenrollstuhl\/\">Dusch- Toiletten- Rollst\u00fchlen<\/a><\/strong> m\u00f6glich. Denn das Ziel von Lagooni ist, den mobilen Duschstuhl Nutzern das Leben mit einer Behinderung zu erleichtern.<\/p>\n<p>Schauen Sie sich auch die extra M\u00f6glichkeiten auf unserer Webseite an. Ein<strong> <a title=\"Mobiler Duschstuhl\" href=\"https:\/\/www.lagooni.com\/de\/duschstuhl-fahrbar\/\">mobiler Duschstuhl<\/a><\/strong> von Lagooni kann mit diversen Zubeh\u00f6r auf Ihre eigenen <strong>Anforderung ma\u00dfgefertigt werden<\/strong>. Lagooni\u2019s mobiler Duschstuhl kann zum Beispiel mit extra Wadenschutz, Kopfst\u00fctze, Seitenhalt, Wadenst\u00fctze, Tischblatt, Anti-Kipp System, aber auch mit Fu\u00dfst\u00fctze mit Polyethern und Platilon Polsterung, Ma\u00dfgefertigte Armlehnen oder Armlehnen mit Polyethern und Neopren Polsterung und noch vieles mehr ausgestattet werden.<\/p>\n<p>&nbsp;<\/p>\n<p>&nbsp;<\/p>\n<h2>Mobiler und leichter Rollstuhl von Lagooni<\/h2>\n<p>Der Unterschied zwischen Lagooni Dusch-Toilettenrollst\u00fchlen und anderen Marken ist, dass bei Lagooni die Basis jedes Dusch-Toilettenrollstuhl Benutzerfreundlichkeit, <strong>Komfort, Design, geringes Gewicht <\/strong>und<strong> Wendigkeit<\/strong> ist. Schauen Sie sich einfach unsere Modelle an unter <strong><a title=\"Lagooni.de\" href=\"\/de\/\">Lagooni<\/a><\/strong> an und \u00fcberzeugen Sie sich selbst.<\/p>\n<p>Falls Sie auf der Suche nach einem mobilen und leichten Rollstuhl f\u00fcr die Toilette und das Badezimmer sind, so haben Sie hier die richtige Adresse im Netz gefunden. Lagooni steht f\u00fcr <strong>hochqualitativ Rollst\u00fchle<\/strong> f\u00fcr alle Sanit\u00e4rr\u00e4ume.<\/p>\n<p><a href=\"https:\/\/www.lagooni.com\/de\/produkt\/lagooni-compact-20-rader-selbstantrieb\/\"><img decoding=\"async\" class=\"aligncenter wp-image-1586\" title=\"Mobiler duschstuhl\" src=\"\/files\/2017\/05\/mobiler-duschstuhl.jpg\" alt=\"Mobiler duschstuhl\" width=\"533\" height=\"517\" \/><\/a><\/p>\n<p>[\/et_pb_text][\/et_pb_column][\/et_pb_row][\/et_pb_section]<\/p>\n","protected":false},"excerpt":{"rendered":"<p>Ein leichter Rollstuhl von Lagooni, ist die neueste innovation unter den Dusch- Rollst\u00fchlen. Lagooni\u2019s leichter Rollstuhl Ein leichter Rollstuhl von Lagooni, ist die neueste innovation unter den Dusch- Rollst\u00fchlen. Mit nur 14 kg Leergewicht ist der Lagooni Compact als sehr leichter Rollstuhl zu bezeichnen. Hinzu kommt, dass er mit vier Lenkr\u00e4dern inklusive Bremsen ausgestattet ist, [&hellip;]<\/p>\n","protected":false},"author":1,"featured_media":795,"parent":0,"menu_order":0,"comment_status":"closed","ping_status":"closed","template":"","meta":{"_et_pb_use_builder":"on","_et_pb_old_content":"Ein <strong>leichter Rollstuhl<\/strong> von Lagooni, ist die neueste innovation unter den Dusch- Rollst\u00fchlen.\r\n<h2>Lagooni\u2019s leichter Rollstuhl<\/h2>\r\n<a href=\"\/\"><img class=\"wp-image-1583 alignright\" title=\"Lichter rollstuhl\" src=\"\/files\/2017\/05\/leichter-rollstuhl.png\" alt=\"Lichter rollstuhl\" width=\"160\" height=\"161\" \/><\/a>Ein leichter Rollstuhl von Lagooni, ist die neueste innovation unter den Dusch- Rollst\u00fchlen. Mit nur 14 kg Leergewicht ist der Lagooni Compact als <strong>sehr leichter Rollstuhl<\/strong> zu bezeichnen. Hinzu kommt, dass er mit vier Lenkr\u00e4dern inklusive Bremsen ausgestattet ist, diese sind m\u00fchelos ohne extra Werkzeug demontierbar.\r\n\r\nDieser leichter Rollstuhl ist geeignet als <strong><a title=\"Dusch- Rollstuhl\" href=\"\/?p=767\">Dusch- Rollstuhl<\/a>,<\/strong> aber auch als <strong><a title=\"Toilettenstuhl\" href=\"\/?p=781\">Toilettenstuhl<\/a>.<\/strong> Auch auf Reise ist f\u00fcr Sie dieser leichter Rollstuhl ein treuer Gef\u00e4hrte. <strong>Er passt in einen Standard Reisekoffer<\/strong> oder -trollie und durch seine kompakte Gr\u00f6\u00dfe passt er auch in kleinere Duschen und Badezimmer.\r\n\r\n\u00a0\r\n\r\n\u00a0\r\n\r\nEin leichter Rollstuhl von Lagooni zum Duschen und oder als Toilettenrollstuhl, verbessert auch Ihre Lebensqualit\u00e4t, da der Nutzer von Lagooni\u2019s leichten Rollst\u00fchlen unabh\u00e4ngiger und selbst\u00e4ndiger wird.\r\n\r\n\u00a0\r\n\r\nDank dem Aluminiumrahmen ist dieser leichter Rollstuhl <strong>sehr best\u00e4ndig und einfach zu reinigen<\/strong>. Die R\u00fcckenlehne ist im Winkel verstellbar, die Sitzh\u00f6he wird durch das justieren der Sitzplatte eingestellt. Des weiteren verf\u00fcgt dieser leichter Rollstuhl \u00fcber verdrehbare, sowie <strong>abnehmbare Bein- und Fu\u00dfst\u00fctzen<\/strong>. Diesen leichten Rollstuhl, sowie weitere Informationen und Modelle von Lagooni auf <strong><a href=\"\/de\/product-categorie\/alle-modelle\/\">der Seite mit alle Modelle<\/a><\/strong>.\r\n\r\n<a class=\"button\" title=\"Leichter rollstuhl\" href=\"\/de\/product-categorie\/alle-modelle\/\">Leichter rollstuhl<\/a>\r\n\r\n\u00a0\r\n<h2>Mobiler Duschstuhl flexibel und leicht von Lagooni Online<\/h2>\r\nEin mobiler Duschstuhl von Lagooni bietet Ihnen <strong>unbegrenzte M\u00f6glichkeiten<\/strong> f\u00fcr alle Lebenslagen, ob Zuhause, auf Reise oder in der Sauna. Sie k\u00f6nnen bei Lagooni aus verschiedenen Modellen w\u00e4hlen. Wir haben 8 Standard Modellen, welche auf Ihre eigenen Anspr\u00fcche und W\u00fcnsch angepast werden k\u00f6nnen.\r\n\r\nEin mobiler Duschstuhl mit vier kleinen R\u00e4dern oder aber auch mit zwei 20\u201d oder 24\u201d Hinterr\u00e4dern mit solidem Gummireifen, sind bei Lagooni <strong><a title=\"Dusch- Toiletten-Rollst\u00fchlen\" href=\"\/de\/dusch-toilettenrollstuhl\/\">Dusch- Toiletten- Rollst\u00fchlen<\/a><\/strong> m\u00f6glich. Denn das Ziel von Lagooni ist, den mobilen Duschstuhl Nutzern das Leben mit einer Behinderung zu erleichtern.\r\n\r\nSchauen Sie sich auch die extra M\u00f6glichkeiten auf unserer Webseite an. Ein<strong> <a title=\"Mobiler Duschstuhl\" href=\"\/de\/duschstuhl-fahrbar\/\">mobiler Duschstuhl<\/a><\/strong> von Lagooni kann mit diversen Zubeh\u00f6r auf Ihre eigenen <strong>Anforderung ma\u00dfgefertigt werden<\/strong>. Lagooni\u2019s mobiler Duschstuhl kann zum Beispiel mit extra Wadenschutz, Kopfst\u00fctze, Seitenhalt, Wadenst\u00fctze, Tischblatt, Anti-Kipp System, aber auch mit Fu\u00dfst\u00fctze mit Polyethern und Platilon Polsterung, Ma\u00dfgefertigte Armlehnen oder Armlehnen mit Polyethern und Neopren Polsterung und noch vieles mehr ausgestattet werden.\r\n<h2>Mobiler und leichter Rollstuhl von Lagooni<\/h2>\r\nDer Unterschied zwischen Lagooni Dusch-Toilettenrollst\u00fchlen und anderen Marken ist, dass bei Lagooni die Basis jedes Dusch-Toilettenrollstuhl Benutzerfreundlichkeit, <strong>Komfort, Design, geringes Gewicht <\/strong>und<strong> Wendigkeit<\/strong> ist. Schauen Sie sich einfach unsere Modelle an unter <strong><a title=\"Lagooni.de\" href=\"https:\/\/www.Lagooni.de\">www.Lagooni.de<\/a><\/strong> an und \u00fcberzeugen Sie sich selbst.\r\n\r\nFalls Sie auf der Suche nach einem mobilen und leichten Rollstuhl f\u00fcr die Toilette und das Badezimmer sind, so haben Sie hier die richtige Adresse im Netz gefunden. Lagooni steht f\u00fcr <strong>hochqualitativ Rollst\u00fchle<\/strong> f\u00fcr alle Sanit\u00e4rr\u00e4ume.\r\n\r\n<a href=\"\/de\/produkt\/lagooni-compact-20-rader-selbstantrieb\/\"><img class=\"aligncenter wp-image-1586\" title=\"Mobiler duschstuhl\" src=\"\/files\/2017\/05\/mobiler-duschstuhl.jpg\" alt=\"Mobiler duschstuhl\" width=\"533\" height=\"517\" \/><\/a>","_et_gb_content_width":"","footnotes":""},"class_list":["post-794","page","type-page","status-publish","has-post-thumbnail","hentry"],"_links":{"self":[{"href":"https:\/\/www.lagooni.com\/de\/wp-json\/wp\/v2\/pages\/794","targetHints":{"allow":["GET"]}}],"collection":[{"href":"https:\/\/www.lagooni.com\/de\/wp-json\/wp\/v2\/pages"}],"about":[{"href":"https:\/\/www.lagooni.com\/de\/wp-json\/wp\/v2\/types\/page"}],"author":[{"embeddable":true,"href":"https:\/\/www.lagooni.com\/de\/wp-json\/wp\/v2\/users\/1"}],"replies":[{"embeddable":true,"href":"https:\/\/www.lagooni.com\/de\/wp-json\/wp\/v2\/comments?post=794"}],"version-history":[{"count":7,"href":"https:\/\/www.lagooni.com\/de\/wp-json\/wp\/v2\/pages\/794\/revisions"}],"predecessor-version":[{"id":12850,"href":"https:\/\/www.lagooni.com\/de\/wp-json\/wp\/v2\/pages\/794\/revisions\/12850"}],"wp:featuredmedia":[{"embeddable":true,"href":"https:\/\/www.lagooni.com\/de\/wp-json\/wp\/v2\/media\/795"}],"wp:attachment":[{"href":"https:\/\/www.lagooni.com\/de\/wp-json\/wp\/v2\/media?parent=794"}],"curies":[{"name":"wp","href":"https:\/\/api.w.org\/{rel}","templated":true}]}}