{"id":787,"date":"2017-05-15T00:00:00","date_gmt":"2017-05-15T00:00:00","guid":{"rendered":"https:\/\/lagooni.stijlweb.nl\/toilettenstuhl-hoehenverstellbar-lagooni\/"},"modified":"2025-11-20T13:06:23","modified_gmt":"2025-11-20T12:06:23","slug":"toilettenstuhl-hoehenverstellbar-lagooni-oud","status":"publish","type":"page","link":"https:\/\/www.lagooni.com\/de\/toilettenstuhl-hoehenverstellbar-lagooni-oud\/","title":{"rendered":"Toilettenstuhl h\u00f6henverstellbar &#8211; Oud"},"content":{"rendered":"<p>Einen Toilettenstuhl h\u00f6henverstellbar fahrbar und <strong>100% nach Ihren W\u00fcnschen<\/strong> finden Sie hier im Angebot von Lagooni.<\/p>\n<h2>Lagooni Toilettenstuhl h\u00f6henverstellbar<\/h2>\n<p><a href=\"https:\/\/www.lagooni.com\/de\/lagooni-life\/\"><img decoding=\"async\" class=\"wp-image-1607 alignright\" title=\"Toilettenstuhl h\u00f6henverstellbar\" src=\"\/files\/2017\/05\/toilettenstuhl-h\u00f6henverstellbar-1.jpg\" alt=\"Toilettenstuhl h\u00f6henverstellbar\" width=\"161\" height=\"161\" \/><\/a>Ein Lagooni Toilettenstuhl h\u00f6henverstellbar ist ein wahres <strong>Meisterwerk<\/strong>. Nat\u00fcrlich ist jeder Toilettenstuhlproduzent Stolz auf seine Produkte. Wir dagegen bekommen zudem auch noch die Best\u00e4tigung durch viele sehr zufriedene Kunden. Mit Stolz pr\u00e4sentieren wir Ihnen unsere <strong>h\u00f6henverstellbaren Toilettenst\u00fchle<\/strong> und weitere fahrbare Toilletenstuhl Modelle.<\/p>\n<p>Alle Lagooni Modell \u00fcberzeugen Ihre Benutzer vor allem durch die folgenden Merkmale: Wadenschutz, Kopfst\u00fctze h\u00f6henverstellbar, Seitenhalt h\u00f6henverstellbar, Wadenst\u00fctze h\u00f6henverstellbar, Tischblatt mit Justier Funktion und einem sehr guten Anti-Kipp System.<\/p>\n<p><a class=\"button\" title=\"Toilettenstuhl h\u00f6henverstellbar\" href=\"\/?product_cat=alle-modelle\">Toilettenstuhl h\u00f6henverstellbar<\/a><\/p>\n<p>&nbsp;<\/p>\n<h2>Online Toilettenstuhl h\u00f6henverstellbar Angebot von Lagooni<\/h2>\n<p>Suchen Sie einen g\u00fcnstigen Toilettenstuhl h\u00f6henverstellbar? Sie haben hier einen sehr g\u00fcnstigen Hersteller und Lieferanten von h\u00f6henverstellbaren Toilettenstuhl Modell gefunden. Neben dem extra g\u00fcnstigen Standard Toilettenstuhl liefern wie auch ma\u00dfgeschneiderte individuelle<strong> <a title=\"Toilettenst\u00fchle mit h\u00f6henverstellbaren\" href=\"https:\/\/www.lagooni.com\/de\/toilettenstuhl-hoehenverstellbar\/toilettenstuhl-hoehenverstellbar\/\">Toilettenst\u00fchle mit h\u00f6henverstellbaren<\/a><\/strong> Elementen und fahrbare Modelle.<\/p>\n<p>Online finden Sie alle Informationen zu unseren Toilettenstuhl h\u00f6henverstellbar. Hier auf folgender Seite finden Sie alle unsere Modelle. Wir bieten sowohl Rollst\u00fchle und <strong><a title=\"Toilettenst\u00fchle f\u00fcr Kinder\" href=\"https:\/\/www.lagooni.com\/de\/product-categorie\/alle-duschrollstuehle\/kinder\/\">Toilettenst\u00fchle f\u00fcr kleine und gro\u00dfe Kinder<\/a><\/strong> ab 90 cm, wie auch f\u00fcr <strong><a title=\"Toilettenst\u00fchl f\u00fcr Erwachsene\" href=\"\/?product_cat=erwachsene\">Erwachsene<\/a><\/strong> Benutzer an.<\/p>\n<p><a class=\"button btn-wit\" title=\"Online Toilettenstuhl Angebote\" href=\"\/?product_cat=alle-modelle\">Online Toilettenstuhl Angebote<\/a><\/p>\n<p>&nbsp;<\/p>\n<h2>Lagooni Toilettenst\u00fchle h\u00f6henverstellbar international lieferbar<\/h2>\n<p>Toilettenst\u00fchle h\u00f6henverstellbar von gro\u00df bis klein liefert Ihnen die niederl\u00e4ndische Firma Lagooni aus einem eigenen Werk und Lager direkt bis an die Haust\u00fcr zu einem <strong>kleinen Preis<\/strong>.<\/p>\n<p>Alle Lagooni Toilettenst\u00fchle h\u00f6henverstellbar sind von einer <strong>\u00e4u\u00dferst hoher Qualit\u00e4t<\/strong>. Handgefertigt und bis ins <strong>kleinste Detail durchdacht<\/strong> und <strong>stetig weiter optimiert<\/strong>. Neben Privatkunden beliefert Lagooni auch viele Gesch\u00e4ftskunden mit den 1A Toilettenst\u00fchlen h\u00f6henverstellbar und fahrbar.<\/p>\n<p>International z\u00e4hlen wir viele Kunden aus der Rehatechnik und Medizin zu unseren Kunden. \u00dcberzeugen auch Sie sich noch Heute von unseren Toilettenst\u00fchlen h\u00f6henverstellbar fahrbar.<\/p>\n<p><a class=\"button btn-wit\" title=\"Toilettenst\u00fchle h\u00f6henverstellbar fahrbar\" href=\"\/?product_cat=alle-modelle\">Toilettenst\u00fchle h\u00f6henverstellbar fahrbar<\/a><\/p>\n<p>&nbsp;<\/p>\n<h2>Toilettenstuhl h\u00f6henverstellbar fahrbar Lagooni Angebote<\/h2>\n<p><a href=\"\/\"><img decoding=\"async\" class=\"alignright wp-image-1610\" title=\"Toilettenst\u00fchle h\u00f6henverstellbar\" src=\"\/files\/2017\/05\/toilettenst\u00fchle-h\u00f6henverstellbar-1.jpg\" alt=\"Toilettenst\u00fchle h\u00f6henverstellbar\" width=\"161\" height=\"161\" \/><\/a><\/p>\n<p>Einen Toilettenstuhl h\u00f6henverstellbar fahrbar und 100% nach Ihren W\u00fcnschen finden Sie hier im Angebot von Lagooni.<\/p>\n<p>Lagooni ist der Dusch-Toilettenrollstuhl Hersteller mit <strong>pers\u00f6nlicher Erfahrungen<\/strong> die umgesetzt wird in unsere <strong>Kwalit\u00e4tsprodukten<\/strong>. Unsere Modellreihe umfasst 8 Modelle die je nach Modell sehr individuell auf Ihre Benutzer zugeschnitten sind.<\/p>\n<p>Ein <strong><a title=\"Lagooni Junior\" href=\"https:\/\/www.lagooni.com\/de\/lagooni-junior\/\">Lagooni Junior<\/a> <\/strong>ist ein Duschrollstuhl und fahrbarer Toilettenstuhl welcher mit seinem Benutzer mitw\u00e4chst. Ein <strong><a title=\"Lagooni Compact\" href=\"\/de\/produkt\/lagooni-compact-20-rader-selbstantrieb\/\">Lagooni Compact<\/a> <\/strong>ist ein Stuhl aus der Reihe der Toilettenst\u00fchle h\u00f6henverstellbar und <strong>fahrbar<\/strong> mit extra kleinen Reifen. Zu diesem Toilettenstuhl geh\u00f6rt ein Koffer da dies auch ein sehr guter Toilettenstuhl f\u00fcr jede Reise ist.<\/p>\n<p><a class=\"button\" title=\"Modelle Toilettenstuhl h\u00f6henverstellbar\" href=\"\/?product_cat=alle-modelle\">Modelle Toilettenstuhl h\u00f6henverstellbar<\/a><\/p>\n","protected":false},"excerpt":{"rendered":"<p>Einen Toilettenstuhl h\u00f6henverstellbar fahrbar und 100% nach Ihren W\u00fcnschen finden Sie hier im Angebot von Lagooni. Lagooni Toilettenstuhl h\u00f6henverstellbar Ein Lagooni Toilettenstuhl h\u00f6henverstellbar ist ein wahres Meisterwerk. Nat\u00fcrlich ist jeder Toilettenstuhlproduzent Stolz auf seine Produkte. Wir dagegen bekommen zudem auch noch die Best\u00e4tigung durch viele sehr zufriedene Kunden. Mit Stolz pr\u00e4sentieren wir Ihnen unsere h\u00f6henverstellbaren [&hellip;]<\/p>\n","protected":false},"author":1,"featured_media":788,"parent":0,"menu_order":0,"comment_status":"closed","ping_status":"closed","template":"","meta":{"_et_pb_use_builder":"","_et_pb_old_content":"","_et_gb_content_width":"","footnotes":""},"class_list":["post-787","page","type-page","status-publish","has-post-thumbnail","hentry"],"_links":{"self":[{"href":"https:\/\/www.lagooni.com\/de\/wp-json\/wp\/v2\/pages\/787","targetHints":{"allow":["GET"]}}],"collection":[{"href":"https:\/\/www.lagooni.com\/de\/wp-json\/wp\/v2\/pages"}],"about":[{"href":"https:\/\/www.lagooni.com\/de\/wp-json\/wp\/v2\/types\/page"}],"author":[{"embeddable":true,"href":"https:\/\/www.lagooni.com\/de\/wp-json\/wp\/v2\/users\/1"}],"replies":[{"embeddable":true,"href":"https:\/\/www.lagooni.com\/de\/wp-json\/wp\/v2\/comments?post=787"}],"version-history":[{"count":3,"href":"https:\/\/www.lagooni.com\/de\/wp-json\/wp\/v2\/pages\/787\/revisions"}],"predecessor-version":[{"id":13689,"href":"https:\/\/www.lagooni.com\/de\/wp-json\/wp\/v2\/pages\/787\/revisions\/13689"}],"wp:featuredmedia":[{"embeddable":true,"href":"https:\/\/www.lagooni.com\/de\/wp-json\/wp\/v2\/media\/788"}],"wp:attachment":[{"href":"https:\/\/www.lagooni.com\/de\/wp-json\/wp\/v2\/media?parent=787"}],"curies":[{"name":"wp","href":"https:\/\/api.w.org\/{rel}","templated":true}]}}