{"id":759,"date":"2017-05-15T00:00:00","date_gmt":"2017-05-15T00:00:00","guid":{"rendered":"https:\/\/lagooni.stijlweb.nl\/dusch-toilettenrollstuhl\/"},"modified":"2025-05-06T12:24:19","modified_gmt":"2025-05-06T10:24:19","slug":"dusch-toilettenrollstuhl","status":"publish","type":"page","link":"https:\/\/www.lagooni.com\/de\/dusch-toilettenrollstuhl\/","title":{"rendered":"Dusch- Toilettenrollstuhl"},"content":{"rendered":"<p>Lagooni ist seit 2009 Hersteller von sehr guten <strong><em>Dusch- Toilettenrollstuhl<\/em><\/strong> Modellen. Die <em>Dusch-\/ und Toilettenrollst\u00fchle<\/em> aus dem Hause Lagooni sind sowohl als sehr g\u00fcnstiges und \u00fcberaus praktisches Standardmodell lieferbar, wie auch als Ma\u00dfanfertigung.<\/p>\n<h2>Dusch- Toilettenrollstuhl von Lagooni<\/h2>\n<p>Lagooni ist seit 2009 Hersteller von sehr guten Dusch- Toilettenrollstuhl Modellen. Die Dusch-\/ und Toilettenrollst\u00fchle aus dem Hause Lagooni sind sowohl als sehr g\u00fcnstiges und \u00fcberaus praktisches Standardmodell lieferbar, wie auch als Ma\u00dfanfertigung. <a href=\"\/\"><img decoding=\"async\" class=\"wp-image-1601 alignright\" title=\"Dusch toilettenstuhl\" src=\"\/files\/2017\/05\/dusch-toilettenstuhl-1.png\" alt=\"Dusch toilettenstuhl\" width=\"147\" height=\"148\" \/><\/a> Bewegungsfreiheit und Flexibilit\u00e4t wird bei Dusch und Toilettenrollst\u00fchlen, entworfen und produziert durch Lagooni, gro\u00df geschrieben. Haben Sie einmal alle Merkmale eines perfekten <strong><a title=\"Toilettenrollstuhles\" href=\"https:\/\/www.lagooni.com\/de\/?attachment_id=781\">Toilettenrollstuhles<\/a> <\/strong>aufgelistet? Wir bei Lagooni haben es gemacht und hier nach unser St\u00fchle entworfen. Das Resultat sind Dusch-\/ Toilettenst\u00fchle welche zu 100% f\u00fcr jederman geeignet sind. Wir garantieren das ein Lagooni Duschstuhl und Duschrollstuhl besonders durch die guten Einstellm\u00f6glichkeiten und einer sehr feinen Justierung Sie ab dem ersten Tag \u00fcberzeugen wird.<\/p>\n<p><a class=\"button\" title=\"Toilettenrollstuhl\" href=\"\/de\/product-categorie\/alle-modelle\/\">Toilettenrollstuhl<\/a><\/p>\n<h2>Lagooni Qualit\u00e4ts Dusch- Toilettenrollstuhl<\/h2>\n<p>Hier bei Lagooni haben Sie die Wahl aus verschiedenen qualitativ hochwertigen Duschst\u00fchlen mit unter anderem einer Rollfunktion oder h\u00f6henverstellbaren Elementen. Je nach Bed\u00fcrfnissen kaufen Sie hier einen sehr g\u00fcnstigen Dusch- oder Toilettenrollstuhl. Ein Lagooni Stuhl ist Rundum ein Qualit\u00e4tsprodukt. Unser Kunden sind \u00e4u\u00dferst zufrieden mit Ihren Dusch- Toilettenstuhl Modellen. Gerne \u00fcberzeugen wir auch Sie von der hohen Qualit\u00e4t und Flexibilit\u00e4t unserer Produkte. Hier finden Sie eine \u00dcbersicht zu <strong><a href=\"\/de\/product-categorie\/alle-modelle\/\">unseren Dusch- und Toilettenrollst\u00fchlen.<\/a><\/strong> Alle unsere Mitarbeiter beraten Sie gerne zu Ihrem pers\u00f6nlichen Lagooni Modell. Wir freuen uns schon auf Ihren Anruf oder Ihre Email.<\/p>\n<p><a class=\"button btn-wit\" title=\"Kontakt\" href=\"\/de\/kontakt\/\">Kontakt<\/a><\/p>\n<h2>Dusch und Toilettenrollstuhl Ma\u00dfanfertigung<\/h2>\n<p>In vielen F\u00e4llen ist ein Standardmodell nicht ausreichend und ein spezielles angepasstes Modell unserer Dusch und Toilettenrollstuhl Ma\u00dfanfertigung gefragt. Ein solcher 100% auf die eigenen Anspr\u00fcche gefertigter Toilettenrollstuhl oder Duschstuhl fragt um viele kleine Anpassungen und einen sehr direkten und detailierten Kontakt mit dem Besteller. Bei uns im Hause erwartet Sie ein kompletter In-House-Service. Schon w\u00e4hrend dem Bestellvorgang sowie w\u00e4hrend der Herstellung im eigenen Werk halten wir stetig Kontakt. Vor der Produktion wird garantiert, dass Ihr Rollstuhl bis ins kleinste Detail an Ihre W\u00fcnsche angepasst ist und hiernach konzipiert wurde. Unsere Kunden sind mit Ihren Lagooni Duschrollstuhl Ma\u00dfanfertigungen sehr zufrieden. Hier finden Sie eine \u00dcbersicht zu <strong><a href=\"\/de\/testimonials\/\">unseren Kundenmeinungen<\/a><\/strong>. Auf folgender Seite finden Sie eine <strong><a href=\"\/de\/product-categorie\/alle-modelle\/\">\u00dcbersicht zu unseren Dusch und Toilettenrollstuhl<\/a><\/strong> Angeboten f\u00fcr Privatpersonen.<\/p>\n<h2>Toilettenrollst\u00fchle f\u00fcr Gesch\u00e4ftskunden<\/h2>\n<p>Die Firma Lagooni richtet sich neben<strong> <a title=\"Privatekunden\" href=\"\/de\/privatpersonen\/\">Privatkunden<\/a> <\/strong>auch an <strong><a title=\"Gesch\u00e4ftskunden\" href=\"\/de\/profis\/\">Gesch\u00e4ftskunden<\/a><\/strong> und <strong><a title=\"Lieferanten\" href=\"\/de\/handler\/\">Lieferanten<\/a><\/strong>. Viele Sanit\u00e4tsh\u00e4user und Rehatechnik Firmen aus Deutschland, \u00d6sterreich, Holland, Belgien und der Schweiz geh\u00f6ren schon zu den Kunden von Lagooni. Erkundigen auch Sie sich noch Heute nach Ihren M\u00f6glichkeiten und Konditionen zu unseren Dusch-\/ Toilettenrollst\u00fchlen f\u00fcr Gesch\u00e4ftskunden. Unsere Mitarbeiter werden Ihnen zu jeder Zeit ein passendes B2B Angebot zukommen lassen. <img decoding=\"async\" class=\"wp-image-1604 alignright\" title=\"Duschstuhl h\u00f6henverstellbar\" src=\"\/files\/2017\/05\/duschstuhl-h\u00f6henverstellbar-1.jpg\" alt=\"Duschstuhl h\u00f6henverstellbar\" width=\"200\" height=\"201\" \/> Neben Gesch\u00e4ftskunden beliefern wir inzwischen auch sehr viele Kunden direkt. Die Pflegeversicherungen sind mit unseren Modellen bekannt, auf Wunsch stellen wir alle Dokumente betreffend unserer Modelle zu Ihrer Anfrage zur Verf\u00fcgung. Allen Gesch\u00e4ftskunden liefern wir die entsprechenden Dokumentationen mit dem ersten Angebot frei Haus.<\/p>\n<p><a class=\"button\" title=\"Angebot Anfragen\" href=\"\/de\/angebot\/\">Angebot Anfragen<\/a><\/p>\n","protected":false},"excerpt":{"rendered":"<p>Lagooni ist seit 2009 Hersteller von sehr guten Dusch- Toilettenrollstuhl Modellen. Die Dusch-\/ und Toilettenrollst\u00fchle aus dem Hause Lagooni sind sowohl als sehr g\u00fcnstiges und \u00fcberaus praktisches Standardmodell lieferbar, wie auch als Ma\u00dfanfertigung. Dusch- Toilettenrollstuhl von Lagooni Lagooni ist seit 2009 Hersteller von sehr guten Dusch- Toilettenrollstuhl Modellen. Die Dusch-\/ und Toilettenrollst\u00fchle aus dem Hause [&hellip;]<\/p>\n","protected":false},"author":1,"featured_media":760,"parent":0,"menu_order":0,"comment_status":"closed","ping_status":"closed","template":"","meta":{"_et_pb_use_builder":"off","_et_pb_old_content":"","_et_gb_content_width":"","footnotes":""},"class_list":["post-759","page","type-page","status-publish","has-post-thumbnail","hentry"],"_links":{"self":[{"href":"https:\/\/www.lagooni.com\/de\/wp-json\/wp\/v2\/pages\/759","targetHints":{"allow":["GET"]}}],"collection":[{"href":"https:\/\/www.lagooni.com\/de\/wp-json\/wp\/v2\/pages"}],"about":[{"href":"https:\/\/www.lagooni.com\/de\/wp-json\/wp\/v2\/types\/page"}],"author":[{"embeddable":true,"href":"https:\/\/www.lagooni.com\/de\/wp-json\/wp\/v2\/users\/1"}],"replies":[{"embeddable":true,"href":"https:\/\/www.lagooni.com\/de\/wp-json\/wp\/v2\/comments?post=759"}],"version-history":[{"count":5,"href":"https:\/\/www.lagooni.com\/de\/wp-json\/wp\/v2\/pages\/759\/revisions"}],"predecessor-version":[{"id":13498,"href":"https:\/\/www.lagooni.com\/de\/wp-json\/wp\/v2\/pages\/759\/revisions\/13498"}],"wp:featuredmedia":[{"embeddable":true,"href":"https:\/\/www.lagooni.com\/de\/wp-json\/wp\/v2\/media\/760"}],"wp:attachment":[{"href":"https:\/\/www.lagooni.com\/de\/wp-json\/wp\/v2\/media?parent=759"}],"curies":[{"name":"wp","href":"https:\/\/api.w.org\/{rel}","templated":true}]}}