{"id":750,"date":"2017-05-11T00:00:00","date_gmt":"2017-05-11T00:00:00","guid":{"rendered":"https:\/\/lagooni.stijlweb.nl\/service\/anleitung\/"},"modified":"2024-10-04T16:15:58","modified_gmt":"2024-10-04T14:15:58","slug":"anleitung","status":"publish","type":"page","link":"https:\/\/www.lagooni.com\/de\/service\/anleitung\/","title":{"rendered":"Anleitungen &#038; Videos"},"content":{"rendered":"<p>[et_pb_section fb_built=&#8220;1&#8243; admin_label=&#8220;section&#8220; _builder_version=&#8220;4.16&#8243; global_colors_info=&#8220;{}&#8220;][et_pb_row admin_label=&#8220;row&#8220; _builder_version=&#8220;4.27.0&#8243; background_size=&#8220;initial&#8220; background_position=&#8220;top_left&#8220; background_repeat=&#8220;repeat&#8220; global_colors_info=&#8220;{}&#8220;][et_pb_column type=&#8220;4_4&#8243; _builder_version=&#8220;4.16&#8243; custom_padding=&#8220;|||&#8220; global_colors_info=&#8220;{}&#8220; custom_padding__hover=&#8220;|||&#8220;][et_pb_text admin_label=&#8220;Text&#8220; _builder_version=&#8220;4.27.0&#8243; background_size=&#8220;initial&#8220; background_position=&#8220;top_left&#8220; background_repeat=&#8220;repeat&#8220; global_colors_info=&#8220;{}&#8220;]<\/p>\n<h3>Anleitungen &amp; Videos<\/h3>\n<p class=\"p1\">F\u00fcr alle Lagooni Duschrollst\u00fchle sind Videos und Anleitungen mit Einstell- und Wartungsanweisungen verf\u00fcgbar. In diesen Videos und Anleitungen wird auch erkl\u00e4rt, wie der Dusch-Toilettenrollstuhl f\u00fcr den Transport zerlegt und wieder zusammengebaut werden kann.<\/p>\n<p>&nbsp;<\/p>\n<p><span style=\"font-size: 16px;\"><a href=\"https:\/\/www.youtube.com\/watch?v=qRtK_OARRIg\" target=\"_blank\" rel=\"noopener\"><img data-lazyloaded=\"1\" src=\"https:\/\/www.lagooni.com\/wp-content\/uploads\/2024\/09\/play-knop-klein.png\" decoding=\"async\" data-src=\"\/wp-content\/uploads\/2024\/09\/play-knop-klein.png\" width=\"24\" height=\"25\" alt=\"\" class=\"wp-image-11355 aligncenter size-full entered litespeed-loaded\" data-srcset=\"\/wp-content\/uploads\/2024\/09\/play-knop-klein.png 170w, \/wp-content\/uploads\/2024\/09\/play-knop-klein-150x150.png 150w, \/wp-content\/uploads\/2024\/09\/play-knop-klein-148x154.png 148w, \/wp-content\/uploads\/2024\/09\/play-knop-klein-100x100.png 100w\" data-sizes=\"(max-width: 26px) 100vw, 26px\" data-ll-status=\"loaded\" sizes=\"(max-width: 26px) 100vw, 26px\" srcset=\"\/wp-content\/uploads\/2024\/09\/play-knop-klein.png 170w, \/wp-content\/uploads\/2024\/09\/play-knop-klein-150x150.png 150w, \/wp-content\/uploads\/2024\/09\/play-knop-klein-148x154.png 148w, \/wp-content\/uploads\/2024\/09\/play-knop-klein-100x100.png 100w\" style=\"float: left;\" \/><\/a><span>\u00a0 <\/span>Videoanleitung f\u00fcr Einstellungen<\/span><\/p>\n<p><a href=\"https:\/\/www.youtube.com\/watch?v=ZnXxSfXvnE8\" target=\"_blank\" rel=\"noopener\"><span style=\"font-size: 16px;\"><img data-lazyloaded=\"1\" src=\"https:\/\/www.lagooni.com\/wp-content\/uploads\/2024\/09\/play-knop-klein.png\" decoding=\"async\" data-src=\"\/wp-content\/uploads\/2024\/09\/play-knop-klein.png\" width=\"24\" height=\"25\" alt=\"\" class=\"wp-image-11355 aligncenter size-full entered litespeed-loaded\" data-srcset=\"\/wp-content\/uploads\/2024\/09\/play-knop-klein.png 170w, \/wp-content\/uploads\/2024\/09\/play-knop-klein-150x150.png 150w, \/wp-content\/uploads\/2024\/09\/play-knop-klein-148x154.png 148w, \/wp-content\/uploads\/2024\/09\/play-knop-klein-100x100.png 100w\" data-sizes=\"(max-width: 26px) 100vw, 26px\" data-ll-status=\"loaded\" sizes=\"(max-width: 26px) 100vw, 26px\" srcset=\"\/wp-content\/uploads\/2024\/09\/play-knop-klein.png 170w, \/wp-content\/uploads\/2024\/09\/play-knop-klein-150x150.png 150w, \/wp-content\/uploads\/2024\/09\/play-knop-klein-148x154.png 148w, \/wp-content\/uploads\/2024\/09\/play-knop-klein-100x100.png 100w\" style=\"float: left;\" \/><span><\/span><\/span><\/a>\u00a0 Video zum Umsetzen des Sitzeinsatzes Life, Life Special, Junior, Junior Special auf das Traveller-Untergestell<\/p>\n<p><span style=\"font-size: 16px;\"><a href=\"https:\/\/www.youtube.com\/watch?v=sktXQRt1sUY\" target=\"_blank\" rel=\"noopener\"><img data-lazyloaded=\"1\" src=\"https:\/\/www.lagooni.com\/wp-content\/uploads\/2024\/09\/play-knop-klein.png\" decoding=\"async\" data-src=\"\/wp-content\/uploads\/2024\/09\/play-knop-klein.png\" width=\"24\" height=\"25\" alt=\"\" class=\"wp-image-11355 aligncenter size-full entered litespeed-loaded\" data-srcset=\"\/wp-content\/uploads\/2024\/09\/play-knop-klein.png 170w, \/wp-content\/uploads\/2024\/09\/play-knop-klein-150x150.png 150w, \/wp-content\/uploads\/2024\/09\/play-knop-klein-148x154.png 148w, \/wp-content\/uploads\/2024\/09\/play-knop-klein-100x100.png 100w\" data-sizes=\"(max-width: 26px) 100vw, 26px\" data-ll-status=\"loaded\" sizes=\"(max-width: 26px) 100vw, 26px\" srcset=\"\/wp-content\/uploads\/2024\/09\/play-knop-klein.png 170w, \/wp-content\/uploads\/2024\/09\/play-knop-klein-150x150.png 150w, \/wp-content\/uploads\/2024\/09\/play-knop-klein-148x154.png 148w, \/wp-content\/uploads\/2024\/09\/play-knop-klein-100x100.png 100w\" style=\"float: left;\" \/><\/a><span>\u00a0 <\/span><\/span>Video zur Demontage des Traveller\/Compact<\/p>\n<p><a href=\"https:\/\/www.youtube.com\/watch?v=sgFAz-wLlIo\" target=\"_blank\" rel=\"noopener\"><span style=\"font-size: 16px;\"><img data-lazyloaded=\"1\" src=\"https:\/\/www.lagooni.com\/wp-content\/uploads\/2024\/09\/play-knop-klein.png\" decoding=\"async\" data-src=\"\/wp-content\/uploads\/2024\/09\/play-knop-klein.png\" width=\"24\" height=\"25\" alt=\"\" class=\"wp-image-11355 aligncenter size-full entered litespeed-loaded\" data-srcset=\"\/wp-content\/uploads\/2024\/09\/play-knop-klein.png 170w, \/wp-content\/uploads\/2024\/09\/play-knop-klein-150x150.png 150w, \/wp-content\/uploads\/2024\/09\/play-knop-klein-148x154.png 148w, \/wp-content\/uploads\/2024\/09\/play-knop-klein-100x100.png 100w\" data-sizes=\"(max-width: 26px) 100vw, 26px\" data-ll-status=\"loaded\" sizes=\"(max-width: 26px) 100vw, 26px\" srcset=\"\/wp-content\/uploads\/2024\/09\/play-knop-klein.png 170w, \/wp-content\/uploads\/2024\/09\/play-knop-klein-150x150.png 150w, \/wp-content\/uploads\/2024\/09\/play-knop-klein-148x154.png 148w, \/wp-content\/uploads\/2024\/09\/play-knop-klein-100x100.png 100w\" style=\"float: left;\" \/><span><\/span><\/span><\/a>\u00a0 Video zum Verpacken des Traveller\/Compact in einen Koffer<\/p>\n<p><a href=\"https:\/\/www.lagooni.com\/wp-content\/uploads\/2021\/10\/Handleiding-NL-DU-EN.pdf\"><img data-lazyloaded=\"1\" src=\"https:\/\/www.lagooni.com\/wp-content\/uploads\/2024\/09\/PDF-ICOON-1-1.png\" decoding=\"async\" data-src=\"\/wp-content\/uploads\/2024\/09\/PDF-ICOON-1-1.png\" width=\"24\" height=\"24\" alt=\"\" class=\"wp-image-12180 aligncenter size-full entered litespeed-loaded\" data-srcset=\"https:\/\/www.lagooni.com\/wp-content\/uploads\/2024\/09\/PDF-ICOON-1-1.png 209w, https:\/\/www.lagooni.com\/wp-content\/uploads\/2024\/09\/PDF-ICOON-1-1-150x150.png 150w, https:\/\/www.lagooni.com\/wp-content\/uploads\/2024\/09\/PDF-ICOON-1-1-154x154.png 154w, https:\/\/www.lagooni.com\/wp-content\/uploads\/2024\/09\/PDF-ICOON-1-1-100x100.png 100w\" data-sizes=\"(max-width: 24px) 100vw, 24px\" data-ll-status=\"loaded\" sizes=\"(max-width: 24px) 100vw, 24px\" srcset=\"https:\/\/www.lagooni.com\/wp-content\/uploads\/2024\/09\/PDF-ICOON-1-1.png 209w, https:\/\/www.lagooni.com\/wp-content\/uploads\/2024\/09\/PDF-ICOON-1-1-150x150.png 150w, https:\/\/www.lagooni.com\/wp-content\/uploads\/2024\/09\/PDF-ICOON-1-1-154x154.png 154w, https:\/\/www.lagooni.com\/wp-content\/uploads\/2024\/09\/PDF-ICOON-1-1-100x100.png 100w\" style=\"float: left;\" \/><\/a><span>\u00a0\u00a0<\/span>Anleitung Niederl\u00e4ndisch, Deutsch, Englisch<\/p>\n<p><a href=\"https:\/\/www.lagooni.com\/wp-content\/uploads\/2024\/09\/05-Veiligheidsvoorschriften-NL-DE-EN-FR-online.pdf\"><img data-lazyloaded=\"1\" src=\"https:\/\/www.lagooni.com\/wp-content\/uploads\/2024\/09\/PDF-ICOON-1-1.png\" decoding=\"async\" data-src=\"\/wp-content\/uploads\/2024\/09\/PDF-ICOON-1-1.png\" width=\"24\" height=\"24\" alt=\"\" class=\"wp-image-12180 aligncenter size-full entered litespeed-loaded\" data-srcset=\"https:\/\/www.lagooni.com\/wp-content\/uploads\/2024\/09\/PDF-ICOON-1-1.png 209w, https:\/\/www.lagooni.com\/wp-content\/uploads\/2024\/09\/PDF-ICOON-1-1-150x150.png 150w, https:\/\/www.lagooni.com\/wp-content\/uploads\/2024\/09\/PDF-ICOON-1-1-154x154.png 154w, https:\/\/www.lagooni.com\/wp-content\/uploads\/2024\/09\/PDF-ICOON-1-1-100x100.png 100w\" data-sizes=\"(max-width: 24px) 100vw, 24px\" data-ll-status=\"loaded\" sizes=\"(max-width: 24px) 100vw, 24px\" srcset=\"https:\/\/www.lagooni.com\/wp-content\/uploads\/2024\/09\/PDF-ICOON-1-1.png 209w, https:\/\/www.lagooni.com\/wp-content\/uploads\/2024\/09\/PDF-ICOON-1-1-150x150.png 150w, https:\/\/www.lagooni.com\/wp-content\/uploads\/2024\/09\/PDF-ICOON-1-1-154x154.png 154w, https:\/\/www.lagooni.com\/wp-content\/uploads\/2024\/09\/PDF-ICOON-1-1-100x100.png 100w\" style=\"float: left;\" \/><\/a><a href=\"https:\/\/www.lagooni.com\/wp-content\/uploads\/2024\/09\/05-Veiligheidsvoorschriften-NL-DE-EN-FR-online.pdf\"><\/a><span>\u00a0<\/span>Sicherheitsvorschriften Niederl\u00e4ndisch, Deutsch, Englisch, Franz\u00f6sisch<\/p>\n<p>&nbsp;<\/p>\n<p>[\/et_pb_text][\/et_pb_column][\/et_pb_row][\/et_pb_section]<\/p>\n","protected":false},"excerpt":{"rendered":"<p>F\u00fcr alle Lagooni-Duschst\u00fchle sind Anleitungen und Videos mit Einstell- und Wartungsanweisungen erh\u00e4ltlich. In diesen Handb\u00fcchern und Videos wird auch erkl\u00e4rt, wie der Dusch-Toilettenrollstuhl f\u00fcr den Transport auseinander- und wieder zusammengebaut werden kann.<\/p>\n","protected":false},"author":1,"featured_media":0,"parent":728,"menu_order":0,"comment_status":"closed","ping_status":"closed","template":"","meta":{"_et_pb_use_builder":"on","_et_pb_old_content":"","_et_gb_content_width":"","footnotes":""},"class_list":["post-750","page","type-page","status-publish","hentry"],"_links":{"self":[{"href":"https:\/\/www.lagooni.com\/de\/wp-json\/wp\/v2\/pages\/750","targetHints":{"allow":["GET"]}}],"collection":[{"href":"https:\/\/www.lagooni.com\/de\/wp-json\/wp\/v2\/pages"}],"about":[{"href":"https:\/\/www.lagooni.com\/de\/wp-json\/wp\/v2\/types\/page"}],"author":[{"embeddable":true,"href":"https:\/\/www.lagooni.com\/de\/wp-json\/wp\/v2\/users\/1"}],"replies":[{"embeddable":true,"href":"https:\/\/www.lagooni.com\/de\/wp-json\/wp\/v2\/comments?post=750"}],"version-history":[{"count":25,"href":"https:\/\/www.lagooni.com\/de\/wp-json\/wp\/v2\/pages\/750\/revisions"}],"predecessor-version":[{"id":12628,"href":"https:\/\/www.lagooni.com\/de\/wp-json\/wp\/v2\/pages\/750\/revisions\/12628"}],"up":[{"embeddable":true,"href":"https:\/\/www.lagooni.com\/de\/wp-json\/wp\/v2\/pages\/728"}],"wp:attachment":[{"href":"https:\/\/www.lagooni.com\/de\/wp-json\/wp\/v2\/media?parent=750"}],"curies":[{"name":"wp","href":"https:\/\/api.w.org\/{rel}","templated":true}]}}