{"id":749,"date":"2017-05-11T00:00:00","date_gmt":"2017-05-11T00:00:00","guid":{"rendered":"https:\/\/lagooni.stijlweb.nl\/service\/wartung\/"},"modified":"2024-09-17T16:04:44","modified_gmt":"2024-09-17T14:04:44","slug":"wartung","status":"publish","type":"page","link":"https:\/\/www.lagooni.com\/de\/wartung\/","title":{"rendered":"Wartung eines Lagooni"},"content":{"rendered":"<h3>Das Wichtigste bei der Pflege Ihres Lagooni Duschrollstuhls<\/h3>\n<p>Ihr Lagooni Dusch-Toilettenrollstuhl braucht wenig Wartung. Sie k\u00f6nnen den Stuhl einfach auseinanderbauen und deshalb leicht und gut reinigen. Das gilt besonders f\u00fcr die Modelle Compact, Life, Special, Junior und Extra. Bei diesen Modellen k\u00f6nnen Sie den kompletten Sitz aus dem Rahmen nehmen, sodass Sie ihn an allen Stellen gut reinigen k\u00f6nnen. \u00a0<\/p>\n<h5>Wartung der Polsterung<\/h5>\n<p>Die Polsterung, insbesondere Neopren und Platilon, ist sehr empfindlich. Sie k\u00f6nnen sie am besten mit einem weichen Tuch und Seife gereinigt werden. Wenn Sie aggressive Reinigungsmittel verwenden, besteht das Risiko, dass die Polsterung schneller por\u00f6s wird. Trotz guter Pflege ist der Sitz selbstverst\u00e4ndlich Verschlei\u00df unterworfen. Bei normalem Gebrauch m\u00fcssen Sie damit rechnen, das Kissen nach ca. 3 Jahren ersetzen zu m\u00fcssen. \u00a0<\/p>\n<h5>Rutschfeste neue Polsterung<\/h5>\n<p>Neues Neopren kann ziemlich steif und daher beim \u00dcberrutschen schwierig sein. Eine sehr einfache M\u00f6glichkeit, das Neopren etwas glatter zu machen, besteht darin, etwas Talkumpuder auf den Sitz zu geben. Bei l\u00e4ngerem Gebrauch wird der Sitz weniger steif. \u00a0<\/p>\n<h5>Wartung von Bremsen und Achsen<\/h5>\n<p>M\u00f6chten Sie so lange wie m\u00f6glich Freude an Ihrem Stuhl haben? Dann spr\u00fchen Sie die Bremsen und Achsen regelm\u00e4\u00dfig mit Silikonspray ein. Dadurch bleiben Sie flexibel. Sie k\u00f6nnen f\u00fcr alle Teile, au\u00dfer der Polsterung, ein Antikalk-Produkt verwenden. Auf diese Weise sch\u00fctzen Sie den Stuhl vor Kalk und Seife.<\/p>\n<div class=\"region region-content\">\n<div id=\"block-system-main\" class=\"block block-system\">\n<div class=\"content\">\n<div id=\"node-59\" class=\"node node-page clearfix\">\n<div class=\"content\">\n<div class=\"field field-name-body field-type-text-with-summary field-label-hidden\">\n<div class=\"field-items\">\n<div class=\"field-item even\">\u00a0<\/div>\n<\/div>\n<\/div>\n<\/div>\n<\/div>\n<\/div>\n<\/div>\n<\/div>\n","protected":false},"excerpt":{"rendered":"<p>Es klingt ganz selbstverst\u00e4ndlich, aber gute Pflege sorgt daf\u00fcr, dass Sie lange Freude an Ihrem Duschrollstuhl haben. Kalk- und Seifenr\u00fcckst\u00e4nde k\u00f6nnen viele Probleme verursachen. Diese Probleme lassen sich jedoch ganz einfach vermeiden. Lesen Sie unten unseren Rat.<\/p>\n","protected":false},"author":1,"featured_media":0,"parent":0,"menu_order":0,"comment_status":"closed","ping_status":"closed","template":"","meta":{"_et_pb_use_builder":"on","_et_pb_old_content":"","_et_gb_content_width":"","footnotes":""},"class_list":["post-749","page","type-page","status-publish","hentry"],"_links":{"self":[{"href":"https:\/\/www.lagooni.com\/de\/wp-json\/wp\/v2\/pages\/749","targetHints":{"allow":["GET"]}}],"collection":[{"href":"https:\/\/www.lagooni.com\/de\/wp-json\/wp\/v2\/pages"}],"about":[{"href":"https:\/\/www.lagooni.com\/de\/wp-json\/wp\/v2\/types\/page"}],"author":[{"embeddable":true,"href":"https:\/\/www.lagooni.com\/de\/wp-json\/wp\/v2\/users\/1"}],"replies":[{"embeddable":true,"href":"https:\/\/www.lagooni.com\/de\/wp-json\/wp\/v2\/comments?post=749"}],"version-history":[{"count":7,"href":"https:\/\/www.lagooni.com\/de\/wp-json\/wp\/v2\/pages\/749\/revisions"}],"predecessor-version":[{"id":12088,"href":"https:\/\/www.lagooni.com\/de\/wp-json\/wp\/v2\/pages\/749\/revisions\/12088"}],"wp:attachment":[{"href":"https:\/\/www.lagooni.com\/de\/wp-json\/wp\/v2\/media?parent=749"}],"curies":[{"name":"wp","href":"https:\/\/api.w.org\/{rel}","templated":true}]}}