{"id":747,"date":"2017-05-11T00:00:00","date_gmt":"2017-05-11T00:00:00","guid":{"rendered":"https:\/\/lagooni.stijlweb.nl\/profis\/anpassungssupport\/"},"modified":"2020-11-06T16:01:25","modified_gmt":"2020-11-06T16:01:25","slug":"anpassungssupport","status":"publish","type":"page","link":"https:\/\/www.lagooni.com\/de\/profis\/anpassungssupport\/","title":{"rendered":"Anpassungssupport"},"content":{"rendered":"<h2>Konfigurieren Sie einen geeigneten Duschrollstuhl<\/h2>\n<p>Wenn Sie als Berater einen Lagooni Dusch-Toilettenrollstuhl gemeinsam mit Ihrem Klienten konfigurieren m\u00f6chten, besteht die M\u00f6glichkeit, ein Vorf\u00fchrmodell zu beantragen. Bitte lesen Sie sich die Bedingungen f\u00fcr zur Ansicht bereitgestellte Vorf\u00fchrmodelle durch.<\/p>\n<p><a href=\"\/wp-content\/uploads\/2020\/07\/Bedingungen-f\u00fcr-Ansichtssendungen-DE-2.pdf\">Bedingungen-f\u00fcr-Ansichtssendungen.\u00a0<\/a><\/p>\n<p>Hier k\u00f6nnen Sie das gew\u00fcnschte <a href=\"https:\/\/www.lagooni.com\/de\/kontakt\/vorfuehrmodell-anfrage\/\">Vorf\u00fchrmodell anfordern<\/a>.<\/p>\n<p>&nbsp;<\/p>\n<p><img decoding=\"async\" class=\"alignnone size-full wp-image-104\" src=\"\/files\/2017\/02\/voorbeeld-afbeeldingen-usps2-500px.png\" alt=\"\" width=\"100%\" height=\"auto\" \/><\/p>\n","protected":false},"excerpt":{"rendered":"<p>Wenn Sie als Berater einen Lagooni Dusch-Toiletten-Rollstuhl gemeinsam mit Ihrem Klienten konfigurieren m\u00f6chten, ist es m\u00f6chlich ein Vorf\u00fchrmodell zu beantragen.<\/p>\n","protected":false},"author":1,"featured_media":0,"parent":729,"menu_order":0,"comment_status":"closed","ping_status":"closed","template":"","meta":{"_et_pb_use_builder":"","_et_pb_old_content":"","_et_gb_content_width":"","footnotes":""},"class_list":["post-747","page","type-page","status-publish","hentry"],"_links":{"self":[{"href":"https:\/\/www.lagooni.com\/de\/wp-json\/wp\/v2\/pages\/747","targetHints":{"allow":["GET"]}}],"collection":[{"href":"https:\/\/www.lagooni.com\/de\/wp-json\/wp\/v2\/pages"}],"about":[{"href":"https:\/\/www.lagooni.com\/de\/wp-json\/wp\/v2\/types\/page"}],"author":[{"embeddable":true,"href":"https:\/\/www.lagooni.com\/de\/wp-json\/wp\/v2\/users\/1"}],"replies":[{"embeddable":true,"href":"https:\/\/www.lagooni.com\/de\/wp-json\/wp\/v2\/comments?post=747"}],"version-history":[{"count":8,"href":"https:\/\/www.lagooni.com\/de\/wp-json\/wp\/v2\/pages\/747\/revisions"}],"predecessor-version":[{"id":4710,"href":"https:\/\/www.lagooni.com\/de\/wp-json\/wp\/v2\/pages\/747\/revisions\/4710"}],"up":[{"embeddable":true,"href":"https:\/\/www.lagooni.com\/de\/wp-json\/wp\/v2\/pages\/729"}],"wp:attachment":[{"href":"https:\/\/www.lagooni.com\/de\/wp-json\/wp\/v2\/media?parent=747"}],"curies":[{"name":"wp","href":"https:\/\/api.w.org\/{rel}","templated":true}]}}