{"id":745,"date":"2017-05-11T00:00:00","date_gmt":"2017-05-11T00:00:00","guid":{"rendered":"https:\/\/lagooni.stijlweb.nl\/privatpersonen\/anpassung\/"},"modified":"2023-08-29T14:37:18","modified_gmt":"2023-08-29T14:37:18","slug":"anpassung","status":"publish","type":"page","link":"https:\/\/www.lagooni.com\/de\/privatpersonen\/anpassung\/","title":{"rendered":"Anpassbogen"},"content":{"rendered":"<p>[et_pb_section fb_built=&#8220;1&#8243; admin_label=&#8220;section&#8220; _builder_version=&#8220;4.16&#8243; global_colors_info=&#8220;{}&#8220; theme_builder_area=&#8220;post_content&#8220;][et_pb_row admin_label=&#8220;row&#8220; _builder_version=&#8220;4.20.2&#8243; background_size=&#8220;initial&#8220; background_position=&#8220;top_left&#8220; background_repeat=&#8220;repeat&#8220; global_colors_info=&#8220;{}&#8220; theme_builder_area=&#8220;post_content&#8220;][et_pb_column type=&#8220;4_4&#8243; _builder_version=&#8220;4.16&#8243; custom_padding=&#8220;|||&#8220; global_colors_info=&#8220;{}&#8220; custom_padding__hover=&#8220;|||&#8220; theme_builder_area=&#8220;post_content&#8220;][et_pb_text admin_label=&#8220;Text&#8220; _builder_version=&#8220;4.20.2&#8243; background_size=&#8220;initial&#8220; background_position=&#8220;top_left&#8220; background_repeat=&#8220;repeat&#8220; global_colors_info=&#8220;{}&#8220; theme_builder_area=&#8220;post_content&#8220;]<\/p>\n<h2>Anpassbogen der Lagooni Duschrollst\u00fchle<\/h2>\n<p>Fachleute &#8211; wie H\u00e4ndler, Therapeuten, Berater und Gutachter &#8211; k\u00f6nnen auf verschiedene Weise (Informationen \u00fcber) einen Dusch-Toilettenrollstuhl f\u00fcr ihre Kunden anfordern.<\/p>\n<p>Um eine Anpassung ordnungsgem\u00e4\u00df durchzuf\u00fchren, ist es sinnvoll, unsere vorgefertigten Formulare zu verwenden. F\u00fcr jedes Modell gibt es ein eigenes Formular, das Sie herunterladen, ausdrucken und\/oder direkt ausf\u00fcllen k\u00f6nnen. Wenn Sie als Ergotherapeut oder Berater einen Lagooni Duschrollstuhl gemeinsam mit Ihrem Patienten\/Klienten anpassen und sich dabei Fragen ergeben, k\u00f6nnen Sie Lagooni BV \u2013 auch w\u00e4hrend der Erprobung \u2013 anrufen. Es sind jederzeit kompetente Mitarbeiter erreichbar, die Ihnen direkt beim Anpassen weiterhelfen oder die Schritte gemeinsam mit Ihnen durchf\u00fchren k\u00f6nnen. Trauen Sie sich, Fragen zu stellen. Schlie\u00dflich ist es sehr wichtig, dass Ihr Patient\/Klient ein auf ihn\/sie abgestimmtes Hilfsmittel erh\u00e4lt.<strong>\u00a0<\/strong><\/p>\n<p>Ein n\u00fctzliches Dokument, das Sie vorab lesen k\u00f6nnen, ist die <strong><a href=\"\/files\/2020\/04\/Anpassung-Unterst\u00fctzung-DE2.pdf\" target=\"_blank\" rel=\"noopener\">Anpassung Unterst\u00fctzung<\/a>\u00a0<\/strong>und verwenden Sie unsere Passformulare mit Ausf\u00fcll-\/Auswahlhilfe. Das vollst\u00e4ndige Ausf\u00fcllen dieser Formulare stellt sicher, dass Sie nichts vergessen. Sie erhalten eine Zusammenfassung der ben\u00f6tigten Konfiguration, mit der Sie bei Lagooni ein genaues Angebot anfordern k\u00f6nnen.<\/p>\n<p>&nbsp;<\/p>\n<h5>Passbogen alle Modelle mit Ausf\u00fcll-\/Auswahlhilfe<\/h5>\n<ul>\n<li><a href=\"\/wp-content\/uploads\/2022\/01\/Passformular-Manuell-fahrbar-DU-1.xlsm\">Passformular &#8211; Manuell fahrbar DE Excel<\/a><\/li>\n<li><a href=\"\/wp-content\/uploads\/2022\/01\/Passformular-Schiebemodell-DU-2.xlsm\">Passformular &#8211; Schiebemodell DE Excel<\/a><\/li>\n<\/ul>\n<p>&nbsp;<\/p>\n<h5>Passbogen nach Modell<\/h5>\n<div class=\"field field-name-body field-type-text-with-summary field-label-hidden\">\n<div class=\"field-items\">\n<div class=\"field-item even\">\n<ul>\n<li><a href=\"\/wp-content\/uploads\/2023\/06\/Sitz-Masblatt-DU.pdf\" target=\"_blank\" rel=\"noopener\">Sitz Ma\u00dfblatt PDF<\/a><\/li>\n<li><a href=\"\/wp-content\/uploads\/2023\/06\/Sitz-Masblatt-DU.xlsx\" target=\"_blank\" rel=\"noopener\">Sitz Ma\u00dfblatt Excel<\/a><\/li>\n<li><a href=\"\/wp-content\/uploads\/2023\/08\/Passformular-Lagooni-Blue-Blue-Extra.pdf\" target=\"_blank\" rel=\"noopener\">Passformular Blue &#8211; Blue Extra Schiebemodell PDF<\/a><\/li>\n<li><a href=\"\/wp-content\/uploads\/2023\/06\/Passformular-Lagooni-Blue-Blue-Extra.xlsm\" target=\"_blank\" rel=\"noopener\">Passformular Blue &#8211; Blue Extra Schiebemodell Excel<\/a><\/li>\n<li><a href=\"\/wp-content\/uploads\/2023\/08\/Passformular-Lagooni-Compact-Schiebemodell-Manuell-fahrbar.pdf\" target=\"_blank\" rel=\"noopener\">Passformular Compact Schiebemodell &#8211; Manuell Fahrbahr PDF<\/a><\/li>\n<li><a href=\"\/wp-content\/uploads\/2023\/06\/Passformular-Lagooni-Compact-Schiebemodell-Manuell-fahrbar.xlsm\" target=\"_blank\" rel=\"noopener\">Passformular Compact Schiebemodell &#8211; Manuell Fahrbahr Excel<\/a><\/li>\n<li><a href=\"\/wp-content\/uploads\/2023\/08\/Passformular-Lagooni-Life-Life-Special.pdf\" target=\"_blank\" rel=\"noopener\">Passformular Life &#8211; Life Special PDF<\/a><\/li>\n<li><a href=\"\/wp-content\/uploads\/2023\/06\/Passformular-Lagooni-Life-Life-Special.xlsm\" target=\"_blank\" rel=\"noopener\">Passformular Life &#8211; Life Special Excel<\/a><\/li>\n<li><a href=\"\/wp-content\/uploads\/2023\/08\/Passformular-Lagooni-Junior-Junior-Special.pdf\" target=\"_blank\" rel=\"noopener\">Passformular Junior &#8211; Junior Special PDF<\/a><\/li>\n<li><a href=\"\/wp-content\/uploads\/2023\/06\/Passformular-Lagooni-Junior-Junior-Special.xlsm\" target=\"_blank\" rel=\"noopener\">Passformular Junior &#8211; Junior Special Excel<\/a><\/li>\n<li><a href=\"\/wp-content\/uploads\/2023\/08\/Passformular-Lagooni-Junior-XS.pdf\" target=\"_blank\" rel=\"noopener\">Passformular JuniorXS PDF<\/a><\/li>\n<li><a href=\"\/wp-content\/uploads\/2023\/06\/Passformular-Lagooni-Junior-XS.xlsm\" target=\"_blank\" rel=\"noopener\">Passformular JuniorXS Excel<\/a><\/li>\n<li><a href=\"\/wp-content\/uploads\/2023\/06\/Passformular-Lagooni-Extra-Extra-Special.xlsm\" target=\"_blank\" rel=\"noopener\">Passformular Extra &#8211; Extra Special Excel<\/a><\/li>\n<li><a href=\"\/wp-content\/uploads\/2023\/08\/Passformular-Lagooni-Extra-Extra-Special.pdf\" target=\"_blank\" rel=\"noopener\">Passformular Extra &#8211; Extra Special PDF<\/a><\/li>\n<li><a href=\"\/wp-content\/uploads\/2023\/06\/Passformular-Lagooni-Trip-Trip-Extra.xlsm\" target=\"_blank\" rel=\"noopener\">Passformular Trip &#8211; Trip Extra Excel<\/a><\/li>\n<li><a href=\"\/wp-content\/uploads\/2023\/08\/Passformular-Lagooni-Trip-Trip-Extra.pdf\" target=\"_blank\" rel=\"noopener\">Passformular Trip &#8211; Trip Extra PDF<\/a><\/li>\n<\/ul>\n<\/div>\n<\/div>\n<\/div>\n<p>&nbsp;<\/p>\n<p>[\/et_pb_text][\/et_pb_column][\/et_pb_row][\/et_pb_section]<\/p>\n","protected":false},"excerpt":{"rendered":"<p>Nutzen Sie die Passformulare w\u00e4hrend eine Erprobung. Sie finden die Passformulare zum Download, Dr\u00fccken oder Ausf\u00fcllen. Sie k\u00f6nnen auch die Auswahlhilfe ausf\u00fcllen, um das passende Modell und die beste Konfiguration zusammenzustellen.<\/p>\n","protected":false},"author":1,"featured_media":0,"parent":726,"menu_order":0,"comment_status":"closed","ping_status":"closed","template":"","meta":{"_et_pb_use_builder":"on","_et_pb_old_content":"<h2>Anpassbogen der Lagooni Duschrollst\u00fchle<\/h2>\r\nFachleute - wie H\u00e4ndler, Therapeuten, Berater und Gutachter - k\u00f6nnen auf verschiedene Weise (Informationen \u00fcber) einen Dusch-Toilettenrollstuhl f\u00fcr ihre Kunden anfordern.\r\n\r\nUm eine Anpassung ordnungsgem\u00e4\u00df durchzuf\u00fchren, ist es sinnvoll, unsere vorgefertigten Formulare zu verwenden. F\u00fcr jedes Modell gibt es ein eigenes Formular, das Sie herunterladen, ausdrucken und\/oder direkt ausf\u00fcllen k\u00f6nnen. Wenn Sie als Ergotherapeut oder Berater einen Lagooni Duschrollstuhl gemeinsam mit Ihrem Patienten\/Klienten anpassen und sich dabei Fragen ergeben, k\u00f6nnen Sie Lagooni BV \u2013 auch w\u00e4hrend der Erprobung \u2013 anrufen. Es sind jederzeit kompetente Mitarbeiter erreichbar, die Ihnen direkt beim Anpassen weiterhelfen oder die Schritte gemeinsam mit Ihnen durchf\u00fchren k\u00f6nnen. Trauen Sie sich, Fragen zu stellen. Schlie\u00dflich ist es sehr wichtig, dass Ihr Patient\/Klient ein auf ihn\/sie abgestimmtes Hilfsmittel erh\u00e4lt.<strong>\u00a0<\/strong>\r\n\r\nEin n\u00fctzliches Dokument, das Sie vorab lesen k\u00f6nnen, ist die <strong><a href=\"\/files\/2020\/04\/Anpassung-Unterst\u00fctzung-DE2.pdf\" target=\"_blank\" rel=\"noopener\">Anpassung Unterst\u00fctzung<\/a>\u00a0<\/strong>und verwenden Sie unsere Passformulare mit Ausf\u00fcll-\/Auswahlhilfe. Das vollst\u00e4ndige Ausf\u00fcllen dieser Formulare stellt sicher, dass Sie nichts vergessen. Sie erhalten eine Zusammenfassung der ben\u00f6tigten Konfiguration, mit der Sie bei Lagooni ein genaues Angebot anfordern k\u00f6nnen.\r\n\r\n\u00a0\r\n<h5>Passbogen alle Modelle mit Ausf\u00fcll-\/Auswahlhilfe<\/h5>\r\n<ul>\r\n \t<li><a href=\"\/wp-content\/uploads\/2022\/01\/Passformular-Manuell-fahrbar-DU-1.xlsm\">Passformular - Manuell fahrbar DE Excel<\/a><\/li>\r\n \t<li><a href=\"\/wp-content\/uploads\/2022\/01\/Passformular-Schiebemodell-DU-2.xlsm\">Passformular - Schiebemodell DE Excel<\/a><\/li>\r\n<\/ul>\r\n\u00a0\r\n<h5>Passbogen nach Modell<\/h5>\r\n<div class=\"field field-name-body field-type-text-with-summary field-label-hidden\">\r\n<div class=\"field-items\">\r\n<div class=\"field-item even\">\r\n<ul>\r\n \t<li><a href=\"\/wp-content\/uploads\/2020\/09\/Sitz-Masblatt.pdf\" target=\"_blank\" rel=\"noopener\">Sitz Ma\u00dfblatt<\/a><\/li>\r\n \t<li><a href=\"\/wp-content\/uploads\/2021\/05\/Passformular-Blue-Schiebemodell-.pdf\" target=\"_blank\" rel=\"noopener\">Passformular Blue Schiebemodell PDF<\/a><\/li>\r\n \t<li><a href=\"\/wp-content\/uploads\/2021\/05\/Passformular-Blue-Schiebemodell-.xlsx\" target=\"_blank\" rel=\"noopener\">Passformular Blue Schiebemodell Excel<\/a><\/li>\r\n \t<li><a href=\"\/wp-content\/uploads\/2021\/05\/Passformular-Compact-Manuell-Fahrbahr.pdf\" target=\"_blank\" rel=\"noopener\">Passformular Compact Manuell Fahrbahr PDF<\/a><\/li>\r\n \t<li><a href=\"\/wp-content\/uploads\/2021\/05\/Passformular-Compact-Manuell-Fahrbahr.xlsx\" target=\"_blank\" rel=\"noopener\">Passformular Compact Manuell Fahrbahr Excel<\/a><\/li>\r\n \t<li><a href=\"\/wp-content\/uploads\/2021\/05\/Passformular-Compact-Schiebemodell-.pdf\" target=\"_blank\" rel=\"noopener\">Passformular Compact Schiebemodell PDF<\/a><\/li>\r\n \t<li><a href=\"\/wp-content\/uploads\/2021\/05\/Passformular-Compact-Schiebemodell-.xlsx\" target=\"_blank\" rel=\"noopener\">Passformular Compact Schiebemodell Excel<\/a><\/li>\r\n \t<li><a href=\"\/wp-content\/uploads\/2021\/05\/Passformular-Life-Special-.xlsx\" target=\"_blank\" rel=\"noopener\">Passformular Life Special Excel<\/a><\/li>\r\n \t<li><a href=\"\/wp-content\/uploads\/2021\/05\/Passformular-Life-Special-.pdf\" target=\"_blank\" rel=\"noopener\">Passformular Life Special PDF<\/a><\/li>\r\n \t<li><a href=\"\/wp-content\/uploads\/2021\/05\/Passformular-Life-.xlsx\" target=\"_blank\" rel=\"noopener\">Passformular Life Excel<\/a><\/li>\r\n \t<li><a href=\"\/wp-content\/uploads\/2021\/05\/Passformular-Life-.pdf\" target=\"_blank\" rel=\"noopener\">Passformular Life PDF<\/a><\/li>\r\n \t<li><a href=\"\/wp-content\/uploads\/2021\/05\/Passformular-Junior-1.pdf\" target=\"_blank\" rel=\"noopener\">Passformular Junior PDF<\/a><\/li>\r\n \t<li><a href=\"\/wp-content\/uploads\/2021\/05\/Passformular-Junior-1.xlsx\" target=\"_blank\" rel=\"noopener\">Passformular Junior Excel<\/a><\/li>\r\n \t<li><a href=\"\/wp-content\/uploads\/2021\/05\/Passformular-Junior-Special-1-1.pdf\" target=\"_blank\" rel=\"noopener\">Passformular Junior Special PDF<\/a><\/li>\r\n \t<li><a href=\"\/wp-content\/uploads\/2021\/05\/Passformular-Junior-Special-1-1.xlsx\" target=\"_blank\" rel=\"noopener\">Passformular Junior Special Excel<\/a><\/li>\r\n \t<li><a href=\"\/wp-content\/uploads\/2021\/05\/Passformular-JuniorXS-1-1.pdf\" target=\"_blank\" rel=\"noopener\">Passformular JuniorXS PDF<\/a><\/li>\r\n \t<li><a href=\"\/wp-content\/uploads\/2021\/05\/Passformular-JuniorXS-1-1.xlsx\" target=\"_blank\" rel=\"noopener\">Passformular JuniorXS Excel<\/a><\/li>\r\n \t<li><a href=\"\/wp-content\/uploads\/2021\/05\/Passformular-Extra-Special.xlsx\" target=\"_blank\" rel=\"noopener\">Passformular Extra Special Excel<\/a><\/li>\r\n \t<li><a href=\"\/wp-content\/uploads\/2021\/05\/Passformular-Extra-Special.pdf\" target=\"_blank\" rel=\"noopener\">Passformular Extra Special PDF<\/a><\/li>\r\n \t<li><a href=\"\/wp-content\/uploads\/2021\/05\/Passformular-Extra-.xlsx\" target=\"_blank\" rel=\"noopener\">Passformular Extra Excel<\/a><\/li>\r\n \t<li><a href=\"\/wp-content\/uploads\/2021\/05\/Passformular-Extra-.pdf\" target=\"_blank\" rel=\"noopener\">Passformular Extra PDF<\/a><\/li>\r\n<\/ul>\r\n<\/div>\r\n<\/div>\r\n<\/div>\r\n\u00a0","_et_gb_content_width":"","footnotes":""},"class_list":["post-745","page","type-page","status-publish","hentry"],"_links":{"self":[{"href":"https:\/\/www.lagooni.com\/de\/wp-json\/wp\/v2\/pages\/745","targetHints":{"allow":["GET"]}}],"collection":[{"href":"https:\/\/www.lagooni.com\/de\/wp-json\/wp\/v2\/pages"}],"about":[{"href":"https:\/\/www.lagooni.com\/de\/wp-json\/wp\/v2\/types\/page"}],"author":[{"embeddable":true,"href":"https:\/\/www.lagooni.com\/de\/wp-json\/wp\/v2\/users\/1"}],"replies":[{"embeddable":true,"href":"https:\/\/www.lagooni.com\/de\/wp-json\/wp\/v2\/comments?post=745"}],"version-history":[{"count":26,"href":"https:\/\/www.lagooni.com\/de\/wp-json\/wp\/v2\/pages\/745\/revisions"}],"predecessor-version":[{"id":8706,"href":"https:\/\/www.lagooni.com\/de\/wp-json\/wp\/v2\/pages\/745\/revisions\/8706"}],"up":[{"embeddable":true,"href":"https:\/\/www.lagooni.com\/de\/wp-json\/wp\/v2\/pages\/726"}],"wp:attachment":[{"href":"https:\/\/www.lagooni.com\/de\/wp-json\/wp\/v2\/media?parent=745"}],"curies":[{"name":"wp","href":"https:\/\/api.w.org\/{rel}","templated":true}]}}