{"id":744,"date":"2017-05-11T00:00:00","date_gmt":"2017-05-11T00:00:00","guid":{"rendered":"https:\/\/lagooni.stijlweb.nl\/privatpersonen\/ersatz\/"},"modified":"2024-10-04T15:46:59","modified_gmt":"2024-10-04T13:46:59","slug":"ersatz","status":"publish","type":"page","link":"https:\/\/www.lagooni.com\/de\/privatpersonen\/ersatz\/","title":{"rendered":"Anschaffung &#038; Kosten\u00fcbernahme"},"content":{"rendered":"<p>[et_pb_section fb_built=&#8220;1&#8243; admin_label=&#8220;section&#8220; _builder_version=&#8220;4.16&#8243; global_colors_info=&#8220;{}&#8220; theme_builder_area=&#8220;post_content&#8220;][et_pb_row admin_label=&#8220;row&#8220; _builder_version=&#8220;4.16&#8243; background_size=&#8220;initial&#8220; background_position=&#8220;top_left&#8220; background_repeat=&#8220;repeat&#8220; global_colors_info=&#8220;{}&#8220; theme_builder_area=&#8220;post_content&#8220;][et_pb_column type=&#8220;4_4&#8243; _builder_version=&#8220;4.16&#8243; custom_padding=&#8220;|||&#8220; global_colors_info=&#8220;{}&#8220; custom_padding__hover=&#8220;|||&#8220; theme_builder_area=&#8220;post_content&#8220;][et_pb_text admin_label=&#8220;Text&#8220; _builder_version=&#8220;4.16&#8243; background_size=&#8220;initial&#8220; background_position=&#8220;top_left&#8220; background_repeat=&#8220;repeat&#8220; theme_builder_area=&#8220;post_content&#8220;]<\/p>\n<h3><strong>Anschaffung und Kosten\u00fcbernahme eines Dusch-Toilettenrollstuhls<\/strong><\/h3>\n<p>&nbsp;<\/p>\n<p>Wenn Sie Anspruch auf die Kosten\u00fcbernahme eines Dusch-Toilettenrollstuhls geltend machen m\u00f6chten, erfolgt dies in der Regel \u00fcber die Regierung oder die Versicherung. Dies variiert nat\u00fcrlich je nach Land. Wir sind selbstverst\u00e4ndlich nicht mit den lokalen Verfahren vertraut. Wir wissen jedoch, dass die Kosten\u00fcbernahme oft reibungsloser verl\u00e4uft, wenn eine gute Indikation und Begr\u00fcndung von einem Ergotherapeuten, Rehabilitationsarzt und\/oder Berater vorliegt. Es gibt eine Reihe wichtiger einzigartiger Merkmale, die Lagooni bietet und die bei einem Standard-Dusch-Toilettenrollstuhl oft nicht erf\u00fcllt werden:<\/p>\n<ul>\n<li><strong>Wendigkeit:<\/strong> Der Rollstuhl ist leichtg\u00e4ngig und \u00e4u\u00dferst wendig, was besonders wichtig ist, wenn nur wenig Kraft in den H\u00e4nden und\/oder Armen vorhanden ist.<\/li>\n<li><strong>Verstellbarer Neigungswinkel der R\u00fcckenlehne:<\/strong> Essenziell f\u00fcr Personen mit eingeschr\u00e4nkter Rumpfstabilit\u00e4t.<\/li>\n<li><strong>Kompakter Wendekreis:<\/strong> Ideal f\u00fcr enge R\u00e4ume.<\/li>\n<li><strong>H\u00f6henverstellbar:<\/strong> Geeignet f\u00fcr kleinere und gr\u00f6\u00dfere Benutzer.<\/li>\n<li><strong>Angepasste Sitzfl\u00e4che:<\/strong> Hilft, Dekubitus und Inkontinenz vorzubeugen.<\/li>\n<li><strong>Anpassbare Komponenten:<\/strong> Armlehnen, Beinst\u00fctzen, Fu\u00dfst\u00fctzen und mehr k\u00f6nnen f\u00fcr zus\u00e4tzliche Stabilit\u00e4t und Unterst\u00fctzung angepasst werden.<\/li>\n<\/ul>\n<p>Als Berater ist Ihre Rolle im Anpassungsprozess entscheidend. Durch eine klare Kommunikation der Vorteile eines Lagooni-Stuhls k\u00f6nnen Sie die Genehmigungsquote erheblich verbessern.<\/p>\n<p><strong>Hilfsmittelnummer<\/strong><br \/>F\u00fcr die Kosten\u00fcbernahme in Deutschland \u00fcber die Krankenkasse ist es wichtig, dass Lagooni im Hilfsmittelverzeichnis aufgenommen wurde. Positionsnummer: <strong>18.46.03.1059<\/strong>, Bezeichnung: <strong>Lagooni Life<\/strong>, Artikelnummer: <strong>DCFRA01<\/strong>.<\/p>\n<p>[\/et_pb_text][\/et_pb_column][\/et_pb_row][\/et_pb_section]<\/p>\n","protected":false},"excerpt":{"rendered":"<p>[et_pb_section fb_built=&#8220;1&#8243; admin_label=&#8220;section&#8220; _builder_version=&#8220;4.16&#8243; global_colors_info=&#8220;{}&#8220; theme_builder_area=&#8220;post_content&#8220;][et_pb_row admin_label=&#8220;row&#8220; _builder_version=&#8220;4.16&#8243; background_size=&#8220;initial&#8220; background_position=&#8220;top_left&#8220; background_repeat=&#8220;repeat&#8220; global_colors_info=&#8220;{}&#8220; theme_builder_area=&#8220;post_content&#8220;][et_pb_column type=&#8220;4_4&#8243; _builder_version=&#8220;4.16&#8243; custom_padding=&#8220;|||&#8220; global_colors_info=&#8220;{}&#8220; custom_padding__hover=&#8220;|||&#8220; theme_builder_area=&#8220;post_content&#8220;][et_pb_text admin_label=&#8220;Text&#8220; _builder_version=&#8220;4.16&#8243; background_size=&#8220;initial&#8220; background_position=&#8220;top_left&#8220; background_repeat=&#8220;repeat&#8220; theme_builder_area=&#8220;post_content&#8220;] Anschaffung und Kosten\u00fcbernahme eines Dusch-Toilettenrollstuhls &nbsp; Wenn Sie Anspruch auf die Kosten\u00fcbernahme eines Dusch-Toilettenrollstuhls geltend machen m\u00f6chten, erfolgt dies in der Regel \u00fcber die Regierung oder die Versicherung. Dies variiert [&hellip;]<\/p>\n","protected":false},"author":1,"featured_media":0,"parent":726,"menu_order":0,"comment_status":"closed","ping_status":"closed","template":"","meta":{"_et_pb_use_builder":"on","_et_pb_old_content":"","_et_gb_content_width":"","footnotes":""},"class_list":["post-744","page","type-page","status-publish","hentry"],"_links":{"self":[{"href":"https:\/\/www.lagooni.com\/de\/wp-json\/wp\/v2\/pages\/744","targetHints":{"allow":["GET"]}}],"collection":[{"href":"https:\/\/www.lagooni.com\/de\/wp-json\/wp\/v2\/pages"}],"about":[{"href":"https:\/\/www.lagooni.com\/de\/wp-json\/wp\/v2\/types\/page"}],"author":[{"embeddable":true,"href":"https:\/\/www.lagooni.com\/de\/wp-json\/wp\/v2\/users\/1"}],"replies":[{"embeddable":true,"href":"https:\/\/www.lagooni.com\/de\/wp-json\/wp\/v2\/comments?post=744"}],"version-history":[{"count":26,"href":"https:\/\/www.lagooni.com\/de\/wp-json\/wp\/v2\/pages\/744\/revisions"}],"predecessor-version":[{"id":12606,"href":"https:\/\/www.lagooni.com\/de\/wp-json\/wp\/v2\/pages\/744\/revisions\/12606"}],"up":[{"embeddable":true,"href":"https:\/\/www.lagooni.com\/de\/wp-json\/wp\/v2\/pages\/726"}],"wp:attachment":[{"href":"https:\/\/www.lagooni.com\/de\/wp-json\/wp\/v2\/media?parent=744"}],"curies":[{"name":"wp","href":"https:\/\/api.w.org\/{rel}","templated":true}]}}