{"id":734,"date":"2017-05-04T00:00:00","date_gmt":"2017-05-04T00:00:00","guid":{"rendered":"https:\/\/lagooni.stijlweb.nl\/toilettenstuhl-hoehenverstellbar\/"},"modified":"2020-08-11T09:55:29","modified_gmt":"2020-08-11T09:55:29","slug":"toilettenstuhl-hoehenverstellbar","status":"publish","type":"page","link":"https:\/\/www.lagooni.com\/de\/toilettenstuhl-hoehenverstellbar\/","title":{"rendered":"Toilettenstuhl h\u00f6henverstellbar"},"content":{"rendered":"<p>Suchen Sie einen Toilettenstuhl, h\u00f6henverstellbar und ma\u00dfgefertigt? Sie haben Ihr Ziel erreicht und einen Top Anbieter von h\u00f6henverstellbaren Toilettenst\u00fchlen gefunden.<\/p>\n<h2>Innovationen und Praxisbezug<\/h2>\n<p><a href=\"\/de\/produkt\/lagooni-life\/\"><img decoding=\"async\" class=\"wp-image-1544 alignright\" title=\"Toilettenstuhl H\u00f6henverstellbar\" src=\"\/files\/2017\/05\/toilettenstuhl-h\u00f6henverstellbar.jpg\" alt=\"Toilettenstuhl H\u00f6henverstellbar\" width=\"165\" height=\"165\" \/><\/a>Die Firma Lagooni liefert nun mehr seit dem Jahre 2009 h\u00f6henverstellbare Toilettenstuhl Ma\u00dfanfertigungen und Standardmodelle. Ein <strong><a title=\"Toilettenstuhl h\u00f6henverstellbar\" href=\"\/de\/product-categorie\/alle-modelle\/\">Toilettenstuhl h\u00f6henverstellbar<\/a><\/strong> ist zu <strong>100% ergonomisch und sehr praktisch<\/strong>.<\/p>\n<p>Paul Kampshoff, Gr\u00fcnder der Firma Lagooni, hat seine eigenen Erfahrungen genutzt um einen h\u00f6henverstellbaren Toilettenstuhl zu kreieren, welcher absolut praxisgerecht ist. Seine Toilettenst\u00fchle haben als Basis vor dem Entwurf die Praxis und kommen bei allen Benutzern sehr gut an. <strong>Lagooni steht f\u00fcr Innovationen und Praxisbezug<\/strong>.<\/p>\n<p>Klicken Sie hier unten auf den Button zu einer \u00dcbersicht von unseren verschiedenen Toilettenst\u00fchlen.<\/p>\n<p><a class=\"button\" title=\"Toilettenst\u00fchle\" href=\"\/de\/product-categorie\/alle-modelle\/\">Toilettenst\u00fchle<\/a><\/p>\n<p>&nbsp;<\/p>\n<h2>H\u00f6henverstellbare Toilettenstuhl Modellauswahl Lagooni<\/h2>\n<p>Hier bei Lagooni erhalten Sie qualitativ sehr hochwertige h\u00f6henverstellbare Toilettenst\u00fchle. Unsere Modellauswahl umfasst inzwischen 8 verschiedene Toilettenst\u00fchle und Toilettenrollstuhl Modelle. Von gross bis klein f\u00fcr jeden Kunden den passenden Rollstuhl oder Toilettenstuhl h\u00f6henverstellbar. Zur passenden Modellauswahl Ihres pers\u00f6nlichen Stuhles beraten wir Sie zu jeder Zeit gerne.<\/p>\n<p>Wir von Lagooni informieren unsere Kunden zu jedem Detail und finden so immer den passenden h\u00f6henverstellbaren Toilettenstuhl. Wir freuen uns auch Sie als neuen Kunden f\u00fcr Toilettenst\u00fchle h\u00f6henverstellbar zu begr\u00fc\u00dfen. Kontaktieren Sie uns noch Heute. Unsere Kontaktdaten und die Modellauswahl beziehungsweise eine <strong><a href=\"\/de\/product-categorie\/alle-modelle\/\">\u00dcbersicht zu unseren Modellen<\/a><\/strong> finden.<\/p>\n<p><a class=\"button btn-wit\" title=\"Weiter lesen\" href=\"#wrapper-wx658e64ad93f5ea\">Weiter lesen<\/a><\/p>\n<p>&nbsp;<\/p>\n<h2>Toilettenst\u00fchle h\u00f6henverstellbar<\/h2>\n<p>Ein Toilettenstuhl h\u00f6henverstellbar oder auch Toilettenst\u00fchle mit einer h\u00f6henverstellbaren Funktion kaufen Sie beim bekannten niederl\u00e4ndischen Hersteller Lagooni. Die Kreationen aus der Hand von Herrn Kampshoff sind sehr zu empfehlen.<\/p>\n<p>Schauen Sie sich einmal die Kundenmeinungen zu unseren <strong><a title=\"h\u00f6henverstellbaren Toilettenrollstuhl\" href=\"\/de\/toilettenstuhl-hoehenverstellbar-lagooni\/\">h\u00f6henverstellbaren Toilettenrollstuhl<\/a> <\/strong>und Toilettenstuhl Modellen an. Lagooni Kunden sind begeistert von den \u00fcberaus praktischen Rollstuhl und Sitz Stuhl Angeboten.<\/p>\n<p>&nbsp;<\/p>\n<h3>Toilettenst\u00fchle h\u00f6henverstellbar Made in Holland<\/h3>\n<p>Hier kaufen Sie <strong>echte Qualit\u00e4t<\/strong> wobei das Design bis ins letzte Detail sehr praxisbezogen ist. Viele Toilettenrollst\u00fchle mit einer h\u00f6henverstellbaren Funktion sind ma\u00dfgefertigt. Lagooni liefert sowohl Standard Toilettenst\u00fchle h\u00f6henverstellbar sowie Toilettenrollstuhl Ma\u00dfanfertigungen mit und ohne h\u00f6henverstellbaren Elementen.<\/p>\n<blockquote><p><a href=\"\/de\/product-category\/alle-modelle\/\">Weitere Productinformationen Toilettenstuhl<\/a><\/p><\/blockquote>\n<p>&nbsp;<\/p>\n<h2>L\u00e4nger selbstst\u00e4ndig mit Lagooni<\/h2>\n<p>Sehr praktisch sind folgenden Lagooni Modelle: Toilettenrollstuhl h\u00f6henverstellbar. Ein solcher Toilettenrollstuhl \u00fcberzeugt den Benutzer vom ersten Tag an.<\/p>\n<p>Die angenehme Funktion zur Anpassung der H\u00f6he ist \u00fcberaus gefragt und gelobt durch unsere Kunden. Unsere Mission ist es jedem Benutzer eines h\u00f6henverstellbaren Toilettenrollstuhles die M\u00f6glichkeit zu bieten gem\u00fctlich zu sitzen, l\u00e4nger selbstst\u00e4ndig zu funktionieren und au\u00dferdem die M\u00f6glichkeit zu haben seinen Toilettenrollstuhl einfach mit auf die Reise zu nehmen.<\/p>\n<p>Vielen Benutzer boten sich aufeinmal seit der Benutzung eines Lagooni Produktes ganz neue unerwartete Horizonte auf. Ein Toilettenrollstuhl h\u00f6henverstellbar ist nicht nur daheim eine <a href=\"\/files\/2017\/05\/toilettenst\u00fchle-h\u00f6henverstellbar.jpg\"><img decoding=\"async\" class=\"alignright wp-image-1547 size-thumbnail\" title=\"Toilettenst\u00fchle h\u00f6henverstellbar\" src=\"\/files\/2017\/05\/toilettenst\u00fchle-h\u00f6henverstellbar-380x380.jpg\" alt=\"Toilettenst\u00fchle h\u00f6henverstellbar\" width=\"200\" height=\"200\" \/><\/a>sehr praktische Hilfe.<\/p>\n<p>Je nach Modellauswahl wird Ihr <strong><a title=\"Lagooni Stuhl inklusive Koffer\" href=\"\/de\/product-categorie\/alle-modelle\/reise\/\">Lagooni Stuhl inklusive Koffer<\/a> <\/strong>geliefert. Ein Toilettenrollstuhl h\u00f6henverstellbar, gebaut f\u00fcr daheim und die Reise &#8211; der Lagooni Compact.<\/p>\n","protected":false},"excerpt":{"rendered":"<p>Suchen Sie einen Toilettenstuhl, h\u00f6henverstellbar und ma\u00dfgefertigt? Sie haben Ihr Ziel erreicht und einen Top Anbieter von h\u00f6henverstellbaren Toilettenst\u00fchlen gefunden. Innovationen und Praxisbezug Die Firma Lagooni liefert nun mehr seit dem Jahre 2009 h\u00f6henverstellbare Toilettenstuhl Ma\u00dfanfertigungen und Standardmodelle. Ein Toilettenstuhl h\u00f6henverstellbar ist zu 100% ergonomisch und sehr praktisch. Paul Kampshoff, Gr\u00fcnder der Firma Lagooni, hat [&hellip;]<\/p>\n","protected":false},"author":1,"featured_media":735,"parent":0,"menu_order":0,"comment_status":"closed","ping_status":"closed","template":"","meta":{"_et_pb_use_builder":"","_et_pb_old_content":"","_et_gb_content_width":"","footnotes":""},"class_list":["post-734","page","type-page","status-publish","has-post-thumbnail","hentry"],"_links":{"self":[{"href":"https:\/\/www.lagooni.com\/de\/wp-json\/wp\/v2\/pages\/734","targetHints":{"allow":["GET"]}}],"collection":[{"href":"https:\/\/www.lagooni.com\/de\/wp-json\/wp\/v2\/pages"}],"about":[{"href":"https:\/\/www.lagooni.com\/de\/wp-json\/wp\/v2\/types\/page"}],"author":[{"embeddable":true,"href":"https:\/\/www.lagooni.com\/de\/wp-json\/wp\/v2\/users\/1"}],"replies":[{"embeddable":true,"href":"https:\/\/www.lagooni.com\/de\/wp-json\/wp\/v2\/comments?post=734"}],"version-history":[{"count":1,"href":"https:\/\/www.lagooni.com\/de\/wp-json\/wp\/v2\/pages\/734\/revisions"}],"predecessor-version":[{"id":3472,"href":"https:\/\/www.lagooni.com\/de\/wp-json\/wp\/v2\/pages\/734\/revisions\/3472"}],"wp:featuredmedia":[{"embeddable":true,"href":"https:\/\/www.lagooni.com\/de\/wp-json\/wp\/v2\/media\/735"}],"wp:attachment":[{"href":"https:\/\/www.lagooni.com\/de\/wp-json\/wp\/v2\/media?parent=734"}],"curies":[{"name":"wp","href":"https:\/\/api.w.org\/{rel}","templated":true}]}}