{"id":729,"date":"2017-04-24T00:00:00","date_gmt":"2017-04-24T00:00:00","guid":{"rendered":"https:\/\/lagooni.stijlweb.nl\/profis\/"},"modified":"2017-04-24T00:00:00","modified_gmt":"2017-04-24T00:00:00","slug":"profis","status":"publish","type":"page","link":"https:\/\/www.lagooni.com\/de\/profis\/","title":{"rendered":"Profis"},"content":{"rendered":"<h2>Kauf des Lagooni Dusch-Toiletten-Rollstuhl durch\u00a0Profis<\/h2>\n<p>F\u00fcr Profis (H\u00e4ndler, Therapeuten, Berater und Pflegesachverst\u00e4ndige) gibt es diverse M\u00f6glichkeiten, f\u00fcr ihre Kunden\/Patienten (Informationen \u00fcber) einen Dusch-Toiletten-Rollstuhl anzufragen.<\/p>\n<h2>Kauf<\/h2>\n<p>Indem Sie auf das Modell Ihrer Wahl klicken, erhalten Sie weitere Informationen \u00fcber das entsprechende Modell. Wenn Sie das Anpassungsformular zu Ihrem gew\u00fcnschten Modell ausf\u00fcllen, erhalten Sie ein individuelles Angebot. M\u00f6chten Sie ein Modell zur Ansicht bestellen, um alle Einstellm\u00f6glichkeiten aus der N\u00e4he sehen und direkt ausprobieren zu k\u00f6nnen, dann ist auch dies m\u00f6glich.<\/p>\n<p>F\u00fcr weitere detaillierte Informationen zu den M\u00f6glichkeiten nehmen Sie Kontakt zu einem unserer Mitarbeiter auf. Zusammen k\u00f6nnen dann alle Optionen und Eigenschaften erl\u00e4utert werden.<\/p>\n<p>Sie erreichen uns t\u00e4glich zwischen 9.00 und 17.00 Uhr unter <a href=\"Tel:+%2031%20174-%20281551\">+ 31 (0) 174- 281551<\/a>\u00a0oder <a href=\"mailto:info@lagooni.com\">info@lagooni.com<\/a>.<\/p>\n<p><img decoding=\"async\" class=\"alignnone size-full wp-image-104\" src=\"\/files\/2017\/02\/voorbeeld-afbeeldingen-usps2-500px.png\" alt=\"\" width=\"500\" height=\"501\" \/><\/p>\n<h2><img decoding=\"async\" class=\"alignnone size-full wp-image-106\" src=\"\/files\/2017\/02\/voorbeeld-afbeeldingen-usps4-500.png\" alt=\"\" width=\"500\" height=\"501\" \/><\/h2>\n<h2>M\u00f6chten Sie das Modell weiter spezifizieren?<\/h2>\n<p>Dann k\u00f6nnen Sie eine Anpassung von Lagooni anfragen oder selbst das umfangreiche Passformular per E-Mail an\u00a0<a href=\"mailto:info@lagooni.com\">info@lagooni.com<\/a>\u00a0senden oder es an <a href=\"Tel:+31%20174%20-%20213581\">+31 (0)174 \u2013 213581<\/a> faxen, woraufhin Sie ein pers\u00f6nliches Angebot erhalten. Nat\u00fcrlich k\u00f6nnen Sie diese Option auch als Privatperson (zusammen mit dem Experten) nutzen.<\/p>\n","protected":false},"excerpt":{"rendered":"<p>Kauf des Lagooni Dusch-Toiletten-Rollstuhl durch\u00a0Profis F\u00fcr Profis (H\u00e4ndler, Therapeuten, Berater und Pflegesachverst\u00e4ndige) gibt es diverse M\u00f6glichkeiten, f\u00fcr ihre Kunden\/Patienten (Informationen \u00fcber) einen Dusch-Toiletten-Rollstuhl anzufragen. Kauf Indem Sie auf das Modell Ihrer Wahl klicken, erhalten Sie weitere Informationen \u00fcber das entsprechende Modell. Wenn Sie das Anpassungsformular zu Ihrem gew\u00fcnschten Modell ausf\u00fcllen, erhalten Sie ein individuelles Angebot. [&hellip;]<\/p>\n","protected":false},"author":1,"featured_media":35,"parent":0,"menu_order":0,"comment_status":"closed","ping_status":"closed","template":"","meta":{"_et_pb_use_builder":"","_et_pb_old_content":"","_et_gb_content_width":"","footnotes":""},"class_list":["post-729","page","type-page","status-publish","has-post-thumbnail","hentry"],"_links":{"self":[{"href":"https:\/\/www.lagooni.com\/de\/wp-json\/wp\/v2\/pages\/729","targetHints":{"allow":["GET"]}}],"collection":[{"href":"https:\/\/www.lagooni.com\/de\/wp-json\/wp\/v2\/pages"}],"about":[{"href":"https:\/\/www.lagooni.com\/de\/wp-json\/wp\/v2\/types\/page"}],"author":[{"embeddable":true,"href":"https:\/\/www.lagooni.com\/de\/wp-json\/wp\/v2\/users\/1"}],"replies":[{"embeddable":true,"href":"https:\/\/www.lagooni.com\/de\/wp-json\/wp\/v2\/comments?post=729"}],"version-history":[{"count":0,"href":"https:\/\/www.lagooni.com\/de\/wp-json\/wp\/v2\/pages\/729\/revisions"}],"wp:featuredmedia":[{"embeddable":true,"href":"https:\/\/www.lagooni.com\/de\/wp-json\/wp\/v2\/media\/35"}],"wp:attachment":[{"href":"https:\/\/www.lagooni.com\/de\/wp-json\/wp\/v2\/media?parent=729"}],"curies":[{"name":"wp","href":"https:\/\/api.w.org\/{rel}","templated":true}]}}