{"id":726,"date":"2017-04-24T00:00:00","date_gmt":"2017-04-24T00:00:00","guid":{"rendered":"https:\/\/lagooni.stijlweb.nl\/privatpersonen\/"},"modified":"2020-06-15T10:33:05","modified_gmt":"2020-06-15T10:33:05","slug":"privatpersonen","status":"publish","type":"page","link":"https:\/\/www.lagooni.com\/de\/privatpersonen\/","title":{"rendered":"Privatpersonen"},"content":{"rendered":"<h2>Kauf<\/h2>\n<p>Wenn Sie sich selbst einen Lagooni Dusch-Toiletten-Rollstuhl zulegen m\u00f6chten, sprechen Sie am besten einen unserer Mitarbeiter an. In einem pers\u00f6nlichen Gespr\u00e4ch finden wir heraus, welches Produkt f\u00fcr Ihre Bed\u00fcrfnisse das richtige ist.<br \/>\nSie erreichen uns t\u00e4glich zwischen 9.00 und 17.00 Uhr unter<strong>\u00a0<a href=\"mailto:+%2031%20174-281551\">+ 31 174-281551<\/a>\u00a0<\/strong>oder\u00a0<strong><a href=\"mailto:info@lagooni.com\">info@lagooni.com<\/a><\/strong>.<\/p>\n<p><img decoding=\"async\" class=\"alignnone size-medium wp-image-106\" src=\"\/files\/2017\/02\/voorbeeld-afbeeldingen-usps4-500-300x300.png\" alt=\"\" width=\"300\" height=\"300\" \/><\/p>\n","protected":false},"excerpt":{"rendered":"<p>Kauf Wenn Sie sich selbst einen Lagooni Dusch-Toiletten-Rollstuhl zulegen m\u00f6chten, sprechen Sie am besten einen unserer Mitarbeiter an. In einem pers\u00f6nlichen Gespr\u00e4ch finden wir heraus, welches Produkt f\u00fcr Ihre Bed\u00fcrfnisse das richtige ist. Sie erreichen uns t\u00e4glich zwischen 9.00 und 17.00 Uhr unter\u00a0+ 31 174-281551\u00a0oder\u00a0info@lagooni.com.<\/p>\n","protected":false},"author":1,"featured_media":0,"parent":0,"menu_order":0,"comment_status":"closed","ping_status":"closed","template":"","meta":{"_et_pb_use_builder":"","_et_pb_old_content":"","_et_gb_content_width":"","footnotes":""},"class_list":["post-726","page","type-page","status-publish","hentry"],"_links":{"self":[{"href":"https:\/\/www.lagooni.com\/de\/wp-json\/wp\/v2\/pages\/726","targetHints":{"allow":["GET"]}}],"collection":[{"href":"https:\/\/www.lagooni.com\/de\/wp-json\/wp\/v2\/pages"}],"about":[{"href":"https:\/\/www.lagooni.com\/de\/wp-json\/wp\/v2\/types\/page"}],"author":[{"embeddable":true,"href":"https:\/\/www.lagooni.com\/de\/wp-json\/wp\/v2\/users\/1"}],"replies":[{"embeddable":true,"href":"https:\/\/www.lagooni.com\/de\/wp-json\/wp\/v2\/comments?post=726"}],"version-history":[{"count":1,"href":"https:\/\/www.lagooni.com\/de\/wp-json\/wp\/v2\/pages\/726\/revisions"}],"predecessor-version":[{"id":1071,"href":"https:\/\/www.lagooni.com\/de\/wp-json\/wp\/v2\/pages\/726\/revisions\/1071"}],"wp:attachment":[{"href":"https:\/\/www.lagooni.com\/de\/wp-json\/wp\/v2\/media?parent=726"}],"curies":[{"name":"wp","href":"https:\/\/api.w.org\/{rel}","templated":true}]}}