{"id":5252,"date":"2021-03-12T11:18:51","date_gmt":"2021-03-12T11:18:51","guid":{"rendered":"https:\/\/www.lagooni.com\/?page_id=5252"},"modified":"2026-02-16T12:22:01","modified_gmt":"2026-02-16T11:22:01","slug":"du-onderdelen-bestellen","status":"publish","type":"page","link":"https:\/\/www.lagooni.com\/de\/du-onderdelen-bestellen\/","title":{"rendered":"Ersatzteile"},"content":{"rendered":"<p>[et_pb_section fb_built=&#8220;1&#8243; admin_label=&#8220;Header&#8220; _builder_version=&#8220;4.27.0&#8243; _module_preset=&#8220;default&#8220; background_color=&#8220;#1C3F94&#8243; custom_padding=&#8220;||||false|false&#8220; locked=&#8220;off&#8220; collapsed=&#8220;on&#8220; global_colors_info=&#8220;{}&#8220;][et_pb_row _builder_version=&#8220;4.27.0&#8243; _module_preset=&#8220;default&#8220; global_colors_info=&#8220;{}&#8220;][et_pb_column type=&#8220;4_4&#8243; _builder_version=&#8220;4.22.0&#8243; _module_preset=&#8220;default&#8220; global_colors_info=&#8220;{}&#8220;][et_pb_text _builder_version=&#8220;4.27.0&#8243; _dynamic_attributes=&#8220;content&#8220; _module_preset=&#8220;_initial&#8220; header_font=&#8220;|&#8211;et_global_heading_font_weight|||||||&#8220; header_text_color=&#8220;#FFFFFF&#8220; header_font_size=&#8220;3rem&#8220; custom_margin=&#8220;||10px||false|false&#8220; header_font_size_tablet=&#8220;40px&#8220; header_font_size_phone=&#8220;24px&#8220; header_font_size_last_edited=&#8220;on|desktop&#8220;]@ET-DC@eyJkeW5hbWljIjp0cnVlLCJjb250ZW50IjoicG9zdF90aXRsZSIsInNldHRpbmdzIjp7ImJlZm9yZSI6IjxoMT4iLCJhZnRlciI6IjwvaDE+In19@[\/et_pb_text][et_pb_divider color=&#8220;#F78F1E&#8220; divider_position=&#8220;center&#8220; divider_weight=&#8220;4px&#8220; _builder_version=&#8220;4.27.0&#8243; _module_preset=&#8220;default&#8220; width=&#8220;80px&#8220; module_alignment=&#8220;left&#8220; height=&#8220;32px&#8220; custom_margin=&#8220;||8px||false|false&#8220; locked=&#8220;off&#8220; global_colors_info=&#8220;{}&#8220;][\/et_pb_divider][et_pb_text _builder_version=&#8220;4.27.0&#8243; _dynamic_attributes=&#8220;content&#8220; _module_preset=&#8220;_initial&#8220; text_font=&#8220;&#8211;et_global_body_font||||||||&#8220; text_text_color=&#8220;#FFFFFF&#8220; width=&#8220;900px&#8220; text_font_size_tablet=&#8220;15px&#8220; text_font_size_phone=&#8220;14px&#8220; text_font_size_last_edited=&#8220;on|desktop&#8220;]@ET-DC@eyJkeW5hbWljIjp0cnVlLCJjb250ZW50IjoicG9zdF9leGNlcnB0Iiwic2V0dGluZ3MiOnsiYmVmb3JlIjoiIiwiYWZ0ZXIiOiIiLCJ3b3JkcyI6IjEwMCIsInJlYWRfbW9yZV9sYWJlbCI6IiJ9fQ==@[\/et_pb_text][\/et_pb_column][\/et_pb_row][\/et_pb_section][et_pb_section fb_built=&#8220;1&#8243; _builder_version=&#8220;4.16&#8243; custom_padding=&#8220;||19px|||&#8220; global_colors_info=&#8220;{}&#8220;][et_pb_row _builder_version=&#8220;4.27.0&#8243; width_tablet=&#8220;80%&#8220; width_phone=&#8220;78%&#8220; width_last_edited=&#8220;on|tablet&#8220; max_width_tablet=&#8220;80%&#8220; max_width_phone=&#8220;78%&#8220; max_width_last_edited=&#8220;on|tablet&#8220; custom_margin=&#8220;|auto|0%|auto|false|false&#8220; custom_margin_tablet=&#8220;|auto|2%|auto|false|false&#8220; custom_margin_phone=&#8220;||5%||false|false&#8220; custom_margin_last_edited=&#8220;on|phone&#8220; custom_padding=&#8220;1px||1%||false|false&#8220; custom_css_main_element=&#8220;color:#8d9ec9!important;||font-size:14px;&#8220; border_color_all=&#8220;rgba(0,0,0,0.1)&#8220; border_width_bottom=&#8220;1px&#8220; locked=&#8220;off&#8220; global_colors_info=&#8220;{}&#8220;][et_pb_column type=&#8220;4_4&#8243; _builder_version=&#8220;4.16&#8243; global_colors_info=&#8220;{}&#8220;][et_pb_code _builder_version=&#8220;4.16&#8243; text_orientation=&#8220;left&#8220; custom_css_main_element=&#8220;color: #8d9ec9!important;&#8220; locked=&#8220;on&#8220; global_colors_info=&#8220;{}&#8220;]<pee><span><span><a href=\"https:\/\/www.lagooni.com\/de\/\">Home<\/a><\/span><\/span><\/pee>[\/et_pb_code][\/et_pb_column][\/et_pb_row][\/et_pb_section][et_pb_section fb_built=&#8220;1&#8243; custom_padding_last_edited=&#8220;on|phone&#8220; admin_label=&#8220;reviews&#8220; _builder_version=&#8220;4.16&#8243; background_color=&#8220;rgba(0,0,0,0)&#8220; module_alignment=&#8220;center&#8220; custom_margin=&#8220;||||false|false&#8220; custom_padding=&#8220;0px||2%||false|false&#8220; custom_padding_tablet=&#8220;&#8220; custom_padding_phone=&#8220;8%||||false|false&#8220; saved_tabs=&#8220;all&#8220; global_colors_info=&#8220;{}&#8220;][et_pb_row custom_padding_last_edited=&#8220;on|phone&#8220; _builder_version=&#8220;4.27.0&#8243; width_tablet=&#8220;&#8220; width_phone=&#8220;77%&#8220; width_last_edited=&#8220;on|phone&#8220; max_width_tablet=&#8220;&#8220; max_width_phone=&#8220;77%&#8220; max_width_last_edited=&#8220;on|phone&#8220; custom_margin=&#8220;2%||||false|false&#8220; custom_margin_tablet=&#8220;&#8220; custom_margin_phone=&#8220;2%||0px||false|false&#8220; custom_margin_last_edited=&#8220;on|phone&#8220; custom_padding=&#8220;0px||1px||false|false&#8220; custom_padding_tablet=&#8220;&#8220; custom_padding_phone=&#8220;0px||3%||false|false&#8220; global_colors_info=&#8220;{}&#8220;][et_pb_column type=&#8220;4_4&#8243; _builder_version=&#8220;4.16&#8243; global_colors_info=&#8220;{}&#8220;][et_pb_text _builder_version=&#8220;4.27.0&#8243; custom_margin=&#8220;||2rem||false|false&#8220;]<\/p>\n<h2>Bestellen von Ersatzteilen<\/h2>\n<p>Lade \u00fcber den untenstehenden Link die Liste der Einzelartikel\/Ersatzteile mit Preisen herunter.<br \/>Fehlt das gesuchte Teil? Oder hast du Fragen? Rufe uns an oder sende uns eine E-Mail.<\/p>\n<p>Du erreichst uns t\u00e4glich unter <a href=\"tel:0031174281551\">(0)174 &#8211; 281551<\/a><\/p>\n<p><\/br><\/p>\n<p><strong>Verwende immer Originalteile<\/strong><\/p>\n<p>Um die Sicherheit deines Dusch-Toilettenrollstuhls zu gew\u00e4hrleisten und auch deineGarantie zu bewahren, solltest du f\u00fcr Reparaturen immer Originalteile verwenden, die vonLagooni hergestellt und geliefert wurden. Alle von Lagooni produzierten Teile bestehen ausMaterialien, die f\u00fcr den Einsatz in feuchten Umgebungen geeignet sind. Dar\u00fcber hinaus sindbestimmte Teile \u2013 wie die Sitze \u2013 ein wesentlicher Bestandteil der Konstruktion. Wenn dudiese durch selbstgefertigte oder von einem anderen Unternehmen hergestellte Sitze ersetzt,kann dies schwerwiegende Auswirkungen auf die Konstruktion und somit auch auf dieSicherheit des Endnutzers haben. Die Verwendung von nicht-originaler Lagooni-Polsterungerh\u00f6ht zudem das Risiko eines Dekubitus f\u00fcr den Endnutzer. Aus diesem Grund tr\u00e4gt die vonLagooni hergestellte und gelieferte Polsterung das Genuine Lagooni-Label an der Unterseiteder Polsterung.<\/p>\n<p>F\u00fcr H\u00e4ndler im Besonderen gilt, dass die Verwendung von nicht-originalen Teilen auch haftungsrechtliche Konsequenzen hat, wenn es zu Zwischenf\u00e4llen kommt (Gesetzgebung zu Medizinprodukten, MDR).<\/p>\n<p>[\/et_pb_text][et_pb_button button_url=&#8220;https:\/\/www.lagooni.com\/wp-content\/uploads\/2026\/02\/DU-Preisliste-2026_compressed-1.pdf&#8220; url_new_window=&#8220;on&#8220; button_text=&#8220;Bestellen von Ersatzteilen&#8220; _builder_version=&#8220;4.27.5&#8243; _module_preset=&#8220;f8f2e4df-206a-4a89-a9cf-6b98892b30ce&#8220; global_colors_info=&#8220;{}&#8220;][\/et_pb_button][\/et_pb_column][\/et_pb_row][\/et_pb_section][et_pb_section fb_built=&#8220;1&#8243; admin_label=&#8220;Sectie&#8220; _builder_version=&#8220;4.16&#8243; _module_preset=&#8220;default&#8220; custom_padding=&#8220;0px||6vh||false|false&#8220; saved_tabs=&#8220;all&#8220; global_colors_info=&#8220;{}&#8220;][et_pb_row custom_padding_last_edited=&#8220;on|phone&#8220; _builder_version=&#8220;4.27.0&#8243; _module_preset=&#8220;default&#8220; width_tablet=&#8220;&#8220; width_phone=&#8220;77%&#8220; width_last_edited=&#8220;on|phone&#8220; max_width_tablet=&#8220;&#8220; max_width_phone=&#8220;77%&#8220; max_width_last_edited=&#8220;on|phone&#8220; custom_margin=&#8220;0px||||false|false&#8220; custom_margin_tablet=&#8220;&#8220; custom_margin_phone=&#8220;2%||0px||false|false&#8220; custom_margin_last_edited=&#8220;on|phone&#8220; custom_padding=&#8220;0px||1px||false|false&#8220; custom_padding_tablet=&#8220;&#8220; custom_padding_phone=&#8220;0px||3%||false|false&#8220; global_colors_info=&#8220;{}&#8220;][et_pb_column type=&#8220;4_4&#8243; _builder_version=&#8220;4.16&#8243; _module_preset=&#8220;default&#8220; global_colors_info=&#8220;{}&#8220;][et_pb_cta title=&#8220;Bestellen Sie Ihre Teile&#8220; button_url=&#8220;\/de\/angebot\/&#8220; button_text=&#8220;Bestellen Sie Ihre Teile&#8220; _builder_version=&#8220;4.27.0&#8243; _module_preset=&#8220;default&#8220; custom_button=&#8220;on&#8220; button_text_color=&#8220;#1c3f94&#8243; button_bg_color=&#8220;#e9edf8&#8243; custom_padding=&#8220;9vh|5vh|9vh|5vh|true|true&#8220; link_option_url=&#8220;\/offerte&#8220; border_radii=&#8220;off|32px||32px|&#8220; global_colors_info=&#8220;{}&#8220; button_text_color__hover_enabled=&#8220;on|hover&#8220; button_text_color__hover=&#8220;#ffffff&#8220; button_bg_color__hover_enabled=&#8220;on|hover&#8220; button_bg_color__hover=&#8220;#8d9ec9&#8243; button_bg_enable_color__hover=&#8220;on&#8220;]<\/p>\n<h4>Fordern Sie ein kostenloses Angebot an.<\/h4>\n<p>Gehen Sie zum Angebot und geben Sie an, welches Teil Sie bestellen m\u00f6chten.<br \/>\nSie erhalten dann den Preis und nach Genehmigung liefern wir das Teil.<\/p>\n<p>[\/et_pb_cta][\/et_pb_column][\/et_pb_row][\/et_pb_section]<\/p>\n","protected":false},"excerpt":{"rendered":"<p><span><span><a href=\"https:\/\/www.lagooni.com\/de\/\">Home<\/a><\/span><\/span>Bestellen von Ersatzteilen Lade \u00fcber den untenstehenden Link die Liste der Einzelartikel\/Ersatzteile mit Preisen herunter.Fehlt das gesuchte Teil? Oder hast du Fragen? Rufe uns an oder sende uns eine E-Mail. Du erreichst uns t\u00e4glich unter (0)174 &#8211; 281551 Verwende immer Originalteile Um die Sicherheit deines Dusch-Toilettenrollstuhls zu gew\u00e4hrleisten und auch deineGarantie zu bewahren, solltest du [&hellip;]<\/p>\n","protected":false},"author":2,"featured_media":0,"parent":0,"menu_order":0,"comment_status":"closed","ping_status":"closed","template":"","meta":{"_et_pb_use_builder":"on","_et_pb_old_content":"","_et_gb_content_width":"","footnotes":""},"class_list":["post-5252","page","type-page","status-publish","hentry"],"_links":{"self":[{"href":"https:\/\/www.lagooni.com\/de\/wp-json\/wp\/v2\/pages\/5252","targetHints":{"allow":["GET"]}}],"collection":[{"href":"https:\/\/www.lagooni.com\/de\/wp-json\/wp\/v2\/pages"}],"about":[{"href":"https:\/\/www.lagooni.com\/de\/wp-json\/wp\/v2\/types\/page"}],"author":[{"embeddable":true,"href":"https:\/\/www.lagooni.com\/de\/wp-json\/wp\/v2\/users\/2"}],"replies":[{"embeddable":true,"href":"https:\/\/www.lagooni.com\/de\/wp-json\/wp\/v2\/comments?post=5252"}],"version-history":[{"count":54,"href":"https:\/\/www.lagooni.com\/de\/wp-json\/wp\/v2\/pages\/5252\/revisions"}],"predecessor-version":[{"id":13836,"href":"https:\/\/www.lagooni.com\/de\/wp-json\/wp\/v2\/pages\/5252\/revisions\/13836"}],"wp:attachment":[{"href":"https:\/\/www.lagooni.com\/de\/wp-json\/wp\/v2\/media?parent=5252"}],"curies":[{"name":"wp","href":"https:\/\/api.w.org\/{rel}","templated":true}]}}