{"id":2548,"date":"2020-07-09T15:31:55","date_gmt":"2020-07-09T15:31:55","guid":{"rendered":"https:\/\/lagooni.stijlweb.nl\/privatsphaere\/"},"modified":"2020-11-10T10:11:29","modified_gmt":"2020-11-10T10:11:29","slug":"privatsphaere","status":"publish","type":"page","link":"https:\/\/www.lagooni.com\/de\/privatsphaere\/","title":{"rendered":"Datenschutz"},"content":{"rendered":"<h1 id=\"tw-target-text\" class=\"tw-data-text tw-text-large XcVN5d tw-ta\" data-placeholder=\"Vertaling\"><span lang=\"de\">Datenschutz<\/span><\/h1>\n<p>Die pers\u00f6nlichen Informationen, die Besucher auf www.lagooni.com angeben, werden von Lagooni BV nach bestem Wissen und Gewissen vertraulich behandelt. Lagooni BV gibt diese pers\u00f6nlichen Informationen nicht an Dritte weiter, es sei denn, dies ist f\u00fcr die Lieferung der von Besuchern bestellten Produkte oder Dienstleistungen notwendig.<\/p>\n<p>&nbsp;<\/p>\n<h3>Cookies<\/h3>\n<p>Um Ihren Besuch und das Navigieren auf www.lagooni.com zu erleichtern, verwendet Lagooni BV sogenannte \u201eCookies\u201c. Dies sind kleine Textdateien, die auf der Festplatte oder im Speicher Ihres Computers gespeichert werden. Weitere Informationen finden Sie in unserer Cookie-Erkl\u00e4rung.<\/p>\n<p>&nbsp;<\/p>\n<h3>\u00c4nderungen<\/h3>\n<p>Die Datenschutzerkl\u00e4rung von Lagooni BV kann ge\u00e4ndert werden. \u00c4nderungen werden auf dieser Seite bekannt gegeben. Lagooni BV r\u00e4t Ihnen, diese Seite regelm\u00e4\u00dfig zu \u00fcberpr\u00fcfen, um zu sehen, ob es \u00c4nderungen und\/oder Anpassungen gibt.<\/p>\n<p>&nbsp;<\/p>\n<h3>Haftungsausschluss<\/h3>\n<p>F\u00fcr alle Texte auf dieser Website gilt, dass Lagooni BV f\u00fcr offensichtliche (Schreib-)Fehler nicht haftet. Lagooni BV beh\u00e4lt sich das Recht vor, den Inhalt der Website ohne vorherige Ank\u00fcndigung zu \u00e4ndern oder Teile davon zu entfernen.<\/p>\n<p>&nbsp;<\/p>\n<h3>Urheberrecht<\/h3>\n<p>Alle geistigen Eigentumsrechte bez\u00fcglich der auf www.lagooni.com angebotenen Informationen liegen bei Lagooni BV. Das Kopieren, Verbreiten und jede andere Verwendung dieser Informationen ist ohne schriftliche Genehmigung von Lagooni BV nicht gestattet, au\u00dfer und nur in dem Umfang, in dem dies durch zwingende gesetzliche Bestimmungen (wie z.\u00a0B. das Zitatrecht) anders geregelt ist.<\/p>\n","protected":false},"excerpt":{"rendered":"<p>Die pers\u00f6nlichen Informationen, die Besucher auf www.lagooni.com angeben, werden von Lagooni BV nach bestem Wissen und Gewissen vertraulich behandelt. Lagooni BV gibt diese pers\u00f6nlichen Informationen nicht an Dritte weiter, es sei denn, dies ist f\u00fcr die Lieferung der von Besuchern bestellten Produkte oder Dienstleistungen notwendig.<\/p>\n","protected":false},"author":1,"featured_media":0,"parent":0,"menu_order":0,"comment_status":"closed","ping_status":"closed","template":"","meta":{"_et_pb_use_builder":"","_et_pb_old_content":"","_et_gb_content_width":"","footnotes":""},"class_list":["post-2548","page","type-page","status-publish","hentry"],"_links":{"self":[{"href":"https:\/\/www.lagooni.com\/de\/wp-json\/wp\/v2\/pages\/2548","targetHints":{"allow":["GET"]}}],"collection":[{"href":"https:\/\/www.lagooni.com\/de\/wp-json\/wp\/v2\/pages"}],"about":[{"href":"https:\/\/www.lagooni.com\/de\/wp-json\/wp\/v2\/types\/page"}],"author":[{"embeddable":true,"href":"https:\/\/www.lagooni.com\/de\/wp-json\/wp\/v2\/users\/1"}],"replies":[{"embeddable":true,"href":"https:\/\/www.lagooni.com\/de\/wp-json\/wp\/v2\/comments?post=2548"}],"version-history":[{"count":2,"href":"https:\/\/www.lagooni.com\/de\/wp-json\/wp\/v2\/pages\/2548\/revisions"}],"predecessor-version":[{"id":4772,"href":"https:\/\/www.lagooni.com\/de\/wp-json\/wp\/v2\/pages\/2548\/revisions\/4772"}],"wp:attachment":[{"href":"https:\/\/www.lagooni.com\/de\/wp-json\/wp\/v2\/media?parent=2548"}],"curies":[{"name":"wp","href":"https:\/\/api.w.org\/{rel}","templated":true}]}}