{"id":2530,"date":"2020-07-09T14:44:05","date_gmt":"2020-07-09T14:44:05","guid":{"rendered":"https:\/\/lagooni.stijlweb.nl\/barrierefrei-reisen\/"},"modified":"2020-11-06T15:43:37","modified_gmt":"2020-11-06T15:43:37","slug":"barrierefrei-reisen","status":"publish","type":"page","link":"https:\/\/www.lagooni.com\/de\/barrierefrei-reisen\/","title":{"rendered":"Barrierefrei Reisen"},"content":{"rendered":"<h3>Reisen mit einem Rollstuhl<\/h3>\n<p>Wollen Sie mit einem Rollstuhl reisen oder Urlaub machen? Dann sollten Sie sich auf alle Eventualit\u00e4ten vorbereiten, angefangen bei einer rollstuhlgerechten Umgebung, einer sch\u00f6nen Unterkunft und\/oder einer gut organisierten (Flug-)Reise. Dies erweist sich in der Praxis als eine ziemliche Herausforderung. Lagooni hat eine Reihe von Reise-Duschrollst\u00fchlen, die zu einem sorgenfreien Urlaub beitragen k\u00f6nnen. Es gibt viele Organisationen, die individuell angepasste Reisen anbieten oder Hilfe bei der Suche nach einer rollstuhlgerechten Umgebung anbieten k\u00f6nnen. Es gibt auch zahlreiche Unterk\u00fcnfte, die Sie selbst buchen k\u00f6nnen. Jede Situation erfordert spezifische Bed\u00fcrfnisse und erweckt W\u00fcnsche. Nat\u00fcrlich k\u00f6nnen wir diese nicht jedem erf\u00fcllen. Was wir tun k\u00f6nnen, ist, (Reise-)Tipps zu geben und gute Erfahrungen auszutauschen, um Ihnen neue Ideen zu geben. Haben Sie einen netten Vorschlag und gute Erfahrungen? Teilen Sie sie mit uns und wir werden sie dann auf unserer Website ver\u00f6ffentlichen!<\/p>\n<p>&nbsp;<\/p>\n<p><img decoding=\"async\" class=\"alignnone size-medium wp-image-4299\" src=\"\/wp-content\/uploads\/2020\/10\/Nieuwe-logo-buitengewoon-anvrsgrzcalamiteiten-300x99.png\" alt=\"\" width=\"300\" height=\"99\" \/><\/p>\n<p>Reisveranstalter Buitengewoon Reizen ist auf alle Bed\u00fcrfnisse zugeschnitten und <strong>spezialisiert auf individuelle Reisen f\u00fcr Menschen mit eingeschr\u00e4nkter Mobilit\u00e4t<\/strong>. Auf der ganzen Welt bieten sie <strong>rollstuhlgerechte Hotels, Wohnungen und Villen<\/strong> an. Dar\u00fcber hinaus k\u00fcmmern sie sich um Ihren Flug zu Ihrem Zielort, die Betreuung an den Flugh\u00e4fen und an einer Vielzahl von Orten, auch um Hilfsmittel und angepasste Transfers. Weitere Informationen finden Sie auf \u00a0<strong><a href=\"https:\/\/www.buitengewoonreizen.nl\" target=\"_blank\" rel=\"noopener noreferrer\">Buitengewoon reizen.<\/a><\/strong><\/p>\n<p>&nbsp;<\/p>\n<h5><img decoding=\"async\" class=\"alignnone wp-image-3732\" src=\"\/wp-content\/uploads\/2020\/08\/logo-staand-zonnebloem-199x300.png\" alt=\"\" width=\"65\" height=\"98\" srcset=\"https:\/\/www.lagooni.com\/wp-content\/uploads\/2020\/08\/logo-staand-zonnebloem-199x300.png 199w, https:\/\/www.lagooni.com\/wp-content\/uploads\/2020\/08\/logo-staand-zonnebloem.png 326w\" sizes=\"(max-width: 65px) 100vw, 65px\" \/><\/h5>\n<p>Weil es manchmal immer noch eine ziemliche Herausforderung sein kann, wirklich gut angepasste Unterk\u00fcnfte zu finden, wurde auf Zonnebloem.nl eine spezielle Seite mit <strong>rollstuhlgerechten Hotels, B&amp;B&#8217;s, Ferienwohnungen und anderen Arten von Unterk\u00fcnften eingerichtet.<\/strong> Hier finden Sie mehr als 60 Unterk\u00fcnfte, die hohen Standards entsprechen. Neben diesen Unterk\u00fcnften geben sie auch Tipps zu praktischen Fragen, wie Betreuung vor Ort und Transport. Weitere Informationen zum Reisen mit einem Rollstuhl finden Sie unter <a href=\"https:\/\/www.zonnebloem.nl\/vakanties\/zelf-organiseren\" target=\"_blank\" rel=\"noopener noreferrer\">De zonnebloem.<\/a><\/p>\n<p>&nbsp;<\/p>\n<p><img decoding=\"async\" class=\"alignnone size-full wp-image-3538\" src=\"\/wp-content\/uploads\/2020\/08\/ongehinderd-logo-1.png\" alt=\"\" width=\"220\" height=\"58\" \/><\/p>\n<p><strong>Informieren Sie sich \u00fcber die Zug\u00e4nglichkeit von Orten mithilfe der Ongehinderd-App.<\/strong><\/p>\n<p>Mit der kostenlosen Ongehinderd-App haben Sie immer und \u00fcberall Informationen \u00fcber die Zug\u00e4nglichkeit von Orten! Beispielsweise m\u00fcssen Sie sich nicht mehr fragen, ob es <strong>gute Parkm\u00f6glichkeiten gibt, Geb\u00e4ude f\u00fcr Sie zug\u00e4nglich sind und ob Sie die Toiletten benutzen k\u00f6nnen<\/strong>. Mit der Ongehinderd-App k\u00f6nnen Sie sofort sehen, welche Einrichtungen verf\u00fcgbar sind, sodass Sie unterwegs nicht mit unliebsamen \u00dcberraschungen rechnen m\u00fcssen. Die App ist f\u00fcr und von Menschen mit verschiedenen Einschr\u00e4nkungen gemacht, sodass sie immer finden, was Sie wissen wollen. Neben objektiv getesteten Informationen von geschulten Pr\u00fcfern finden Sie auch Bewertungen von anderen App-Benutzern und k\u00f6nnen Ihre eigenen Erfahrungen mitteilen.<\/p>\n<p><strong>Die App herunterladen<\/strong><br \/>\nDie Ongehinderd-App kann kostenlos aus dem Apple App Store, dem Google Play Store oder unter app.ongehinderd.nl heruntergeladen werden. Finden Sie heraus, was die App zu bieten hat!<\/p>\n<p>&nbsp;<\/p>\n","protected":false},"excerpt":{"rendered":"<p>Reisen mit einem Rollstuhl<\/p>\n<p>Wenn Sie auf einen Rollstuhl angewiesen sind, k\u00f6nnen Reisen und Ausfl\u00fcge eine ziemliche Herausforderung sein. Bei einem Abendessen im Restaurant muss man auf Zug\u00e4nglichkeit f\u00fcr Rollstuhlfahrer und eine behindertengerechte Toilette achten. Bei einem Urlaub wird es noch schwieriger. Woher wissen Sie, ob Sie sich an Ihrem Zielort wirklich frei bewegen k\u00f6nnen? Da wir Reise-Duschrollst\u00fchle liefern, erhalten wir viele Fragen, aber auch Tipps zu Urlaubsreisen. Diese m\u00f6chten wir gerne mit Ihnen teilen.<\/p>\n","protected":false},"author":1,"featured_media":3537,"parent":0,"menu_order":0,"comment_status":"closed","ping_status":"closed","template":"","meta":{"_et_pb_use_builder":"","_et_pb_old_content":"","_et_gb_content_width":"","footnotes":""},"class_list":["post-2530","page","type-page","status-publish","has-post-thumbnail","hentry"],"_links":{"self":[{"href":"https:\/\/www.lagooni.com\/de\/wp-json\/wp\/v2\/pages\/2530","targetHints":{"allow":["GET"]}}],"collection":[{"href":"https:\/\/www.lagooni.com\/de\/wp-json\/wp\/v2\/pages"}],"about":[{"href":"https:\/\/www.lagooni.com\/de\/wp-json\/wp\/v2\/types\/page"}],"author":[{"embeddable":true,"href":"https:\/\/www.lagooni.com\/de\/wp-json\/wp\/v2\/users\/1"}],"replies":[{"embeddable":true,"href":"https:\/\/www.lagooni.com\/de\/wp-json\/wp\/v2\/comments?post=2530"}],"version-history":[{"count":5,"href":"https:\/\/www.lagooni.com\/de\/wp-json\/wp\/v2\/pages\/2530\/revisions"}],"predecessor-version":[{"id":4704,"href":"https:\/\/www.lagooni.com\/de\/wp-json\/wp\/v2\/pages\/2530\/revisions\/4704"}],"wp:featuredmedia":[{"embeddable":true,"href":"https:\/\/www.lagooni.com\/de\/wp-json\/wp\/v2\/media\/3537"}],"wp:attachment":[{"href":"https:\/\/www.lagooni.com\/de\/wp-json\/wp\/v2\/media?parent=2530"}],"curies":[{"name":"wp","href":"https:\/\/api.w.org\/{rel}","templated":true}]}}