{"id":13644,"date":"2025-09-30T14:36:37","date_gmt":"2025-09-30T12:36:37","guid":{"rendered":"https:\/\/www.lagooni.com\/?page_id=13644"},"modified":"2025-09-30T14:37:25","modified_gmt":"2025-09-30T12:37:25","slug":"toilettenstuhl-fahrbar","status":"publish","type":"page","link":"https:\/\/www.lagooni.com\/de\/toilettenstuhl-fahrbar\/","title":{"rendered":"Toilettenstuhl fahrbar von Lagooni"},"content":{"rendered":"<p>[et_pb_section fb_built=&#8220;1&#8243; admin_label=&#8220;Header&#8220; _builder_version=&#8220;4.27.0&#8243; _module_preset=&#8220;default&#8220; background_color=&#8220;#1C3F94&#8243; custom_padding=&#8220;||||false|false&#8220; locked=&#8220;off&#8220; collapsed=&#8220;on&#8220; global_colors_info=&#8220;{}&#8220;][et_pb_row _builder_version=&#8220;4.22.0&#8243; _module_preset=&#8220;default&#8220; global_colors_info=&#8220;{}&#8220;][et_pb_column type=&#8220;4_4&#8243; _builder_version=&#8220;4.22.0&#8243; _module_preset=&#8220;default&#8220; global_colors_info=&#8220;{}&#8220;][et_pb_text _builder_version=&#8220;4.27.0&#8243; _dynamic_attributes=&#8220;content&#8220; _module_preset=&#8220;_initial&#8220; header_font=&#8220;|&#8211;et_global_heading_font_weight|||||||&#8220; header_text_color=&#8220;#FFFFFF&#8220; header_font_size=&#8220;3rem&#8220; custom_margin=&#8220;||10px||false|false&#8220; header_font_size_tablet=&#8220;40px&#8220; header_font_size_phone=&#8220;24px&#8220; header_font_size_last_edited=&#8220;on|desktop&#8220; global_colors_info=&#8220;{}&#8220;]@ET-DC@eyJkeW5hbWljIjp0cnVlLCJjb250ZW50IjoicG9zdF90aXRsZSIsInNldHRpbmdzIjp7ImJlZm9yZSI6IjxoMT4iLCJhZnRlciI6IjwvaDE+In19@[\/et_pb_text][et_pb_divider color=&#8220;#F78F1E&#8220; divider_position=&#8220;center&#8220; divider_weight=&#8220;4px&#8220; _builder_version=&#8220;4.27.0&#8243; _module_preset=&#8220;default&#8220; width=&#8220;80px&#8220; module_alignment=&#8220;left&#8220; height=&#8220;32px&#8220; custom_margin=&#8220;||8px||false|false&#8220; locked=&#8220;off&#8220; global_colors_info=&#8220;{}&#8220;][\/et_pb_divider][\/et_pb_column][\/et_pb_row][\/et_pb_section][et_pb_section fb_built=&#8220;1&#8243; module_id=&#8220;bedeutung-der-individualisierung&#8220; _builder_version=&#8220;4.27.0&#8243; _module_preset=&#8220;default&#8220; custom_padding=&#8220;||0px||false|false&#8220; global_colors_info=&#8220;{}&#8220;][et_pb_row column_structure=&#8220;1_3,2_3&#8243; make_equal=&#8220;on&#8220; _builder_version=&#8220;4.27.0&#8243; _module_preset=&#8220;default&#8220; border_color_bottom=&#8220;#F78F1E&#8220; locked=&#8220;off&#8220; global_colors_info=&#8220;{}&#8220;][et_pb_column type=&#8220;1_3&#8243; _builder_version=&#8220;4.22.0&#8243; _module_preset=&#8220;default&#8220; global_colors_info=&#8220;{}&#8220;][et_pb_image src=&#8220;https:\/\/www.lagooni.com\/wp-content\/uploads\/2020\/06\/toilettenstuhl-fahrbar.jpg&#8220; alt=&#8220;toilettenstuhl fahrbar&#8220; title_text=&#8220;toilettenstuhl-fahrbar.jpg&#8220; force_fullwidth=&#8220;on&#8220; _builder_version=&#8220;4.27.4&#8243; _module_preset=&#8220;default&#8220; height=&#8220;320px&#8220; custom_css_free_form=&#8220;selector img{||  object-fit:cover;||}&#8220; border_radii=&#8220;off|32px||32px|&#8220; global_colors_info=&#8220;{}&#8220;][\/et_pb_image][\/et_pb_column][et_pb_column type=&#8220;2_3&#8243; _builder_version=&#8220;4.27.0&#8243; _module_preset=&#8220;default&#8220; custom_css_main_element=&#8220;margin:auto;&#8220; global_colors_info=&#8220;{}&#8220;][et_pb_text _builder_version=&#8220;4.27.4&#8243; _module_preset=&#8220;_initial&#8220; text_font=&#8220;&#8211;et_global_body_font||||||||&#8220; text_text_color=&#8220;#3A3A3A&#8220; header_4_font=&#8220;|&#8211;et_global_heading_font_weight|||||||&#8220; header_4_font_size=&#8220;1.5rem&#8220; custom_margin=&#8220;||0px||false|false&#8220; header_4_font_size_tablet=&#8220;16px&#8220; header_4_font_size_phone=&#8220;15px&#8220; header_4_font_size_last_edited=&#8220;on|desktop&#8220; global_colors_info=&#8220;{%22gcid-9d0cae7c-074f-4d45-9577-f64cb1aa2c6b%22:%91%22header_4_text_color%22%93}&#8220;]<\/p>\n<h4><strong>Toilettenstuhl fahrbar Lieferant und Produzent<\/strong><\/h4>\n<p>[\/et_pb_text][et_pb_text _builder_version=&#8220;4.27.0&#8243; _module_preset=&#8220;_initial&#8220; text_font=&#8220;&#8211;et_global_body_font||||||||&#8220; custom_margin=&#8220;||10px||false|false&#8220; text_font_size_tablet=&#8220;15px&#8220; text_font_size_phone=&#8220;14px&#8220; text_font_size_last_edited=&#8220;on|desktop&#8220; global_colors_info=&#8220;{}&#8220;]<\/p>\n<p>Ein Toilettenstuhl von Lagooni ist mit Leichtigkeit<span>\u00a0<\/span><strong>sehr wendig und flexibel fahrbar<\/strong><span>\u00a0<\/span>durch seine robusten R\u00e4der. Manuell gesteuert und mit wenig Kraft auf kleinstem Raum zu bewegen, das sind Merkmale die einen<span>\u00a0<\/span><strong>Toilettenstuhl h\u00f6henverstellbar<\/strong><span>\u00a0<\/span>und fahrbar von Lagooni auszeichnen.<\/p>\n<p>Die Toilettenstuhl fahrbar Modelle von Lagooni sind sowohl<span>\u00a0<\/span><strong>f\u00fcr<span>\u00a0<\/span><a title=\"Kinder modelle\" href=\"https:\/\/www.lagooni.com\/de?product_cat=alle-modelle\/kinder\">Kinder<\/a><span>\u00a0<\/span>wie auch f\u00fcr<span>\u00a0<\/span><a title=\"Erwachsene modelle\" href=\"https:\/\/www.lagooni.com\/de\/product-categorie\/alle-duschrollstuehle\/erwachsene-alle-modelle\/\">erwachsene<\/a><\/strong><span>\u00a0<\/span>Personen lieferbar.<\/p>\n<p>Klicken Sie hier f\u00fcr mehr Informationen \u00fcber uns, die Firma Lagooni \u2013 Lieferant und Produzent von u.a. Toilettenstuhl h\u00f6henverstellbar fahrbar Modellen.<\/p>\n<p>[\/et_pb_text][et_pb_button button_url=&#8220;https:\/\/www.lagooni.com\/de\/dusch-toilettenstuhl\/dusch-toilettenstuhl\/&#8220; button_text=&#8220;Duschrollstuhl&#8220; _builder_version=&#8220;4.27.4&#8243; _module_preset=&#8220;default&#8220;][\/et_pb_button][\/et_pb_column][\/et_pb_row][\/et_pb_section][et_pb_section fb_built=&#8220;1&#8243; module_id=&#8220;wann-individualisierung&#8220; _builder_version=&#8220;4.27.0&#8243; _module_preset=&#8220;default&#8220; custom_padding=&#8220;0px||0px||false|false&#8220; global_colors_info=&#8220;{}&#8220;][et_pb_row column_structure=&#8220;1_3,2_3&#8243; make_equal=&#8220;on&#8220; _builder_version=&#8220;4.27.0&#8243; _module_preset=&#8220;default&#8220; border_color_bottom=&#8220;#F78F1E&#8220; locked=&#8220;off&#8220; global_colors_info=&#8220;{}&#8220;][et_pb_column type=&#8220;1_3&#8243; _builder_version=&#8220;4.22.0&#8243; _module_preset=&#8220;default&#8220; global_colors_info=&#8220;{}&#8220;][et_pb_image src=&#8220;https:\/\/www.lagooni.com\/wp-content\/uploads\/2025\/05\/Overzicht-rolstoelen-Lagooni.jpg&#8220; alt=&#8220;toilettenstuhl hoehenverstellbar&#8220; title_text=&#8220;Overzicht rolstoelen &#8211; Lagooni&#8220; force_fullwidth=&#8220;on&#8220; _builder_version=&#8220;4.27.4&#8243; _module_preset=&#8220;default&#8220; height=&#8220;320px&#8220; custom_css_free_form=&#8220;selector img{||  object-fit:cover;||}&#8220; border_radii=&#8220;off|32px||32px|&#8220; global_colors_info=&#8220;{}&#8220;][\/et_pb_image][\/et_pb_column][et_pb_column type=&#8220;2_3&#8243; _builder_version=&#8220;4.27.0&#8243; _module_preset=&#8220;default&#8220; custom_css_main_element=&#8220;margin:auto;&#8220; global_colors_info=&#8220;{}&#8220;][et_pb_text _builder_version=&#8220;4.27.4&#8243; _module_preset=&#8220;_initial&#8220; text_font=&#8220;&#8211;et_global_body_font||||||||&#8220; text_text_color=&#8220;#3A3A3A&#8220; header_4_font=&#8220;|&#8211;et_global_heading_font_weight|||||||&#8220; header_4_font_size=&#8220;1.5rem&#8220; custom_margin=&#8220;||0px||false|false&#8220; header_4_font_size_tablet=&#8220;16px&#8220; header_4_font_size_phone=&#8220;15px&#8220; header_4_font_size_last_edited=&#8220;on|desktop&#8220; global_colors_info=&#8220;{%22gcid-9d0cae7c-074f-4d45-9577-f64cb1aa2c6b%22:%91%22header_4_text_color%22%93}&#8220;]<\/p>\n<h4>Toilettenstuhl h\u00f6henverstellbar fahrbar Kunden Informationen<\/h4>\n<p>[\/et_pb_text][et_pb_text _builder_version=&#8220;4.27.0&#8243; _module_preset=&#8220;_initial&#8220; text_font=&#8220;&#8211;et_global_body_font||||||||&#8220; custom_margin=&#8220;||16px||false|false&#8220; text_font_size_tablet=&#8220;15px&#8220; text_font_size_phone=&#8220;14px&#8220; text_font_size_last_edited=&#8220;on|desktop&#8220; global_colors_info=&#8220;{}&#8220;]<\/p>\n<p>Die Produktpalette von Lagooni reicht von kleinen fahrbaren Toilettenrollst\u00fchlen wie zum Beispiel dem<span>\u00a0<\/span><strong><a title=\"Lagooni Junior XS\" href=\"https:\/\/www.lagooni.com\/de\/produkt\/lagooni-junior-xs\/\">Lagooni Junior XS<\/a><\/strong><span>\u00a0<\/span>(speziell entworfen f\u00fcr Kinder ab ca. 90 cm. K\u00f6rpergr\u00f6sse) bis hin zu Erwachsenen Modellen wie dem<strong><span>\u00a0<\/span><a title=\"Lagooni Life Special\" href=\"https:\/\/www.lagooni.com\/de\/produkt\/lagooni-life-special\/\">Lagooni Life Special<\/a><\/strong>. Alle Lagooni Rollst\u00fchle bestellen Sie hier Online, einfach und unkompliziert auch als Privatkunde!<\/p>\n<p>Gesch\u00e4ftskunden haben des weiteren die M\u00f6glichkeit unseren Kundenservice f\u00fcr Gro\u00dfh\u00e4ndler zu<span>\u00a0<\/span><strong><a title=\"Kontakt\" href=\"https:\/\/www.lagooni.com\/de\/kontakt\/\">kontaktieren<\/a><\/strong>. Wir liefern sowohl direkt an<span>\u00a0<\/span><strong><a title=\"Privatkunden\" href=\"https:\/\/www.lagooni.com\/de\/privatpersonen\/\">Privatkunden<\/a><span>\u00a0<\/span><\/strong>wie auch an Gesch\u00e4ftskunden zu speziellen sehr ansehnlichen Konditionen. Klicken Sie hier unten auf den Link, falls Sie mehr Informationen zu unseren Modellen suchen.<\/p>\n<p><!-- notionvc: 1c6bf850-80ea-479e-bf2d-31e037e86229 --><\/p>\n<p>[\/et_pb_text][et_pb_button button_url=&#8220;https:\/\/www.lagooni.com\/de?product_cat=alle-modelle&#8220; button_text=&#8220;Duschrollstuhl angebote&#8220; _builder_version=&#8220;4.27.4&#8243; _module_preset=&#8220;default&#8220;][\/et_pb_button][\/et_pb_column][\/et_pb_row][\/et_pb_section][et_pb_section fb_built=&#8220;1&#8243; module_id=&#8220;wann-individualisierung&#8220; _builder_version=&#8220;4.27.0&#8243; _module_preset=&#8220;default&#8220; custom_padding=&#8220;0px||0px||false|false&#8220; global_colors_info=&#8220;{}&#8220;][et_pb_row column_structure=&#8220;1_3,2_3&#8243; make_equal=&#8220;on&#8220; _builder_version=&#8220;4.27.0&#8243; _module_preset=&#8220;default&#8220; border_color_bottom=&#8220;#F78F1E&#8220; locked=&#8220;off&#8220; global_colors_info=&#8220;{}&#8220;][et_pb_column type=&#8220;1_3&#8243; _builder_version=&#8220;4.22.0&#8243; _module_preset=&#8220;default&#8220; global_colors_info=&#8220;{}&#8220;][et_pb_image src=&#8220;https:\/\/www.lagooni.com\/wp-content\/uploads\/2020\/06\/dusch-toilettenstuhl.png&#8220; title_text=&#8220;dusch-toilettenstuhl&#8220; force_fullwidth=&#8220;on&#8220; _builder_version=&#8220;4.27.4&#8243; _module_preset=&#8220;default&#8220; height=&#8220;320px&#8220; custom_css_free_form=&#8220;selector img{||  object-fit:cover;||}&#8220; border_radii=&#8220;off|32px||32px|&#8220; global_colors_info=&#8220;{}&#8220;][\/et_pb_image][\/et_pb_column][et_pb_column type=&#8220;2_3&#8243; _builder_version=&#8220;4.27.0&#8243; _module_preset=&#8220;default&#8220; custom_css_main_element=&#8220;margin:auto;&#8220; global_colors_info=&#8220;{}&#8220;][et_pb_text _builder_version=&#8220;4.27.4&#8243; _module_preset=&#8220;_initial&#8220; text_font=&#8220;&#8211;et_global_body_font||||||||&#8220; text_text_color=&#8220;#3A3A3A&#8220; header_4_font=&#8220;|&#8211;et_global_heading_font_weight|||||||&#8220; header_4_font_size=&#8220;1.5rem&#8220; custom_margin=&#8220;||0px||false|false&#8220; header_4_font_size_tablet=&#8220;16px&#8220; header_4_font_size_phone=&#8220;15px&#8220; header_4_font_size_last_edited=&#8220;on|desktop&#8220; global_colors_info=&#8220;{%22gcid-9d0cae7c-074f-4d45-9577-f64cb1aa2c6b%22:%91%22header_4_text_color%22%93}&#8220;]<\/p>\n<h4>Lagooni Toilettenstuhl h\u00f6henverstellbar fahrbar Modell\u00fcbersicht<\/h4>\n<p>[\/et_pb_text][et_pb_text _builder_version=&#8220;4.27.0&#8243; _module_preset=&#8220;_initial&#8220; text_font=&#8220;&#8211;et_global_body_font||||||||&#8220; custom_margin=&#8220;||2px||false|false&#8220; text_font_size_tablet=&#8220;15px&#8220; text_font_size_phone=&#8220;14px&#8220; text_font_size_last_edited=&#8220;on|desktop&#8220; global_colors_info=&#8220;{}&#8220;]<\/p>\n<p>Die Lagooni Toilettenstuhl h\u00f6henverstellbar fahrbar Modelle sind in 8 verschiedenen Ausf\u00fchrungen lieferbar. Die Produktpalette w\u00e4chst und w\u00e4chst, so dass wir Ihnen viele spezielle W\u00fcnsche zu Ihren Anforderungen erf\u00fcllen k\u00f6nnen.<\/p>\n<p>Die jeweiligen Unterschiede in den Modellen sorgen daf\u00fcr, dass jedes Rollstuhl Modell perfekt zum ebenso individuellen Benutzer passt.<\/p>\n<p><strong>Jeder Lagooni Toilettenstuhl verf\u00fcgt \u00fcber die f\u00fcnf Grundqualit\u00e4ten von Lagooni:<\/strong><\/p>\n<ol>\n<li>Jeder Toilettenrollstuhl ist sehr man\u00f6vrierf\u00e4hig (auch in kleinen R\u00e4umen).<\/li>\n<li>Erweiterte Benutzereinstellungen.<\/li>\n<li>Form und ein sehr ansprechendes Design mit praktischen Funktionen.<\/li>\n<li>Viele M\u00f6glichkeiten zur Individualisierung falls n\u00f6tig.<\/li>\n<li>Geringes Gewicht.<\/li>\n<\/ol>\n<p><!-- notionvc: 1c6bf850-80ea-479e-bf2d-31e037e86229 --><\/p>\n<p>[\/et_pb_text][et_pb_button button_url=&#8220;https:\/\/www.lagooni.com\/de\/kontakt\/&#8220; button_text=&#8220;Kontaktieren Sie uns&#8220; _builder_version=&#8220;4.27.4&#8243; _module_preset=&#8220;default&#8220; global_colors_info=&#8220;{}&#8220;][\/et_pb_button][\/et_pb_column][\/et_pb_row][\/et_pb_section][et_pb_section fb_built=&#8220;1&#8243; module_id=&#8220;tagung-produkt-demos&#8220; _builder_version=&#8220;4.27.0&#8243; _module_preset=&#8220;default&#8220; custom_padding=&#8220;0px||0px||false|false&#8220; global_colors_info=&#8220;{}&#8220;][et_pb_row column_structure=&#8220;1_3,2_3&#8243; make_equal=&#8220;on&#8220; _builder_version=&#8220;4.27.0&#8243; _module_preset=&#8220;default&#8220; border_color_bottom=&#8220;#F78F1E&#8220; locked=&#8220;off&#8220; global_colors_info=&#8220;{}&#8220;][et_pb_column type=&#8220;1_3&#8243; _builder_version=&#8220;4.22.0&#8243; _module_preset=&#8220;default&#8220; global_colors_info=&#8220;{}&#8220;][et_pb_image src=&#8220;https:\/\/www.lagooni.com\/wp-content\/uploads\/2024\/09\/Douchestoelen.jpg&#8220; alt=&#8220;tandwielmodel ruggenwervels&#8220; title_text=&#8220;Douchestoelen&#8220; force_fullwidth=&#8220;on&#8220; _builder_version=&#8220;4.27.4&#8243; _module_preset=&#8220;default&#8220; height=&#8220;320px&#8220; custom_css_free_form=&#8220;selector img{||  object-fit:cover;||}&#8220; border_radii=&#8220;off|32px||32px|&#8220; global_colors_info=&#8220;{}&#8220;][\/et_pb_image][\/et_pb_column][et_pb_column type=&#8220;2_3&#8243; _builder_version=&#8220;4.27.0&#8243; _module_preset=&#8220;default&#8220; custom_css_main_element=&#8220;margin:auto;&#8220; global_colors_info=&#8220;{}&#8220;][et_pb_text _builder_version=&#8220;4.27.4&#8243; _module_preset=&#8220;_initial&#8220; text_font=&#8220;&#8211;et_global_body_font||||||||&#8220; text_text_color=&#8220;#3A3A3A&#8220; header_4_font=&#8220;|&#8211;et_global_heading_font_weight|||||||&#8220; header_4_font_size=&#8220;1.5rem&#8220; custom_margin=&#8220;||0px||false|false&#8220; header_4_font_size_tablet=&#8220;16px&#8220; header_4_font_size_phone=&#8220;15px&#8220; header_4_font_size_last_edited=&#8220;on|desktop&#8220; global_colors_info=&#8220;{%22gcid-9d0cae7c-074f-4d45-9577-f64cb1aa2c6b%22:%91%22header_4_text_color%22%93}&#8220;]<\/p>\n<h4><strong>Individuell angepasste Toilettenst\u00fchle fahrbar<\/strong><\/h4>\n<p>[\/et_pb_text][et_pb_text _builder_version=&#8220;4.27.0&#8243; _module_preset=&#8220;_initial&#8220; text_font=&#8220;&#8211;et_global_body_font||||||||&#8220; custom_margin=&#8220;||16px||false|false&#8220; text_font_size_tablet=&#8220;15px&#8220; text_font_size_phone=&#8220;14px&#8220; text_font_size_last_edited=&#8220;on|desktop&#8220; global_colors_info=&#8220;{}&#8220;]<\/p>\n<p>Wer die Kundenmeinungen zu unserer Firma Lagooni liest, der sieht das die Benutzer eines individuell angepassten Lagooni Toilettenstuhl sehr zufrieden sind. Lagooni entwirft fahrbar Toilettenst\u00fchle mit u.a.<span>\u00a0<\/span><strong>h\u00f6henverstellbaren Funktionen<\/strong><span>\u00a0<\/span>aus der Praxis.<\/p>\n<p>Lagooni Toilettenstuhl Kreationen sind<span>\u00a0<\/span><strong>von Benutzern f\u00fcr Benutzer entworfen<\/strong><span>\u00a0<\/span>und bestechen durch eine sehr<span>\u00a0<\/span><strong>hohe Praxistauglichkeit<\/strong>.<\/p>\n<p>Wir garantieren das Sie als Benutzer eines Lagooni Toilettenstuhles von der<span>\u00a0<\/span><strong>Flexibilit\u00e4t und Leichtigkeit<\/strong><span>\u00a0<\/span>begeistert sein werden. Unser ma\u00dfgeschneiderten Modelle sind zu 100% an Ihre pers\u00f6nlichen Bed\u00fcrfnisse angepasst.<\/p>\n<p>Viele unserer Modell wachen mit Ihrem Benutzer mit. Schon in den<span>\u00a0<\/span><strong><a title=\"Produktspezifikationen\" href=\"https:\/\/www.lagooni.com\/de\/profis\/anpassungssupport\/\">Produktspezifikationen<\/a><\/strong><span>\u00a0<\/span>sehen Sie die Angaben zu den verschiedenen Breiten und H\u00f6hen der Lagooni St\u00fchle.<\/p>\n<p>[\/et_pb_text][et_pb_button button_url=&#8220;https:\/\/www.lagooni.com\/de\/product-categorie\/alle-duschrollstuehle\/&#8220; button_text=&#8220;Alle Rollst\u00fchle ansehen&#8220; _builder_version=&#8220;4.27.4&#8243; _module_preset=&#8220;default&#8220; button_text_color=&#8220;#000000&#8243; button_bg_color=&#8220;#F78F1E&#8220; global_colors_info=&#8220;{}&#8220;][\/et_pb_button][\/et_pb_column][\/et_pb_row][\/et_pb_section][et_pb_section fb_built=&#8220;1&#8243; custom_padding_last_edited=&#8220;on|phone&#8220; module_class=&#8220;cards-sectie&#8220; _builder_version=&#8220;4.25.2&#8243; _module_preset=&#8220;default&#8220; custom_padding_tablet=&#8220;4rem||0rem||false|false&#8220; custom_padding_phone=&#8220;4rem||0rem||false|false&#8220; locked=&#8220;off&#8220; global_colors_info=&#8220;{}&#8220;][et_pb_row column_structure=&#8220;1_3,1_3,1_3&#8243; use_custom_gutter=&#8220;on&#8220; gutter_width=&#8220;2&#8243; make_equal=&#8220;on&#8220; module_class=&#8220;fixed_buttons&#8220; _builder_version=&#8220;4.25.2&#8243; _module_preset=&#8220;default&#8220; custom_padding=&#8220;0px||0px||false|false&#8220; global_colors_info=&#8220;{}&#8220;][et_pb_column type=&#8220;1_3&#8243; _builder_version=&#8220;4.25.2&#8243; _module_preset=&#8220;default&#8220; background_color=&#8220;#1C3F94&#8243; custom_padding=&#8220;2rem|2rem|2rem|2rem|false|false&#8220; border_radii=&#8220;off|32px||32px|&#8220; global_colors_info=&#8220;{}&#8220;][et_pb_image src=&#8220;\/wp-content\/uploads\/2024\/09\/Lagooni-volwassenen-rolstoelen.png&#8220; title_text=&#8220;Lagooni-volwassenen-rolstoelen&#8220; _builder_version=&#8220;4.27.0&#8243; _module_preset=&#8220;default&#8220; background_enable_image=&#8220;off&#8220; background_position=&#8220;top_center&#8220; height=&#8220;400px&#8220; custom_margin=&#8220;-2rem|-2rem||-2rem|false|false&#8220; custom_css_free_form=&#8220;selector img{||  object-position:40% 0%;||  object-fit:cover;||}&#8220; border_radii=&#8220;off||||&#8220; global_colors_info=&#8220;{}&#8220;][\/et_pb_image][et_pb_text _builder_version=&#8220;4.25.2&#8243; _module_preset=&#8220;default&#8220; text_text_color=&#8220;#FFFFFF&#8220; header_3_text_color=&#8220;#FFFFFF&#8220; custom_margin=&#8220;2rem||0rem||false|false&#8220; custom_padding=&#8220;0px|0px|0px|0px|false|false&#8220;]<\/p>\n<h3>Rollst\u00fchle f\u00fcr Erwachsene<\/h3>\n<p>[\/et_pb_text][et_pb_divider color=&#8220;#F78F1E&#8220; divider_position=&#8220;center&#8220; divider_weight=&#8220;4px&#8220; _builder_version=&#8220;4.25.2&#8243; _module_preset=&#8220;default&#8220; width=&#8220;80px&#8220; height=&#8220;32px&#8220; custom_margin=&#8220;||0.5rem||false|false&#8220; locked=&#8220;off&#8220; global_colors_info=&#8220;{}&#8220;][\/et_pb_divider][et_pb_text _builder_version=&#8220;4.25.2&#8243; _module_preset=&#8220;default&#8220; text_text_color=&#8220;#FFFFFF&#8220; custom_margin=&#8220;1rem||2rem||false|false&#8220; custom_padding=&#8220;0px|0px|0px|0px|false|false&#8220;]<\/p>\n<p>Dusch-toiletten-Rollst\u00fchle f\u00fcr Erwachsene. Unsere Rollst\u00fchle sind ideal f\u00fcr den Einsatz in der Dusche und\/oder auf der Toilette. Sie lassen sich leicht anpassen und k\u00f6nnen vollst\u00e4ndig auf Ihre individuellen Bed\u00fcrfnisse abgestimmt werden!<\/p>\n<p>[\/et_pb_text][et_pb_button button_url=&#8220;\/de\/product-categorie\/alle-modelle\/erwachsene-alle-modelle\/&#8220; button_text=&#8220;Rollst\u00fchle f\u00fcr Erwachsene&#8220; _builder_version=&#8220;4.27.0&#8243; _module_preset=&#8220;4aba90d8-64c5-4e94-992b-a2fc0340291a&#8220; global_colors_info=&#8220;{}&#8220;][\/et_pb_button][\/et_pb_column][et_pb_column type=&#8220;1_3&#8243; _builder_version=&#8220;4.25.2&#8243; _module_preset=&#8220;default&#8220; background_color=&#8220;#1C3F94&#8243; custom_padding=&#8220;2rem|2rem|2rem|2rem|false|false&#8220; border_radii=&#8220;off|32px||32px|&#8220; global_colors_info=&#8220;{}&#8220;][et_pb_image src=&#8220;\/wp-content\/uploads\/2022\/12\/lagooni-kinder-doucherolstoel-2-1-scaled-e1717583025307.jpg&#8220; title_text=&#8220;lagooni kinder doucherolstoel 2&#8243; _builder_version=&#8220;4.27.0&#8243; _module_preset=&#8220;default&#8220; height=&#8220;400px&#8220; custom_margin=&#8220;-2rem|-2rem||-2rem|false|false&#8220; custom_css_free_form=&#8220;selector img{||  object-fit:cover;||}&#8220; border_radii=&#8220;off||||&#8220; global_colors_info=&#8220;{}&#8220;][\/et_pb_image][et_pb_text _builder_version=&#8220;4.25.2&#8243; _module_preset=&#8220;default&#8220; text_text_color=&#8220;#FFFFFF&#8220; header_3_text_color=&#8220;#FFFFFF&#8220; custom_margin=&#8220;2rem||0rem||false|false&#8220; custom_padding=&#8220;0px|0px|0px|0px|false|false&#8220;]<\/p>\n<h3>Rollst\u00fchle f\u00fcr Kinder<\/h3>\n<p>[\/et_pb_text][et_pb_divider color=&#8220;#F78F1E&#8220; divider_position=&#8220;center&#8220; divider_weight=&#8220;4px&#8220; _builder_version=&#8220;4.25.2&#8243; _module_preset=&#8220;default&#8220; width=&#8220;80px&#8220; height=&#8220;32px&#8220; custom_margin=&#8220;||0.5rem||false|false&#8220; locked=&#8220;off&#8220; global_colors_info=&#8220;{}&#8220;][\/et_pb_divider][et_pb_text _builder_version=&#8220;4.25.2&#8243; _module_preset=&#8220;default&#8220; text_text_color=&#8220;#FFFFFF&#8220; custom_margin=&#8220;1rem||2rem||false|false&#8220; custom_padding=&#8220;0px|0px|0px|0px|false|false&#8220;]<\/p>\n<p>Dusch-Toiletten-Rollst\u00fchle f\u00fcr Kinder. Unsere Rollst\u00fchle lassen sich einfach verstellen und an die individuellen Bed\u00fcrfnisse anpassen. Sie wachsen mit Ihrem Kind mit, sodass sie \u00fcber einen l\u00e4ngeren Zeitraum genutzt werden k\u00f6nnen!<\/p>\n<p>[\/et_pb_text][et_pb_button button_url=&#8220;\/de\/product-categorie\/alle-modelle\/kinder\/&#8220; button_text=&#8220;Rollst\u00fchle f\u00fcr Kinder&#8220; _builder_version=&#8220;4.25.2&#8243; _module_preset=&#8220;4aba90d8-64c5-4e94-992b-a2fc0340291a&#8220; global_colors_info=&#8220;{}&#8220;][\/et_pb_button][\/et_pb_column][et_pb_column type=&#8220;1_3&#8243; _builder_version=&#8220;4.25.2&#8243; _module_preset=&#8220;default&#8220; background_color=&#8220;#1C3F94&#8243; custom_padding=&#8220;2rem|2rem|2rem|2rem|false|false&#8220; border_radii=&#8220;off|32px||32px|&#8220; global_colors_info=&#8220;{}&#8220;][et_pb_image src=&#8220;\/wp-content\/uploads\/2024\/06\/Ferry-en-vliegtuig-vooraanzicht-scaled-e1717583757846.jpg&#8220; title_text=&#8220;Ferry en vliegtuig vooraanzicht&#8220; _builder_version=&#8220;4.27.0&#8243; _module_preset=&#8220;default&#8220; height=&#8220;400px&#8220; custom_margin=&#8220;-2rem|-2rem||-2rem|false|false&#8220; custom_css_free_form=&#8220;selector img{||  object-fit:cover;||}&#8220; border_radii=&#8220;off||||&#8220; global_colors_info=&#8220;{}&#8220;][\/et_pb_image][et_pb_text _builder_version=&#8220;4.27.0&#8243; _module_preset=&#8220;default&#8220; text_text_color=&#8220;#FFFFFF&#8220; header_3_text_color=&#8220;#FFFFFF&#8220; custom_margin=&#8220;2rem||0rem||false|false&#8220; custom_padding=&#8220;0px|0px|0px|0px|false|false&#8220;]<\/p>\n<h3>Rollst\u00fchle f\u00fcr Reisen<\/h3>\n<p>[\/et_pb_text][et_pb_divider color=&#8220;#F78F1E&#8220; divider_position=&#8220;center&#8220; divider_weight=&#8220;4px&#8220; _builder_version=&#8220;4.25.2&#8243; _module_preset=&#8220;default&#8220; width=&#8220;80px&#8220; height=&#8220;32px&#8220; custom_margin=&#8220;||0.5rem||false|false&#8220; locked=&#8220;off&#8220; global_colors_info=&#8220;{}&#8220;][\/et_pb_divider][et_pb_text _builder_version=&#8220;4.25.2&#8243; _module_preset=&#8220;default&#8220; text_text_color=&#8220;#FFFFFF&#8220; custom_margin=&#8220;1rem||2rem||false|false&#8220; custom_padding=&#8220;0px|0px|0px|0px|false|false&#8220;]<\/p>\n<p>Dusch-Toiletten-Rollst\u00fchle f\u00fcr unterwegs. Ob Sie in den Urlaub fahren, zur Schule oder zur Arbeit reisen \u2013 es sollte keinen zus\u00e4tzlichen Stress verursachen. F\u00fcr unterwegs gibt es kompakte Dusch-Toiletten-Rollst\u00fchle, die sogar in einen Koffer passen!<\/p>\n<p>[\/et_pb_text][et_pb_button button_url=&#8220;\/de\/product-categorie\/alle-modelle\/reise\/&#8220; button_text=&#8220;Rollst\u00fchle f\u00fcr Reisen&#8220; _builder_version=&#8220;4.25.2&#8243; _module_preset=&#8220;4aba90d8-64c5-4e94-992b-a2fc0340291a&#8220; global_colors_info=&#8220;{}&#8220;][\/et_pb_button][\/et_pb_column][\/et_pb_row][\/et_pb_section]<\/p>\n","protected":false},"excerpt":{"rendered":"<p>Duschrollst\u00fchle aus dem Hause Lagooni 100% Qualit\u00e4tsprodukte Made in Holland | Lagooni Duschrollstuhl Angebote und Ma\u00dfanfertigungen g\u00fcnstig bestellen.<\/p>\n","protected":false},"author":9,"featured_media":0,"parent":0,"menu_order":0,"comment_status":"closed","ping_status":"closed","template":"","meta":{"_et_pb_use_builder":"on","_et_pb_old_content":"","_et_gb_content_width":"","footnotes":""},"class_list":["post-13644","page","type-page","status-publish","hentry"],"_links":{"self":[{"href":"https:\/\/www.lagooni.com\/de\/wp-json\/wp\/v2\/pages\/13644","targetHints":{"allow":["GET"]}}],"collection":[{"href":"https:\/\/www.lagooni.com\/de\/wp-json\/wp\/v2\/pages"}],"about":[{"href":"https:\/\/www.lagooni.com\/de\/wp-json\/wp\/v2\/types\/page"}],"author":[{"embeddable":true,"href":"https:\/\/www.lagooni.com\/de\/wp-json\/wp\/v2\/users\/9"}],"replies":[{"embeddable":true,"href":"https:\/\/www.lagooni.com\/de\/wp-json\/wp\/v2\/comments?post=13644"}],"version-history":[{"count":6,"href":"https:\/\/www.lagooni.com\/de\/wp-json\/wp\/v2\/pages\/13644\/revisions"}],"predecessor-version":[{"id":13653,"href":"https:\/\/www.lagooni.com\/de\/wp-json\/wp\/v2\/pages\/13644\/revisions\/13653"}],"wp:attachment":[{"href":"https:\/\/www.lagooni.com\/de\/wp-json\/wp\/v2\/media?parent=13644"}],"curies":[{"name":"wp","href":"https:\/\/api.w.org\/{rel}","templated":true}]}}