{"id":13501,"date":"2025-05-06T15:01:11","date_gmt":"2025-05-06T13:01:11","guid":{"rendered":"https:\/\/www.lagooni.com\/?page_id=13501"},"modified":"2025-07-08T16:04:24","modified_gmt":"2025-07-08T14:04:24","slug":"duschrollstuhl","status":"publish","type":"page","link":"https:\/\/www.lagooni.com\/de\/duschrollstuhl\/","title":{"rendered":"Duschrollstuhl"},"content":{"rendered":"<p>[et_pb_section fb_built=&#8220;1&#8243; admin_label=&#8220;Header&#8220; _builder_version=&#8220;4.27.0&#8243; _module_preset=&#8220;default&#8220; background_color=&#8220;#1C3F94&#8243; custom_padding=&#8220;||||false|false&#8220; locked=&#8220;off&#8220; collapsed=&#8220;on&#8220; global_colors_info=&#8220;{}&#8220;][et_pb_row _builder_version=&#8220;4.22.0&#8243; _module_preset=&#8220;default&#8220; global_colors_info=&#8220;{}&#8220;][et_pb_column type=&#8220;4_4&#8243; _builder_version=&#8220;4.22.0&#8243; _module_preset=&#8220;default&#8220; global_colors_info=&#8220;{}&#8220;][et_pb_text _builder_version=&#8220;4.27.0&#8243; _dynamic_attributes=&#8220;content&#8220; _module_preset=&#8220;_initial&#8220; header_font=&#8220;|&#8211;et_global_heading_font_weight|||||||&#8220; header_text_color=&#8220;#FFFFFF&#8220; header_font_size=&#8220;3rem&#8220; custom_margin=&#8220;||10px||false|false&#8220; header_font_size_tablet=&#8220;40px&#8220; header_font_size_phone=&#8220;24px&#8220; header_font_size_last_edited=&#8220;on|desktop&#8220;]@ET-DC@eyJkeW5hbWljIjp0cnVlLCJjb250ZW50IjoicG9zdF90aXRsZSIsInNldHRpbmdzIjp7ImJlZm9yZSI6IjxoMT4iLCJhZnRlciI6IjwvaDE+In19@[\/et_pb_text][et_pb_divider color=&#8220;#F78F1E&#8220; divider_position=&#8220;center&#8220; divider_weight=&#8220;4px&#8220; _builder_version=&#8220;4.27.0&#8243; _module_preset=&#8220;default&#8220; width=&#8220;80px&#8220; module_alignment=&#8220;left&#8220; height=&#8220;32px&#8220; custom_margin=&#8220;||8px||false|false&#8220; locked=&#8220;off&#8220; global_colors_info=&#8220;{}&#8220;][\/et_pb_divider][\/et_pb_column][\/et_pb_row][\/et_pb_section][et_pb_section fb_built=&#8220;1&#8243; module_id=&#8220;bedeutung-der-individualisierung&#8220; _builder_version=&#8220;4.27.0&#8243; _module_preset=&#8220;default&#8220; custom_padding=&#8220;||0px||false|false&#8220; global_colors_info=&#8220;{}&#8220;][et_pb_row column_structure=&#8220;1_3,2_3&#8243; make_equal=&#8220;on&#8220; _builder_version=&#8220;4.27.0&#8243; _module_preset=&#8220;default&#8220; border_color_bottom=&#8220;#F78F1E&#8220; locked=&#8220;off&#8220; global_colors_info=&#8220;{}&#8220;][et_pb_column type=&#8220;1_3&#8243; _builder_version=&#8220;4.22.0&#8243; _module_preset=&#8220;default&#8220; global_colors_info=&#8220;{}&#8220;][et_pb_image src=&#8220;https:\/\/www.lagooni.com\/wp-content\/uploads\/2020\/06\/DSC_4323-scaled.jpg&#8220; alt=&#8220;Duschrollstuhl&#8220; title_text=&#8220;DSC_4323&#8243; force_fullwidth=&#8220;on&#8220; _builder_version=&#8220;4.27.4&#8243; _module_preset=&#8220;default&#8220; height=&#8220;320px&#8220; custom_css_free_form=&#8220;selector img{||  object-fit:cover;||}&#8220; border_radii=&#8220;off|32px||32px|&#8220; global_colors_info=&#8220;{}&#8220;][\/et_pb_image][\/et_pb_column][et_pb_column type=&#8220;2_3&#8243; _builder_version=&#8220;4.27.0&#8243; _module_preset=&#8220;default&#8220; custom_css_main_element=&#8220;margin:auto;&#8220; global_colors_info=&#8220;{}&#8220;][et_pb_text _builder_version=&#8220;4.27.4&#8243; _module_preset=&#8220;_initial&#8220; text_font=&#8220;&#8211;et_global_body_font||||||||&#8220; text_text_color=&#8220;#3A3A3A&#8220; header_4_font=&#8220;|&#8211;et_global_heading_font_weight|||||||&#8220; header_4_font_size=&#8220;1.5rem&#8220; custom_margin=&#8220;||0px||false|false&#8220; header_4_font_size_tablet=&#8220;16px&#8220; header_4_font_size_phone=&#8220;15px&#8220; header_4_font_size_last_edited=&#8220;on|desktop&#8220; global_colors_info=&#8220;{%22gcid-9d0cae7c-074f-4d45-9577-f64cb1aa2c6b%22:%91%22header_4_text_color%22%93}&#8220;]<\/p>\n<h4><strong>Duschrollstuhl Produzent Firma Lagooni<\/strong><\/h4>\n<p>[\/et_pb_text][et_pb_text _builder_version=&#8220;4.27.0&#8243; _module_preset=&#8220;_initial&#8220; text_font=&#8220;&#8211;et_global_body_font||||||||&#8220; custom_margin=&#8220;||10px||false|false&#8220; text_font_size_tablet=&#8220;15px&#8220; text_font_size_phone=&#8220;14px&#8220; text_font_size_last_edited=&#8220;on|desktop&#8220;]<\/p>\n<p>Duschrollst\u00fchle aus dem Hause <a href=\"https:\/\/www.notion.so\/de?page_id=731\"><strong>Lagooni<\/strong><\/a> sind zu <strong>100% Qualit\u00e4tsprodukte<\/strong>. Alle Duschrollstuhl Modell sind sehr leicht, flexibel und individuell anzupassen.<\/p>\n<p>Die feine und pr\u00e4zise Einstellungsm\u00f6glichkeit der Lagooni Duschrollstuhl Elemente ist nur einer von vielen sehr praktischen Vorteilen eines Duschrollstuhles aus unserem Hause.<\/p>\n<p>Lagooni wurde im Jahre 2009 durch Herrn Paul Kampshoff gegr\u00fcndet. Herr Kampshoff ist pers\u00f6nlich ebenso wie seine Kunden an einen Rollstuhl gebunden.<\/p>\n<p>Seine Ideen zu ergonomischen und flexiblen Duschrollst\u00fchlen haben den Markt einen neuen gro\u00dfartigen Konkurenten beschert. Heutzutage wissen international viele Rehabetriebe und Sanit\u00e4tsh\u00e4user sowie andere Gro\u00dfh\u00e4ndler alle Lagooni Produkte sehr zu sch\u00e4tzen.<\/p>\n<h4><\/h4>\n<h4>Auf folgender Seite finden Sie mehr Informationen zu unseren Duschrollst\u00fchlen<\/h4>\n<p>[\/et_pb_text][et_pb_button button_url=&#8220;https:\/\/www.lagooni.com\/de\/dusch-toilettenstuhl\/dusch-toilettenstuhl\/&#8220; button_text=&#8220;Duschrollstuhl&#8220; _builder_version=&#8220;4.27.4&#8243; _module_preset=&#8220;default&#8220; global_colors_info=&#8220;{}&#8220;][\/et_pb_button][\/et_pb_column][\/et_pb_row][\/et_pb_section][et_pb_section fb_built=&#8220;1&#8243; module_id=&#8220;wann-individualisierung&#8220; _builder_version=&#8220;4.27.0&#8243; _module_preset=&#8220;default&#8220; custom_padding=&#8220;0px||0px||false|false&#8220; global_colors_info=&#8220;{}&#8220;][et_pb_row column_structure=&#8220;1_3,2_3&#8243; make_equal=&#8220;on&#8220; _builder_version=&#8220;4.27.0&#8243; _module_preset=&#8220;default&#8220; border_color_bottom=&#8220;#F78F1E&#8220; locked=&#8220;off&#8220; global_colors_info=&#8220;{}&#8220;][et_pb_column type=&#8220;1_3&#8243; _builder_version=&#8220;4.22.0&#8243; _module_preset=&#8220;default&#8220; global_colors_info=&#8220;{}&#8220;][et_pb_image src=&#8220;https:\/\/www.lagooni.com\/wp-content\/uploads\/2025\/05\/Overzicht-rolstoelen-Lagooni.jpg&#8220; alt=&#8220;toilettenstuhl hoehenverstellbar&#8220; title_text=&#8220;Overzicht rolstoelen &#8211; Lagooni&#8220; force_fullwidth=&#8220;on&#8220; _builder_version=&#8220;4.27.4&#8243; _module_preset=&#8220;default&#8220; height=&#8220;320px&#8220; custom_css_free_form=&#8220;selector img{||  object-fit:cover;||}&#8220; border_radii=&#8220;off|32px||32px|&#8220; global_colors_info=&#8220;{}&#8220;][\/et_pb_image][\/et_pb_column][et_pb_column type=&#8220;2_3&#8243; _builder_version=&#8220;4.27.0&#8243; _module_preset=&#8220;default&#8220; custom_css_main_element=&#8220;margin:auto;&#8220; global_colors_info=&#8220;{}&#8220;][et_pb_text _builder_version=&#8220;4.27.4&#8243; _module_preset=&#8220;_initial&#8220; text_font=&#8220;&#8211;et_global_body_font||||||||&#8220; text_text_color=&#8220;#3A3A3A&#8220; header_4_font=&#8220;|&#8211;et_global_heading_font_weight|||||||&#8220; header_4_font_size=&#8220;1.5rem&#8220; custom_margin=&#8220;||0px||false|false&#8220; header_4_font_size_tablet=&#8220;16px&#8220; header_4_font_size_phone=&#8220;15px&#8220; header_4_font_size_last_edited=&#8220;on|desktop&#8220; global_colors_info=&#8220;{%22gcid-9d0cae7c-074f-4d45-9577-f64cb1aa2c6b%22:%91%22header_4_text_color%22%93}&#8220;]<\/p>\n<h4>Lagooni Duschrollstuhl Angebot<\/h4>\n<p>[\/et_pb_text][et_pb_text _builder_version=&#8220;4.27.0&#8243; _module_preset=&#8220;_initial&#8220; text_font=&#8220;&#8211;et_global_body_font||||||||&#8220; custom_margin=&#8220;||16px||false|false&#8220; text_font_size_tablet=&#8220;15px&#8220; text_font_size_phone=&#8220;14px&#8220; text_font_size_last_edited=&#8220;on|desktop&#8220;]<\/p>\n<p>Wir pr\u00e4sentieren unser Lagooni Duschrollstuhl Modelle aus unserem Angebot \u00fcbersichtlich auf einer Reihe.<\/p>\n<p>Sowohl <a href=\"https:\/\/www.notion.so\/de?page_id=726\"><strong>Privatkunden<\/strong><\/a> wie auch <a href=\"https:\/\/www.notion.so\/de?page_id=727\"><strong>Gro\u00dfh\u00e4ndler<\/strong><\/a> kaufen hier einen Duschrollstuhl oder auch mehrere Duschrollst\u00fchle zu sehr fairen und der <strong>hohen Qualit\u00e4t<\/strong> entsprechenden Preise.<\/p>\n<p>Hier finden Sie unser aktuelles Angebot an <a href=\"https:\/\/www.notion.so\/de?product_cat=alle-modelle\"><strong>Lagooni Duschrollst\u00fchlen<\/strong><\/a>. Falls Ihr Duschrollstuhl keine speziellen Anpassungen n\u00f6tig hat, so ist ein <strong>kleiner Preis garantiert<\/strong>.<\/p>\n<p>Aber auch unsere ma\u00dfgefertigten <a href=\"https:\/\/www.notion.so\/de?page_id=743\"><strong>Duschrollst\u00fchle kaufen<\/strong><\/a> Sie verglichen mit Angeboten anderer Hersteller ebenfalls kosteng\u00fcnstig ein.<!-- notionvc: 1c6bf850-80ea-479e-bf2d-31e037e86229 --><\/p>\n<p>[\/et_pb_text][et_pb_button button_url=&#8220;https:\/\/www.lagooni.com\/de?product_cat=alle-modelle&#8220; button_text=&#8220;Duschrollstuhl angebote&#8220; _builder_version=&#8220;4.27.4&#8243; _module_preset=&#8220;default&#8220; global_colors_info=&#8220;{}&#8220;][\/et_pb_button][\/et_pb_column][\/et_pb_row][\/et_pb_section][et_pb_section fb_built=&#8220;1&#8243; module_id=&#8220;wann-individualisierung&#8220; _builder_version=&#8220;4.27.0&#8243; _module_preset=&#8220;default&#8220; custom_padding=&#8220;0px||0px||false|false&#8220; global_colors_info=&#8220;{}&#8220;][et_pb_row column_structure=&#8220;1_3,2_3&#8243; make_equal=&#8220;on&#8220; _builder_version=&#8220;4.27.0&#8243; _module_preset=&#8220;default&#8220; border_color_bottom=&#8220;#F78F1E&#8220; locked=&#8220;off&#8220; global_colors_info=&#8220;{}&#8220;][et_pb_column type=&#8220;1_3&#8243; _builder_version=&#8220;4.22.0&#8243; _module_preset=&#8220;default&#8220; global_colors_info=&#8220;{}&#8220;][et_pb_image src=&#8220;https:\/\/www.lagooni.com\/wp-content\/uploads\/2020\/06\/dusch-toilettenstuhl.png&#8220; title_text=&#8220;dusch-toilettenstuhl&#8220; force_fullwidth=&#8220;on&#8220; _builder_version=&#8220;4.27.4&#8243; _module_preset=&#8220;default&#8220; height=&#8220;320px&#8220; custom_css_free_form=&#8220;selector img{||  object-fit:cover;||}&#8220; border_radii=&#8220;off|32px||32px|&#8220; global_colors_info=&#8220;{}&#8220;][\/et_pb_image][\/et_pb_column][et_pb_column type=&#8220;2_3&#8243; _builder_version=&#8220;4.27.0&#8243; _module_preset=&#8220;default&#8220; custom_css_main_element=&#8220;margin:auto;&#8220; global_colors_info=&#8220;{}&#8220;][et_pb_text _builder_version=&#8220;4.27.4&#8243; _module_preset=&#8220;_initial&#8220; text_font=&#8220;&#8211;et_global_body_font||||||||&#8220; text_text_color=&#8220;#3A3A3A&#8220; header_4_font=&#8220;|&#8211;et_global_heading_font_weight|||||||&#8220; header_4_font_size=&#8220;1.5rem&#8220; custom_margin=&#8220;||0px||false|false&#8220; header_4_font_size_tablet=&#8220;16px&#8220; header_4_font_size_phone=&#8220;15px&#8220; header_4_font_size_last_edited=&#8220;on|desktop&#8220; global_colors_info=&#8220;{%22gcid-9d0cae7c-074f-4d45-9577-f64cb1aa2c6b%22:%91%22header_4_text_color%22%93}&#8220;]<\/p>\n<h4>Duschrollst\u00fchle von Lagooni Kundenmeinungen<\/h4>\n<p>[\/et_pb_text][et_pb_text _builder_version=&#8220;4.27.0&#8243; _module_preset=&#8220;_initial&#8220; text_font=&#8220;&#8211;et_global_body_font||||||||&#8220; custom_margin=&#8220;||2px||false|false&#8220; text_font_size_tablet=&#8220;15px&#8220; text_font_size_phone=&#8220;14px&#8220; text_font_size_last_edited=&#8220;on|desktop&#8220;]<\/p>\n<p>Die Firma Lagooni beliefert Gro\u00dfh\u00e4ndler aus der Sanit\u00e4tsbranche in beinah ganz Europa. Viele Stammkunden vertrauen seit nunmehr vielen Jahren auf die 100%ige Qualit\u00e4t bei allen Duschrollst\u00fchlen zu jeder Zeit.<\/p>\n<p>Lagooni liefert zuverl\u00e4ssig und l\u00e4sst jedem Neukunden schnell ein passendes sehr ansprechendes Angebot zukommen.<\/p>\n<p>Vertrauen auch Sie noch Heute auf unsere Duschrollst\u00fchle und Sie werden versichert sein Ihren eigenen Kunden <strong>absolute Qualit\u00e4tsprodukte<\/strong> liefern zu k\u00f6nnen.<\/p>\n<p>Lagooni steht f\u00fcr ein hohes Ma\u00df anKundenzufriedenheit. Gerne verweisen wir Sie zu <a href=\"https:\/\/www.lagooni.com\/de\/testimonials\/\">unseren Kundenmeinungen<\/a>.<!-- notionvc: 6d23c59a-3a8d-4515-8a62-b67a5e3d7e96 --><\/p>\n<p><!-- notionvc: 1c6bf850-80ea-479e-bf2d-31e037e86229 --><\/p>\n<p>[\/et_pb_text][et_pb_button button_url=&#8220;https:\/\/www.lagooni.com\/de\/kontakt\/&#8220; button_text=&#8220;Kontaktieren Sie uns&#8220; _builder_version=&#8220;4.27.4&#8243; _module_preset=&#8220;default&#8220;][\/et_pb_button][\/et_pb_column][\/et_pb_row][\/et_pb_section][et_pb_section fb_built=&#8220;1&#8243; module_id=&#8220;tagung-produkt-demos&#8220; _builder_version=&#8220;4.27.0&#8243; _module_preset=&#8220;default&#8220; custom_padding=&#8220;0px||0px||false|false&#8220; global_colors_info=&#8220;{}&#8220;][et_pb_row column_structure=&#8220;1_3,2_3&#8243; make_equal=&#8220;on&#8220; _builder_version=&#8220;4.27.0&#8243; _module_preset=&#8220;default&#8220; border_color_bottom=&#8220;#F78F1E&#8220; locked=&#8220;off&#8220; global_colors_info=&#8220;{}&#8220;][et_pb_column type=&#8220;1_3&#8243; _builder_version=&#8220;4.22.0&#8243; _module_preset=&#8220;default&#8220; global_colors_info=&#8220;{}&#8220;][et_pb_image src=&#8220;https:\/\/www.lagooni.com\/wp-content\/uploads\/2024\/09\/Douchestoelen.jpg&#8220; alt=&#8220;tandwielmodel ruggenwervels&#8220; title_text=&#8220;Douchestoelen&#8220; force_fullwidth=&#8220;on&#8220; _builder_version=&#8220;4.27.4&#8243; _module_preset=&#8220;default&#8220; height=&#8220;320px&#8220; custom_css_free_form=&#8220;selector img{||  object-fit:cover;||}&#8220; border_radii=&#8220;off|32px||32px|&#8220; global_colors_info=&#8220;{}&#8220;][\/et_pb_image][\/et_pb_column][et_pb_column type=&#8220;2_3&#8243; _builder_version=&#8220;4.27.0&#8243; _module_preset=&#8220;default&#8220; custom_css_main_element=&#8220;margin:auto;&#8220; global_colors_info=&#8220;{}&#8220;][et_pb_text _builder_version=&#8220;4.27.4&#8243; _module_preset=&#8220;_initial&#8220; text_font=&#8220;&#8211;et_global_body_font||||||||&#8220; text_text_color=&#8220;#3A3A3A&#8220; header_4_font=&#8220;|&#8211;et_global_heading_font_weight|||||||&#8220; header_4_font_size=&#8220;1.5rem&#8220; custom_margin=&#8220;||0px||false|false&#8220; header_4_font_size_tablet=&#8220;16px&#8220; header_4_font_size_phone=&#8220;15px&#8220; header_4_font_size_last_edited=&#8220;on|desktop&#8220; global_colors_info=&#8220;{%22gcid-9d0cae7c-074f-4d45-9577-f64cb1aa2c6b%22:%91%22header_4_text_color%22%93}&#8220;]<\/p>\n<h4><strong>Gesch\u00e4ftskunden und Privatkunden Duschrollstuhl Lieferant Lagooni<\/strong><\/h4>\n<p>[\/et_pb_text][et_pb_text _builder_version=&#8220;4.27.0&#8243; _module_preset=&#8220;_initial&#8220; text_font=&#8220;&#8211;et_global_body_font||||||||&#8220; custom_margin=&#8220;||16px||false|false&#8220; text_font_size_tablet=&#8220;15px&#8220; text_font_size_phone=&#8220;14px&#8220; text_font_size_last_edited=&#8220;on|desktop&#8220;]<\/p>\n<p>Bei Lagooni haben Privatkunden und Gesch\u00e4ftskunden die M\u00f6glichkeit<span>\u00a0<\/span><strong>sehr leichte und flexible Duschrollstuhl Modelle<\/strong><span>\u00a0<\/span>zu bestellen. Zu unseren Ma\u00dfanfertigungen erhalten Sie ein<span>\u00a0<\/span><strong><a title=\"Formular fur deine Mediziner\" href=\"https:\/\/www.lagooni.com\/de\/profis\/anpassungssupport\/\">Formular<\/a><\/strong><span>\u00a0<\/span>in welches Ihr qualifizierter Mediziner Ihre Ma\u00dfe einf\u00fcllt.<\/p>\n<p>So ist selbst bei allen Spezialanfertigungen ein<span>\u00a0<\/span><strong>kleiner Preis<\/strong><span>\u00a0<\/span>gesichert. Zur Produktion werden Sie von selbst sprechend von unseren Mitarbeitern zu jeder Zeit beraten und zeitnah \u00fcber jeden Schritt informiert.<\/p>\n<p>Klicken Sie hier f\u00fcr<span>\u00a0<\/span><strong><a title=\"Weitere informatione\" href=\"https:\/\/www.lagooni.com\/de\/profis\/anpassungssupport\/\">weitere Informatione<\/a><\/strong><span>\u00a0<\/span>zum bestellen von Duschrollst\u00fchlen und zu einer Duschrollstuhl Modell\u00fcbersicht.<\/p>\n<p>Bei uns haben sowohl Gesch\u00e4ftskunden wie auch Privatkunden die M\u00f6glichkeit<span>\u00a0<\/span><strong>g\u00fcnstige Duschrollst\u00fchle von sehr hoher Qualit\u00e4t<\/strong><span>\u00a0<\/span>zu erwerben.<\/p>\n<p>[\/et_pb_text][et_pb_button button_url=&#8220;https:\/\/www.lagooni.com\/de\/product-categorie\/alle-duschrollstuehle\/&#8220; button_text=&#8220;Alle Rollst\u00fchle ansehen&#8220; _builder_version=&#8220;4.27.4&#8243; _module_preset=&#8220;default&#8220; button_text_color=&#8220;#000000&#8243; button_bg_color=&#8220;#F78F1E&#8220;][\/et_pb_button][\/et_pb_column][\/et_pb_row][\/et_pb_section][et_pb_section fb_built=&#8220;1&#8243; custom_padding_last_edited=&#8220;on|phone&#8220; module_class=&#8220;cards-sectie&#8220; _builder_version=&#8220;4.25.2&#8243; _module_preset=&#8220;default&#8220; custom_padding_tablet=&#8220;4rem||0rem||false|false&#8220; custom_padding_phone=&#8220;4rem||0rem||false|false&#8220; locked=&#8220;off&#8220; global_colors_info=&#8220;{}&#8220;][et_pb_row column_structure=&#8220;1_3,1_3,1_3&#8243; use_custom_gutter=&#8220;on&#8220; gutter_width=&#8220;2&#8243; make_equal=&#8220;on&#8220; module_class=&#8220;fixed_buttons&#8220; _builder_version=&#8220;4.25.2&#8243; _module_preset=&#8220;default&#8220; custom_padding=&#8220;0px||0px||false|false&#8220; global_colors_info=&#8220;{}&#8220;][et_pb_column type=&#8220;1_3&#8243; _builder_version=&#8220;4.25.2&#8243; _module_preset=&#8220;default&#8220; background_color=&#8220;#1C3F94&#8243; custom_padding=&#8220;2rem|2rem|2rem|2rem|false|false&#8220; border_radii=&#8220;off|32px||32px|&#8220; global_colors_info=&#8220;{}&#8220;][et_pb_image src=&#8220;\/wp-content\/uploads\/2024\/09\/Lagooni-volwassenen-rolstoelen.png&#8220; title_text=&#8220;Lagooni-volwassenen-rolstoelen&#8220; _builder_version=&#8220;4.27.0&#8243; _module_preset=&#8220;default&#8220; background_enable_image=&#8220;off&#8220; background_position=&#8220;top_center&#8220; height=&#8220;400px&#8220; custom_margin=&#8220;-2rem|-2rem||-2rem|false|false&#8220; custom_css_free_form=&#8220;selector img{||  object-position:40% 0%;||  object-fit:cover;||}&#8220; border_radii=&#8220;off||||&#8220; global_colors_info=&#8220;{}&#8220;][\/et_pb_image][et_pb_text _builder_version=&#8220;4.25.2&#8243; _module_preset=&#8220;default&#8220; text_text_color=&#8220;#FFFFFF&#8220; header_3_text_color=&#8220;#FFFFFF&#8220; custom_margin=&#8220;2rem||0rem||false|false&#8220; custom_padding=&#8220;0px|0px|0px|0px|false|false&#8220; global_colors_info=&#8220;{}&#8220;]<\/p>\n<h3>Rollst\u00fchle f\u00fcr Erwachsene<\/h3>\n<p>[\/et_pb_text][et_pb_divider color=&#8220;#F78F1E&#8220; divider_position=&#8220;center&#8220; divider_weight=&#8220;4px&#8220; _builder_version=&#8220;4.25.2&#8243; _module_preset=&#8220;default&#8220; width=&#8220;80px&#8220; height=&#8220;32px&#8220; custom_margin=&#8220;||0.5rem||false|false&#8220; locked=&#8220;off&#8220; global_colors_info=&#8220;{}&#8220;][\/et_pb_divider][et_pb_text _builder_version=&#8220;4.25.2&#8243; _module_preset=&#8220;default&#8220; text_text_color=&#8220;#FFFFFF&#8220; custom_margin=&#8220;1rem||2rem||false|false&#8220; custom_padding=&#8220;0px|0px|0px|0px|false|false&#8220; global_colors_info=&#8220;{}&#8220;]<\/p>\n<p>Dusch-toiletten-Rollst\u00fchle f\u00fcr Erwachsene. Unsere Rollst\u00fchle sind ideal f\u00fcr den Einsatz in der Dusche und\/oder auf der Toilette. Sie lassen sich leicht anpassen und k\u00f6nnen vollst\u00e4ndig auf Ihre individuellen Bed\u00fcrfnisse abgestimmt werden!<\/p>\n<p>[\/et_pb_text][et_pb_button button_url=&#8220;\/de\/product-categorie\/alle-modelle\/erwachsene-alle-modelle\/&#8220; button_text=&#8220;Rollst\u00fchle f\u00fcr Erwachsene&#8220; _builder_version=&#8220;4.27.0&#8243; _module_preset=&#8220;4aba90d8-64c5-4e94-992b-a2fc0340291a&#8220; global_colors_info=&#8220;{}&#8220;][\/et_pb_button][\/et_pb_column][et_pb_column type=&#8220;1_3&#8243; _builder_version=&#8220;4.25.2&#8243; _module_preset=&#8220;default&#8220; background_color=&#8220;#1C3F94&#8243; custom_padding=&#8220;2rem|2rem|2rem|2rem|false|false&#8220; border_radii=&#8220;off|32px||32px|&#8220; global_colors_info=&#8220;{}&#8220;][et_pb_image src=&#8220;\/wp-content\/uploads\/2022\/12\/lagooni-kinder-doucherolstoel-2-1-scaled-e1717583025307.jpg&#8220; title_text=&#8220;lagooni kinder doucherolstoel 2&#8243; _builder_version=&#8220;4.27.0&#8243; _module_preset=&#8220;default&#8220; height=&#8220;400px&#8220; custom_margin=&#8220;-2rem|-2rem||-2rem|false|false&#8220; custom_css_free_form=&#8220;selector img{||  object-fit:cover;||}&#8220; border_radii=&#8220;off||||&#8220; global_colors_info=&#8220;{}&#8220;][\/et_pb_image][et_pb_text _builder_version=&#8220;4.25.2&#8243; _module_preset=&#8220;default&#8220; text_text_color=&#8220;#FFFFFF&#8220; header_3_text_color=&#8220;#FFFFFF&#8220; custom_margin=&#8220;2rem||0rem||false|false&#8220; custom_padding=&#8220;0px|0px|0px|0px|false|false&#8220; global_colors_info=&#8220;{}&#8220;]<\/p>\n<h3>Rollst\u00fchle f\u00fcr Kinder<\/h3>\n<p>[\/et_pb_text][et_pb_divider color=&#8220;#F78F1E&#8220; divider_position=&#8220;center&#8220; divider_weight=&#8220;4px&#8220; _builder_version=&#8220;4.25.2&#8243; _module_preset=&#8220;default&#8220; width=&#8220;80px&#8220; height=&#8220;32px&#8220; custom_margin=&#8220;||0.5rem||false|false&#8220; locked=&#8220;off&#8220; global_colors_info=&#8220;{}&#8220;][\/et_pb_divider][et_pb_text _builder_version=&#8220;4.25.2&#8243; _module_preset=&#8220;default&#8220; text_text_color=&#8220;#FFFFFF&#8220; custom_margin=&#8220;1rem||2rem||false|false&#8220; custom_padding=&#8220;0px|0px|0px|0px|false|false&#8220; global_colors_info=&#8220;{}&#8220;]<\/p>\n<p>Dusch-Toiletten-Rollst\u00fchle f\u00fcr Kinder. Unsere Rollst\u00fchle lassen sich einfach verstellen und an die individuellen Bed\u00fcrfnisse anpassen. Sie wachsen mit Ihrem Kind mit, sodass sie \u00fcber einen l\u00e4ngeren Zeitraum genutzt werden k\u00f6nnen!<\/p>\n<p>[\/et_pb_text][et_pb_button button_url=&#8220;\/de\/product-categorie\/alle-modelle\/kinder\/&#8220; button_text=&#8220;Rollst\u00fchle f\u00fcr Kinder&#8220; _builder_version=&#8220;4.25.2&#8243; _module_preset=&#8220;4aba90d8-64c5-4e94-992b-a2fc0340291a&#8220; global_colors_info=&#8220;{}&#8220;][\/et_pb_button][\/et_pb_column][et_pb_column type=&#8220;1_3&#8243; _builder_version=&#8220;4.25.2&#8243; _module_preset=&#8220;default&#8220; background_color=&#8220;#1C3F94&#8243; custom_padding=&#8220;2rem|2rem|2rem|2rem|false|false&#8220; border_radii=&#8220;off|32px||32px|&#8220; global_colors_info=&#8220;{}&#8220;][et_pb_image src=&#8220;\/wp-content\/uploads\/2024\/06\/Ferry-en-vliegtuig-vooraanzicht-scaled-e1717583757846.jpg&#8220; title_text=&#8220;Ferry en vliegtuig vooraanzicht&#8220; _builder_version=&#8220;4.27.0&#8243; _module_preset=&#8220;default&#8220; height=&#8220;400px&#8220; custom_margin=&#8220;-2rem|-2rem||-2rem|false|false&#8220; custom_css_free_form=&#8220;selector img{||  object-fit:cover;||}&#8220; border_radii=&#8220;off||||&#8220; global_colors_info=&#8220;{}&#8220;][\/et_pb_image][et_pb_text _builder_version=&#8220;4.27.0&#8243; _module_preset=&#8220;default&#8220; text_text_color=&#8220;#FFFFFF&#8220; header_3_text_color=&#8220;#FFFFFF&#8220; custom_margin=&#8220;2rem||0rem||false|false&#8220; custom_padding=&#8220;0px|0px|0px|0px|false|false&#8220; global_colors_info=&#8220;{}&#8220;]<\/p>\n<h3>Rollst\u00fchle f\u00fcr Reisen<\/h3>\n<p>[\/et_pb_text][et_pb_divider color=&#8220;#F78F1E&#8220; divider_position=&#8220;center&#8220; divider_weight=&#8220;4px&#8220; _builder_version=&#8220;4.25.2&#8243; _module_preset=&#8220;default&#8220; width=&#8220;80px&#8220; height=&#8220;32px&#8220; custom_margin=&#8220;||0.5rem||false|false&#8220; locked=&#8220;off&#8220; global_colors_info=&#8220;{}&#8220;][\/et_pb_divider][et_pb_text _builder_version=&#8220;4.25.2&#8243; _module_preset=&#8220;default&#8220; text_text_color=&#8220;#FFFFFF&#8220; custom_margin=&#8220;1rem||2rem||false|false&#8220; custom_padding=&#8220;0px|0px|0px|0px|false|false&#8220; global_colors_info=&#8220;{}&#8220;]<\/p>\n<p>Dusch-Toiletten-Rollst\u00fchle f\u00fcr unterwegs. Ob Sie in den Urlaub fahren, zur Schule oder zur Arbeit reisen \u2013 es sollte keinen zus\u00e4tzlichen Stress verursachen. F\u00fcr unterwegs gibt es kompakte Dusch-Toiletten-Rollst\u00fchle, die sogar in einen Koffer passen!<\/p>\n<p>[\/et_pb_text][et_pb_button button_url=&#8220;\/de\/product-categorie\/alle-modelle\/reise\/&#8220; button_text=&#8220;Rollst\u00fchle f\u00fcr Reisen&#8220; _builder_version=&#8220;4.25.2&#8243; _module_preset=&#8220;4aba90d8-64c5-4e94-992b-a2fc0340291a&#8220; global_colors_info=&#8220;{}&#8220;][\/et_pb_button][\/et_pb_column][\/et_pb_row][\/et_pb_section]<\/p>\n","protected":false},"excerpt":{"rendered":"<p>Duschrollst\u00fchle aus dem Hause Lagooni 100% Qualit\u00e4tsprodukte Made in Holland | Lagooni Duschrollstuhl Angebote und Ma\u00dfanfertigungen g\u00fcnstig bestellen.<\/p>\n","protected":false},"author":9,"featured_media":0,"parent":0,"menu_order":0,"comment_status":"closed","ping_status":"closed","template":"","meta":{"_et_pb_use_builder":"on","_et_pb_old_content":"","_et_gb_content_width":"","footnotes":""},"class_list":["post-13501","page","type-page","status-publish","hentry"],"_links":{"self":[{"href":"https:\/\/www.lagooni.com\/de\/wp-json\/wp\/v2\/pages\/13501","targetHints":{"allow":["GET"]}}],"collection":[{"href":"https:\/\/www.lagooni.com\/de\/wp-json\/wp\/v2\/pages"}],"about":[{"href":"https:\/\/www.lagooni.com\/de\/wp-json\/wp\/v2\/types\/page"}],"author":[{"embeddable":true,"href":"https:\/\/www.lagooni.com\/de\/wp-json\/wp\/v2\/users\/9"}],"replies":[{"embeddable":true,"href":"https:\/\/www.lagooni.com\/de\/wp-json\/wp\/v2\/comments?post=13501"}],"version-history":[{"count":13,"href":"https:\/\/www.lagooni.com\/de\/wp-json\/wp\/v2\/pages\/13501\/revisions"}],"predecessor-version":[{"id":13566,"href":"https:\/\/www.lagooni.com\/de\/wp-json\/wp\/v2\/pages\/13501\/revisions\/13566"}],"wp:attachment":[{"href":"https:\/\/www.lagooni.com\/de\/wp-json\/wp\/v2\/media?parent=13501"}],"curies":[{"name":"wp","href":"https:\/\/api.w.org\/{rel}","templated":true}]}}